{"id":699,"date":"2022-09-06T12:55:05","date_gmt":"2022-09-06T10:55:05","guid":{"rendered":"https:\/\/chefantoniosatrianocasola.com\/?page_id=699"},"modified":"2022-09-15T08:38:44","modified_gmt":"2022-09-15T06:38:44","slug":"pizza-making-class-in-positano","status":"publish","type":"page","link":"https:\/\/chefantoniosatrianocasola.com\/it\/pizza-making-class-in-positano\/","title":{"rendered":"Corso di pizzaiolo a Positano"},"content":{"rendered":"<div class=\"wp-block-stackable-columns stk-block-columns stk-block stk-8321a20\" data-block-id=\"8321a20\"><div class=\"stk-row stk-inner-blocks stk-block-content stk-content-align stk-8321a20-column\">\n<div class=\"wp-block-stackable-column stk-block-column stk-block-column--v2 stk-column stk-block stk-1fb3fd9\" data-block-id=\"1fb3fd9\"><div class=\"stk-column-wrapper stk-block-column__content stk-container stk-1fb3fd9-container stk--no-background stk--no-padding\"><div class=\"stk-block-content stk-inner-blocks stk-1fb3fd9-inner-blocks\">\n<div class=\"wp-block-stackable-columns stk-block-columns stk-block stk-187a10e\" data-block-id=\"187a10e\"><div class=\"stk-row stk-inner-blocks stk-block-content stk-content-align stk-187a10e-column\">\n<div class=\"wp-block-stackable-column stk-block-column stk-block-column--v2 stk-column stk-block stk-0b8694e\" data-block-id=\"0b8694e\"><div class=\"stk-column-wrapper stk-block-column__content stk-container stk-0b8694e-container stk--no-background stk--no-padding\"><div class=\"stk-block-content stk-inner-blocks stk-0b8694e-inner-blocks\">\n<div class=\"wp-block-stackable-columns stk-block-columns stk-block stk-8b8f226\" data-block-id=\"8b8f226\"><div class=\"stk-row stk-inner-blocks stk-block-content stk-content-align stk-8b8f226-column\">\n<div class=\"wp-block-stackable-column stk-block-column stk-block-column--v2 stk-column stk-block stk-a375cfd\" data-block-id=\"a375cfd\"><div class=\"stk-column-wrapper stk-block-column__content stk-container stk-a375cfd-container stk--no-background stk--no-padding\"><div class=\"stk-block-content stk-inner-blocks stk-a375cfd-inner-blocks\">\n<p style=\"font-size:16px\">La pizza \u00e8 senza dubbio la cucina preferita nel mondo e la sua popolarit\u00e0 \u00e8 uno dei fattori che hanno seguito la crescita delle pizzerie nel mondo. \u00c8 tra le cucine che hanno ottenuto consensi in tutto il mondo grazie al suo sapore e alla semplicit\u00e0 di preparazione. Detto questo, \u00e8 fondamentale notare che cuocere la pizza \u00e8 pi\u00f9 difficile di quanto sembri a prima vista. Ci vuole abilit\u00e0 per padroneggiare i movimenti di impastamento e lancio per ottenere la crosta ideale e la conoscenza delle combinazioni di ingredienti ideali per creare una deliziosa guarnizione.<\/p>\n\n\n\n<p style=\"font-size:16px\">La <strong>Corso di pizzaiolo a Positano<\/strong> ti insegna l'arte di preparare la vera pizza fatta a mano. Il corso ti insegner\u00e0 di pi\u00f9 su impasto, combinazioni di sapori, lievitazione dell'impasto e altri metodi utilizzati per creare una pizza artigianale.<\/p>\n\n\n\n<p style=\"font-size:16px\">La pizza \u00e8 ancora discutibile se sia sana o cibo spazzatura, ma a nostro avviso se \u00e8 preparata in vero stile italiano utilizzando i migliori ingredienti freschi e regionali possibili, non c'\u00e8 possibilit\u00e0 che possa essere definita cibo spazzatura. \u00c8 un prodotto artigianale italiano tradizionale, quindi come pu\u00f2 la cucina tradizionale essere orribile come il fast food moderno?<\/p>\n\n\n\n<h2 class=\"has-medium-font-size wp-block-heading\">La pizza fatta in casa \u00e8 in realt\u00e0 abbastanza sana<\/h2>\n\n\n\n<p style=\"font-size:16px\">Ti piace quindi la pizza ma hai anche voglia di vivere uno stile di vita sano. Ecco un piccolo segreto per te: la pizza \u00e8 fondamentalmente abbastanza nutriente. Non ci riferiamo alla pizza surgelata salata e ripiena di conservanti o al pezzo unto della pizzeria del quartiere.<\/p>\n\n\n\n<p style=\"font-size:16px\">\u00c8 salutare di quanto ti aspetteresti di mangiare la pizza fatta in casa, che \u00e8 ci\u00f2 di cui stiamo parlando. La pizza fatta in casa ha una variet\u00e0 di benefici per la salute e puoi preparare una torta di pizza deliziosa e nutriente.<\/p>\n\n\n\n<p style=\"font-size:16px\">Puoi iscriverti a un <strong>Corso di pizzaiolo in Costiera Amalfitana<\/strong>, e acquisire le competenze e le conoscenze sulla preparazione della pizza.<\/p>\n<\/div><\/div><\/div>\n\n\n\n<div class=\"wp-block-stackable-column stk-block-column stk-block-column--v2 stk-column stk-block stk-683b97a\" data-block-id=\"683b97a\"><div class=\"stk-column-wrapper stk-block-column__content stk-container stk-683b97a-container stk--no-background stk--no-padding\"><div class=\"stk-block-content stk-inner-blocks stk-683b97a-inner-blocks\">\n<figure class=\"wp-block-image size-full\"><img loading=\"lazy\" decoding=\"async\" width=\"822\" height=\"1024\" src=\"https:\/\/chefantoniosatrianocasola.com\/wp-content\/uploads\/2022\/07\/WhatsApp-Image-2022-06-09-at-16.58.35-12.jpeg\" alt=\"Pizza Making Class Positano\" class=\"wp-image-449\" srcset=\"https:\/\/chefantoniosatrianocasola.com\/wp-content\/uploads\/2022\/07\/WhatsApp-Image-2022-06-09-at-16.58.35-12.jpeg 822w, https:\/\/chefantoniosatrianocasola.com\/wp-content\/uploads\/2022\/07\/WhatsApp-Image-2022-06-09-at-16.58.35-12-600x747.jpeg 600w, https:\/\/chefantoniosatrianocasola.com\/wp-content\/uploads\/2022\/07\/WhatsApp-Image-2022-06-09-at-16.58.35-12-241x300.jpeg 241w, https:\/\/chefantoniosatrianocasola.com\/wp-content\/uploads\/2022\/07\/WhatsApp-Image-2022-06-09-at-16.58.35-12-768x957.jpeg 768w, https:\/\/chefantoniosatrianocasola.com\/wp-content\/uploads\/2022\/07\/WhatsApp-Image-2022-06-09-at-16.58.35-12-10x12.jpeg 10w\" sizes=\"auto, (max-width: 822px) 100vw, 822px\" \/><\/figure>\n<\/div><\/div><\/div>\n<\/div><\/div>\n<\/div><\/div><\/div>\n<\/div><\/div>\n<\/div><\/div><\/div>\n<\/div><\/div>\n\n\n\n<div class=\"wp-block-stackable-columns stk-block-columns stk-block stk-b73d676\" data-block-id=\"b73d676\"><div class=\"stk-row stk-inner-blocks stk-block-content stk-content-align stk-b73d676-column\">\n<div class=\"wp-block-stackable-column stk-block-column stk-block-column--v2 stk-column stk-block stk-cd5be0d\" data-block-id=\"cd5be0d\"><div class=\"stk-column-wrapper stk-block-column__content stk-container stk-cd5be0d-container stk--no-background stk--no-padding\"><div class=\"stk-block-content stk-inner-blocks stk-cd5be0d-inner-blocks\">\n<h2 class=\"has-medium-font-size wp-block-heading\">Perch\u00e9 iscriversi al corso di pizzaiolo<\/h2>\n\n\n\n<p style=\"font-size:16px\">La pizza pu\u00f2 essere fatta sana come vuoi se impari a prepararla in modo tradizionale con gli ingredienti appropriati. In questo modo, puoi dare alla tua famiglia una prospettiva sana sul cosiddetto cibo spazzatura e allo stesso tempo goderti il trattamento senza sensi di colpa.<\/p>\n\n\n\n<p style=\"font-size:16px\">Verrai introdotto alla gestione dell\u2019impasto, alla sicurezza alimentare e al controllo dei costi oltre a studiare i fondamenti della produzione della pizza a livello di apprendimento imprenditoriale. Non c\u2019\u00e8 dubbio che otterrai molto di pi\u00f9 di quanto ti aspettassi.<\/p>\n\n\n\n<p style=\"font-size:16px\">Se ami la pizza e vuoi goderti le fette sane fatte in casa, unirti a un corso di pizzaiolo sarebbe il modo perfetto per andare.<\/p>\n<\/div><\/div><\/div>\n<\/div><\/div>\n\n\n\n<div class=\"wp-block-stackable-columns stk-block-columns stk-block stk-b66a2db\" data-block-id=\"b66a2db\"><div class=\"stk-row stk-inner-blocks stk-block-content stk-content-align stk-b66a2db-column\">\n<div class=\"wp-block-stackable-column stk-block-column stk-block-column--v2 stk-column stk-block stk-d64e914\" data-block-id=\"d64e914\"><div class=\"stk-column-wrapper stk-block-column__content stk-container stk-d64e914-container stk--no-background stk--no-padding\"><div class=\"stk-block-content stk-inner-blocks stk-d64e914-inner-blocks\">\n<div class=\"wp-block-stackable-subtitle stk-block-subtitle stk-block stk-097e2f4\" data-block-id=\"097e2f4\"><style>.stk-097e2f4{margin-bottom:16px !important}.stk-097e2f4 .stk-block-subtitle__text{font-size:16px !important}@media screen and (max-width:1023px){.stk-097e2f4 .stk-block-subtitle__text{font-size:16px !important}}<\/style><p class=\"stk-block-subtitle__text stk-subtitle\">Vuoi sapere di pi\u00f9?<\/p><\/div>\n\n\n\n<div class=\"wp-block-stackable-heading stk-block-heading stk-block stk-566b383\" id=\"contact-me\" data-block-id=\"566b383\"><style>.stk-566b383 .stk-block-heading__text{font-size:35px !important;margin:0 !important}@media screen and (max-width:1023px){.stk-566b383 .stk-block-heading__text{font-size:35px !important}}<\/style><h2 class=\"stk-block-heading__text\">Contattami<\/h2><\/div>\n\n\n\n<div class=\"wp-block-stackable-text stk-block-text stk-block stk-80ead69\" data-block-id=\"80ead69\"><style>.stk-80ead69 .stk-block-text__text{font-size:18px !important}@media screen and (max-width:1023px){.stk-80ead69 .stk-block-text__text{font-size:18px !important}}<\/style><p class=\"stk-block-text__text\">Compilando il form potrai contattarmi e richiedere tutte le informazioni di cui necessiti! Io provveder\u00f2 a risponderti il prima possibile\u2026 Ti aspetto!<\/p><\/div>\n\n\n\n<p>Telefono:<a href=\"tel:39 3341711330\">39 3341711330<\/a><br>Email \u2013&nbsp;<a href=\"mailto:antoniosatriano94@gmail.com\">antoniosatriano94@gmail.com<\/a><br>Address \u2013 Positano, Amalfi Coast, Italy<\/p>\n<\/div><\/div><\/div>\n\n\n\n<div class=\"wp-block-stackable-column stk-block-column stk-block-column--v2 stk-column stk-block stk-2f02816\" data-block-id=\"2f02816\"><div class=\"stk-column-wrapper stk-block-column__content stk-container stk-2f02816-container stk--no-background stk--no-padding\"><div class=\"stk-block-content stk-inner-blocks stk-2f02816-inner-blocks\"><div class=\"wpforms-container wpforms-container-full\" id=\"wpforms-343\"><form id=\"wpforms-form-343\" class=\"wpforms-validate wpforms-form wpforms-ajax-form\" data-formid=\"343\" method=\"post\" enctype=\"multipart\/form-data\" action=\"\/it\/wp-json\/wp\/v2\/pages\/699\" data-token=\"b5188845e6b4a30a305a1e8a1ea4f162\" data-trp-original-action=\"\/it\/wp-json\/wp\/v2\/pages\/699\"><noscript class=\"wpforms-error-noscript\" data-no-translation=\"\" data-trp-gettext=\"\">Abilita JavaScript nel browser per completare questo modulo.<\/noscript><div class=\"wpforms-field-container\"><div id=\"wpforms-343-field_0-container\" class=\"wpforms-field wpforms-field-name\" data-field-id=\"0\"><label class=\"wpforms-field-label\" for=\"wpforms-343-field_0\">Nome <span class=\"wpforms-required-label\">*<\/span><\/label><div class=\"wpforms-field-row wpforms-field-medium\"><div class=\"wpforms-field-row-block wpforms-first wpforms-one-half\"><input type=\"text\" id=\"wpforms-343-field_0\" class=\"wpforms-field-name-first wpforms-field-required\" name=\"wpforms[fields][0][first]\" required><label for=\"wpforms-343-field_0\" class=\"wpforms-field-sublabel after\" data-no-translation=\"\" data-trp-gettext=\"\">Prima<\/label><\/div><div class=\"wpforms-field-row-block wpforms-one-half\"><input type=\"text\" id=\"wpforms-343-field_0-last\" class=\"wpforms-field-name-last wpforms-field-required\" name=\"wpforms[fields][0][last]\" required><label for=\"wpforms-343-field_0-last\" class=\"wpforms-field-sublabel after\" data-no-translation=\"\" data-trp-gettext=\"\">Scorsa<\/label><\/div><\/div><\/div><div id=\"wpforms-343-field_1-container\" class=\"wpforms-field wpforms-field-email\" data-field-id=\"1\"><label class=\"wpforms-field-label\" for=\"wpforms-343-field_1\">Email <span class=\"wpforms-required-label\">*<\/span><\/label><input type=\"email\" id=\"wpforms-343-field_1\" class=\"wpforms-field-medium wpforms-field-required\" name=\"wpforms[fields][1]\" required><\/div><div id=\"wpforms-343-field_4-container\" class=\"wpforms-field wpforms-field-text\" data-field-id=\"4\"><label class=\"wpforms-field-label\" for=\"wpforms-343-field_4\">Telefono<\/label><input type=\"text\" id=\"wpforms-343-field_4\" class=\"wpforms-field-medium\" name=\"wpforms[fields][4]\" ><\/div><div id=\"wpforms-343-field_5-container\" class=\"wpforms-field wpforms-field-select wpforms-field-select-style-classic\" data-field-id=\"5\"><label class=\"wpforms-field-label\" for=\"wpforms-343-field_5\">Cosa ti interessa? <span class=\"wpforms-required-label\">*<\/span><\/label><select id=\"wpforms-343-field_5\" class=\"wpforms-field-medium wpforms-field-required\" name=\"wpforms[fields][5]\" required=\"required\"><option value=\"Personal Chef\" >Cuoco personale<\/option><option value=\"Gift Card\" >Carta regalo<\/option><option value=\"Cooking Class\" >Corso di cucina<\/option><option value=\"Parties, Events and Ceremonies\" >Feste, Eventi e Cerimonie<\/option><\/select><\/div><div id=\"wpforms-343-field_2-container\" class=\"wpforms-field wpforms-field-textarea\" data-field-id=\"2\"><label class=\"wpforms-field-label\" for=\"wpforms-343-field_2\">Messaggio <span class=\"wpforms-required-label\">*<\/span><\/label><textarea id=\"wpforms-343-field_2\" class=\"wpforms-field-medium wpforms-field-required\" name=\"wpforms[fields][2]\" required><\/textarea><\/div><\/div><div class=\"wpforms-submit-container\"><input type=\"hidden\" name=\"wpforms[id]\" value=\"343\"><input type=\"hidden\" name=\"wpforms[author]\" value=\"1\"><button type=\"submit\" name=\"wpforms[submit]\" id=\"wpforms-submit-343\" class=\"wpforms-submit\" data-alt-text=\"Sending...\" data-submit-text=\"Submit\" aria-live=\"assertive\" value=\"wpforms-submit\">Invia<\/button><img loading=\"lazy\" decoding=\"async\" src=\"https:\/\/chefantoniosatrianocasola.com\/wp-content\/plugins\/wpforms-lite\/assets\/images\/submit-spin.svg\" class=\"wpforms-submit-spinner\" style=\"display: none;\" width=\"26\" height=\"26\" alt=\"Caricamento\" data-no-translation-alt=\"\"><\/div><input type=\"hidden\" name=\"trp-form-language\" value=\"it\"\/><\/form><\/div>  <!-- .wpforms-container --><\/div><\/div><\/div>\n<\/div><\/div>","protected":false},"excerpt":{"rendered":"<p>Pizza is undoubtedly the world&#8217;s favorite cuisine and its popularity is one of the factors following the growth of pizzerias around the world. It is among the cuisines that have gained worldwide acceptance thanks to its flavor and simplicity of preparation. That said, it is vital to note that baking pizza is more difficult than it seems at first glance. It takes skill to master the kneading and tossing motions to achieve the ideal crust and knowledge of the ideal ingredient combinations to create a delicious topping. The pizza making class in Positano teaches you the art of preparing real\u2026<\/p>","protected":false},"author":1,"featured_media":0,"parent":0,"menu_order":0,"comment_status":"closed","ping_status":"closed","template":"","meta":{"pgc_sgb_lightbox_settings":"","footnotes":""},"class_list":["post-699","page","type-page","status-publish","hentry"],"blocksy_meta":{"styles_descriptor":{"styles":{"desktop":"","tablet":"","mobile":""},"google_fonts":[],"version":5}},"featured_image_urls":{"full":"","thumbnail":"","medium":"","medium_large":"","large":"","1536x1536":"","2048x2048":"","trp-custom-language-flag":"","woocommerce_thumbnail":"","woocommerce_single":"","woocommerce_gallery_thumbnail":""},"post_excerpt_stackable":"<p>Pizza is undoubtedly the world&#8217;s favorite cuisine and its popularity is one of the factors following the growth of pizzerias around the world. It is among the cuisines that have gained worldwide acceptance thanks to its flavor and simplicity of preparation. That said, it is vital to note that baking pizza is more difficult than it seems at first glance. It takes skill to master the kneading and tossing motions to achieve the ideal crust and knowledge of the ideal ingredient combinations to create a delicious topping. The pizza making class in Positano teaches you the art of preparing real&hellip;<\/p>\n","category_list":"","author_info":{"name":"Satriano99","url":"https:\/\/chefantoniosatrianocasola.com\/it\/author\/satriano99\/"},"comments_num":"0 commenti","_links":{"self":[{"href":"https:\/\/chefantoniosatrianocasola.com\/it\/wp-json\/wp\/v2\/pages\/699","targetHints":{"allow":["GET"]}}],"collection":[{"href":"https:\/\/chefantoniosatrianocasola.com\/it\/wp-json\/wp\/v2\/pages"}],"about":[{"href":"https:\/\/chefantoniosatrianocasola.com\/it\/wp-json\/wp\/v2\/types\/page"}],"author":[{"embeddable":true,"href":"https:\/\/chefantoniosatrianocasola.com\/it\/wp-json\/wp\/v2\/users\/1"}],"replies":[{"embeddable":true,"href":"https:\/\/chefantoniosatrianocasola.com\/it\/wp-json\/wp\/v2\/comments?post=699"}],"version-history":[{"count":8,"href":"https:\/\/chefantoniosatrianocasola.com\/it\/wp-json\/wp\/v2\/pages\/699\/revisions"}],"predecessor-version":[{"id":908,"href":"https:\/\/chefantoniosatrianocasola.com\/it\/wp-json\/wp\/v2\/pages\/699\/revisions\/908"}],"wp:attachment":[{"href":"https:\/\/chefantoniosatrianocasola.com\/it\/wp-json\/wp\/v2\/media?parent=699"}],"curies":[{"name":"wp","href":"https:\/\/api.w.org\/{rel}","templated":true}]}}