{"id":691,"date":"2022-09-06T12:36:23","date_gmt":"2022-09-06T10:36:23","guid":{"rendered":"https:\/\/chefantoniosatrianocasola.com\/?page_id=691"},"modified":"2022-09-15T08:50:11","modified_gmt":"2022-09-15T06:50:11","slug":"pasta-making-class-in-positano","status":"publish","type":"page","link":"https:\/\/chefantoniosatrianocasola.com\/it\/pasta-making-class-in-positano\/","title":{"rendered":"Corso di pasta a Positano"},"content":{"rendered":"<div class=\"wp-block-stackable-columns stk-block-columns stk-block stk-6be986b\" data-block-id=\"6be986b\"><div class=\"stk-row stk-inner-blocks stk-block-content stk-content-align stk-6be986b-column\">\n<div class=\"wp-block-stackable-column stk-block-column stk-block-column--v2 stk-column stk-block stk-1f3bc78\" data-block-id=\"1f3bc78\"><div class=\"stk-column-wrapper stk-block-column__content stk-container stk-1f3bc78-container stk--no-background stk--no-padding\"><div class=\"stk-block-content stk-inner-blocks stk-1f3bc78-inner-blocks\">\n<p style=\"font-size:16px\">Quando inizi a fare la pasta fatta in casa per la prima volta, pu\u00f2 sembrare spaventoso, ma dopo un po' di pratica scoprirai che non \u00e8 complicato. La pasta cotta da zero vale assolutamente la fatica e il tempo necessario per prepararla. Dai ricompense? L'impasto perfetto render\u00e0 i tuoi piatti pi\u00f9 gustosi. \u00c8 delicato e gustoso con una consistenza morbida con sapori ricchi.<\/p>\n\n\n\n<p style=\"font-size:16px\">Milioni di persone in tutto il mondo scelgono la pasta come piatto di conforto. La semplicit\u00e0 con cui si possono preparare i primi piatti \u00e8 uno degli appelli chiave. Puoi iscriverti <strong>Corso di pasta a Positano<\/strong> e diventa un abile cuoco e servi ai tuoi cari i primi piatti pi\u00f9 sfiziosi.<\/p>\n\n\n\n<h2 class=\"has-medium-font-size wp-block-heading\">Corso di pasta in Costiera Amalfitana<\/h2>\n\n\n\n<p style=\"font-size:16px\">Potrebbe valerne la pena, sia che tu stia facendo la pasta da solo o con un partner, solo a beneficio della tua salute mentale. Molte persone scoprono che cucinare li aiuta a rilassarsi, sentirsi realizzati e concentrarsi su una cosa in particolare. Preparare i tuoi spaghetti potrebbe sicuramente aiutarti a schiarirti la mente se trovi del tempo libero nel fine settimana.<\/p>\n<\/div><\/div><\/div>\n\n\n\n<div class=\"wp-block-stackable-column stk-block-column stk-block-column--v2 stk-column stk-block stk-fdb91a0\" data-block-id=\"fdb91a0\"><div class=\"stk-column-wrapper stk-block-column__content stk-container stk-fdb91a0-container stk--no-background stk--no-padding\"><div class=\"stk-block-content stk-inner-blocks stk-fdb91a0-inner-blocks\">\n<figure class=\"wp-block-image size-full\"><img loading=\"lazy\" decoding=\"async\" width=\"1024\" height=\"768\" src=\"https:\/\/chefantoniosatrianocasola.com\/wp-content\/uploads\/2022\/07\/WhatsApp-Image-2022-06-09-at-16.58.36-3.jpeg\" alt=\"Pasta Making Class Positano\" class=\"wp-image-456\" srcset=\"https:\/\/chefantoniosatrianocasola.com\/wp-content\/uploads\/2022\/07\/WhatsApp-Image-2022-06-09-at-16.58.36-3.jpeg 1024w, https:\/\/chefantoniosatrianocasola.com\/wp-content\/uploads\/2022\/07\/WhatsApp-Image-2022-06-09-at-16.58.36-3-600x450.jpeg 600w, https:\/\/chefantoniosatrianocasola.com\/wp-content\/uploads\/2022\/07\/WhatsApp-Image-2022-06-09-at-16.58.36-3-300x225.jpeg 300w, https:\/\/chefantoniosatrianocasola.com\/wp-content\/uploads\/2022\/07\/WhatsApp-Image-2022-06-09-at-16.58.36-3-768x576.jpeg 768w, https:\/\/chefantoniosatrianocasola.com\/wp-content\/uploads\/2022\/07\/WhatsApp-Image-2022-06-09-at-16.58.36-3-16x12.jpeg 16w\" sizes=\"auto, (max-width: 1024px) 100vw, 1024px\" \/><\/figure>\n<\/div><\/div><\/div>\n<\/div><\/div>\n\n\n\n<div class=\"wp-block-stackable-columns stk-block-columns stk-block stk-36de455\" data-block-id=\"36de455\"><div class=\"stk-row stk-inner-blocks stk-block-content stk-content-align stk-36de455-column\">\n<div class=\"wp-block-stackable-column stk-block-column stk-block-column--v2 stk-column stk-block stk-31f7656\" data-block-id=\"31f7656\"><div class=\"stk-column-wrapper stk-block-column__content stk-container stk-31f7656-container stk--no-background stk--no-padding\"><div class=\"stk-block-content stk-inner-blocks stk-31f7656-inner-blocks\">\n<p>Se volete preparare dei primi sfiziosi, potete partecipare ad un <strong>Corso di pasta in Costiera Amalfitana<\/strong>. In questo modo imparerai di pi\u00f9 sulle abilit\u00e0 di cucinare la pasta e migliorerai le tue conoscenze.<\/p>\n\n\n\n<h2 class=\"has-medium-font-size wp-block-heading\">Il cibo preparato da zero \u00e8 superiore<\/h2>\n\n\n\n<p style=\"font-size:16px\">Usando ingredienti freschi e sani per fare la tua pasta, farai bene al tuo corpo. Usando la tua farina senza glutine preferita, puoi assicurarti che il prodotto finale sar\u00e0 molto pi\u00f9 denso di sostanze nutritive. Promettiamo che la pasta avr\u00e0 un sapore molto migliore rispetto alle variet\u00e0 acquistate in negozio, indipendentemente dagli ingredienti che scegli.<\/p>\n<\/div><\/div><\/div>\n<\/div><\/div>\n\n\n\n<div class=\"wp-block-stackable-columns stk-block-columns stk-block stk-c05a4ac\" data-block-id=\"c05a4ac\"><div class=\"stk-row stk-inner-blocks stk-block-content stk-content-align stk-c05a4ac-column\">\n<div class=\"wp-block-stackable-column stk-block-column stk-block-column--v2 stk-column stk-block stk-53ef2fe\" data-block-id=\"53ef2fe\"><div class=\"stk-column-wrapper stk-block-column__content stk-container stk-53ef2fe-container stk--no-background stk--no-padding\"><div class=\"stk-block-content stk-inner-blocks stk-53ef2fe-inner-blocks\">\n<figure class=\"wp-block-image size-full\"><img loading=\"lazy\" decoding=\"async\" width=\"1024\" height=\"768\" src=\"https:\/\/chefantoniosatrianocasola.com\/wp-content\/uploads\/2022\/07\/WhatsApp-Image-2022-06-09-at-16.58.36-5.jpeg\" alt=\"Pasta Making Class Amalfi Coast\" class=\"wp-image-458\" srcset=\"https:\/\/chefantoniosatrianocasola.com\/wp-content\/uploads\/2022\/07\/WhatsApp-Image-2022-06-09-at-16.58.36-5.jpeg 1024w, https:\/\/chefantoniosatrianocasola.com\/wp-content\/uploads\/2022\/07\/WhatsApp-Image-2022-06-09-at-16.58.36-5-600x450.jpeg 600w, https:\/\/chefantoniosatrianocasola.com\/wp-content\/uploads\/2022\/07\/WhatsApp-Image-2022-06-09-at-16.58.36-5-300x225.jpeg 300w, https:\/\/chefantoniosatrianocasola.com\/wp-content\/uploads\/2022\/07\/WhatsApp-Image-2022-06-09-at-16.58.36-5-768x576.jpeg 768w, https:\/\/chefantoniosatrianocasola.com\/wp-content\/uploads\/2022\/07\/WhatsApp-Image-2022-06-09-at-16.58.36-5-16x12.jpeg 16w\" sizes=\"auto, (max-width: 1024px) 100vw, 1024px\" \/><\/figure>\n<\/div><\/div><\/div>\n\n\n\n<div class=\"wp-block-stackable-column stk-block-column stk-block-column--v2 stk-column stk-block stk-3ecf25f\" data-block-id=\"3ecf25f\"><div class=\"stk-column-wrapper stk-block-column__content stk-container stk-3ecf25f-container stk--no-background stk--no-padding\"><div class=\"stk-block-content stk-inner-blocks stk-3ecf25f-inner-blocks\">\n<h2 class=\"has-medium-font-size wp-block-heading\">In realt\u00e0, \u00e8 richiesto poco lavoro<\/h2>\n\n\n\n<p style=\"font-size:16px\">In realt\u00e0, ci vuole pochissimo tempo o fatica per fare la pasta da zero. Fare la pasta fatta in casa richiede tempo, anche se se sei di fretta puoi montarne un po\u2019 in cinque minuti. Questo dipende da quanto vorresti che fosse sfiziosa e gustosa la tua pasta. Nemmeno una macchina per la pasta \u00e8 necessaria. Usando le mani, impasta semplicemente gli ingredienti per realizzare qualsiasi forma di pasta tu scelga.<\/p>\n\n\n\n<h2 class=\"has-medium-font-size wp-block-heading\">Usa meno salsa<\/h2>\n\n\n\n<p style=\"font-size:16px\">I sughi per pasta precotti contengono spesso quantit\u00e0 eccessive di sale e zucchero, il che diminuisce il valore nutritivo complessivo del piatto. Ma se fai una pasta fresca meravigliosa, non dovrai coprirla con il sugo perch\u00e9 amerai il gusto della pasta da sola. La pasta fatta in casa \u00e8 ottima con un filo d'olio extravergine d'oliva, aglio, burro e salvia, soprattutto quando si tratta di pasta ripiena.<\/p>\n<\/div><\/div><\/div>\n<\/div><\/div>\n\n\n\n<div class=\"wp-block-stackable-columns stk-block-columns stk-block stk-5641925\" data-block-id=\"5641925\"><div class=\"stk-row stk-inner-blocks stk-block-content stk-content-align stk-5641925-column\">\n<div class=\"wp-block-stackable-column stk-block-column stk-block-column--v2 stk-column stk-block stk-07aef90\" data-block-id=\"07aef90\"><div class=\"stk-column-wrapper stk-block-column__content stk-container stk-07aef90-container stk--no-background stk--no-padding\"><div class=\"stk-block-content stk-inner-blocks stk-07aef90-inner-blocks\"><\/div><\/div><\/div>\n\n\n\n<div class=\"wp-block-stackable-column stk-block-column stk-block-column--v2 stk-column stk-block stk-b4fe55f\" data-block-id=\"b4fe55f\"><div class=\"stk-column-wrapper stk-block-column__content stk-container stk-b4fe55f-container stk--no-background stk--no-padding\"><div class=\"stk-block-content stk-inner-blocks stk-b4fe55f-inner-blocks\"><\/div><\/div><\/div>\n<\/div><\/div>\n\n\n\n<div class=\"wp-block-stackable-columns stk-block-columns stk-block stk-fb410f1\" data-block-id=\"fb410f1\"><div class=\"stk-row stk-inner-blocks stk-block-content stk-content-align stk-fb410f1-column\">\n<div class=\"wp-block-stackable-column stk-block-column stk-block-column--v2 stk-column stk-block stk-fdbec0f\" data-block-id=\"fdbec0f\"><div class=\"stk-column-wrapper stk-block-column__content stk-container stk-fdbec0f-container stk--no-background stk--no-padding\"><div class=\"stk-block-content stk-inner-blocks stk-fdbec0f-inner-blocks\">\n<div class=\"wp-block-stackable-subtitle stk-block-subtitle stk-block stk-fcf4c81\" data-block-id=\"fcf4c81\"><style>.stk-fcf4c81{margin-bottom:16px !important}.stk-fcf4c81 .stk-block-subtitle__text{font-size:16px !important}@media screen and (max-width:1023px){.stk-fcf4c81 .stk-block-subtitle__text{font-size:16px !important}}<\/style><p class=\"stk-block-subtitle__text stk-subtitle\">Vuoi sapere di pi\u00f9?<\/p><\/div>\n\n\n\n<div class=\"wp-block-stackable-heading stk-block-heading stk-block stk-ba1157d\" id=\"contact-me\" data-block-id=\"ba1157d\"><style>.stk-ba1157d .stk-block-heading__text{margin:0 !important}<\/style><h2 class=\"stk-block-heading__text\">Contattami<\/h2><\/div>\n\n\n\n<div class=\"wp-block-stackable-text stk-block-text stk-block stk-333f0ee\" data-block-id=\"333f0ee\"><style>.stk-333f0ee .stk-block-text__text{font-size:18px !important}@media screen and (max-width:1023px){.stk-333f0ee .stk-block-text__text{font-size:18px !important}}<\/style><p class=\"stk-block-text__text\">Compilando il form potrai contattarmi e richiedere tutte le informazioni di cui necessiti! Io provveder\u00f2 a risponderti il prima possibile\u2026 Ti aspetto!<\/p><\/div>\n\n\n\n<p>Telefono:<a href=\"tel:39 3341711330\">39 3341711330<\/a><br>Email \u2013&nbsp;<a href=\"mailto:antoniosatriano94@gmail.com\">antoniosatriano94@gmail.com<\/a><br>Address \u2013 Positano, Amalfi Coast, Italy<\/p>\n<\/div><\/div><\/div>\n\n\n\n<div class=\"wp-block-stackable-column stk-block-column stk-block-column--v2 stk-column stk-block stk-d688b27\" data-block-id=\"d688b27\"><div class=\"stk-column-wrapper stk-block-column__content stk-container stk-d688b27-container stk--no-background stk--no-padding\"><div class=\"stk-block-content stk-inner-blocks stk-d688b27-inner-blocks\"><div class=\"wpforms-container wpforms-container-full\" id=\"wpforms-343\"><form id=\"wpforms-form-343\" class=\"wpforms-validate wpforms-form wpforms-ajax-form\" data-formid=\"343\" method=\"post\" enctype=\"multipart\/form-data\" action=\"\/it\/wp-json\/wp\/v2\/pages\/691\" data-token=\"b5188845e6b4a30a305a1e8a1ea4f162\" data-trp-original-action=\"\/it\/wp-json\/wp\/v2\/pages\/691\"><noscript class=\"wpforms-error-noscript\" data-no-translation=\"\" data-trp-gettext=\"\">Abilita JavaScript nel browser per completare questo modulo.<\/noscript><div class=\"wpforms-field-container\"><div id=\"wpforms-343-field_0-container\" class=\"wpforms-field wpforms-field-name\" data-field-id=\"0\"><label class=\"wpforms-field-label\" for=\"wpforms-343-field_0\">Nome <span class=\"wpforms-required-label\">*<\/span><\/label><div class=\"wpforms-field-row wpforms-field-medium\"><div class=\"wpforms-field-row-block wpforms-first wpforms-one-half\"><input type=\"text\" id=\"wpforms-343-field_0\" class=\"wpforms-field-name-first wpforms-field-required\" name=\"wpforms[fields][0][first]\" required><label for=\"wpforms-343-field_0\" class=\"wpforms-field-sublabel after\" data-no-translation=\"\" data-trp-gettext=\"\">Prima<\/label><\/div><div class=\"wpforms-field-row-block wpforms-one-half\"><input type=\"text\" id=\"wpforms-343-field_0-last\" class=\"wpforms-field-name-last wpforms-field-required\" name=\"wpforms[fields][0][last]\" required><label for=\"wpforms-343-field_0-last\" class=\"wpforms-field-sublabel after\" data-no-translation=\"\" data-trp-gettext=\"\">Scorsa<\/label><\/div><\/div><\/div><div id=\"wpforms-343-field_1-container\" class=\"wpforms-field wpforms-field-email\" data-field-id=\"1\"><label class=\"wpforms-field-label\" for=\"wpforms-343-field_1\">Email <span class=\"wpforms-required-label\">*<\/span><\/label><input type=\"email\" id=\"wpforms-343-field_1\" class=\"wpforms-field-medium wpforms-field-required\" name=\"wpforms[fields][1]\" required><\/div><div id=\"wpforms-343-field_4-container\" class=\"wpforms-field wpforms-field-text\" data-field-id=\"4\"><label class=\"wpforms-field-label\" for=\"wpforms-343-field_4\">Telefono<\/label><input type=\"text\" id=\"wpforms-343-field_4\" class=\"wpforms-field-medium\" name=\"wpforms[fields][4]\" ><\/div><div id=\"wpforms-343-field_5-container\" class=\"wpforms-field wpforms-field-select wpforms-field-select-style-classic\" data-field-id=\"5\"><label class=\"wpforms-field-label\" for=\"wpforms-343-field_5\">Cosa ti interessa? <span class=\"wpforms-required-label\">*<\/span><\/label><select id=\"wpforms-343-field_5\" class=\"wpforms-field-medium wpforms-field-required\" name=\"wpforms[fields][5]\" required=\"required\"><option value=\"Personal Chef\" >Cuoco personale<\/option><option value=\"Gift Card\" >Carta regalo<\/option><option value=\"Cooking Class\" >Corso di cucina<\/option><option value=\"Parties, Events and Ceremonies\" >Feste, Eventi e Cerimonie<\/option><\/select><\/div><div id=\"wpforms-343-field_2-container\" class=\"wpforms-field wpforms-field-textarea\" data-field-id=\"2\"><label class=\"wpforms-field-label\" for=\"wpforms-343-field_2\">Messaggio <span class=\"wpforms-required-label\">*<\/span><\/label><textarea id=\"wpforms-343-field_2\" class=\"wpforms-field-medium wpforms-field-required\" name=\"wpforms[fields][2]\" required><\/textarea><\/div><\/div><div class=\"wpforms-submit-container\"><input type=\"hidden\" name=\"wpforms[id]\" value=\"343\"><input type=\"hidden\" name=\"wpforms[author]\" value=\"1\"><button type=\"submit\" name=\"wpforms[submit]\" id=\"wpforms-submit-343\" class=\"wpforms-submit\" data-alt-text=\"Sending...\" data-submit-text=\"Submit\" aria-live=\"assertive\" value=\"wpforms-submit\">Invia<\/button><img loading=\"lazy\" decoding=\"async\" src=\"https:\/\/chefantoniosatrianocasola.com\/wp-content\/plugins\/wpforms-lite\/assets\/images\/submit-spin.svg\" class=\"wpforms-submit-spinner\" style=\"display: none;\" width=\"26\" height=\"26\" alt=\"Caricamento\" data-no-translation-alt=\"\"><\/div><input type=\"hidden\" name=\"trp-form-language\" value=\"it\"\/><\/form><\/div>  <!-- .wpforms-container --><\/div><\/div><\/div>\n<\/div><\/div>","protected":false},"excerpt":{"rendered":"<p>When you first start making homemade pasta, it may seem scary, but after a little practice, you will find that it is not complicated. Pasta cooked from scratch is absolutely worth the effort and time it takes to prepare it. Do you give rewards? The perfect dough will make your dishes tastier. It is delicate and tasty with a smooth texture with rich flavors. Millions of people around the world choose pasta as a comfort dish. The simplicity with which the first courses can be prepared is one of the key appeals. You can enroll in pasta making class in\u2026<\/p>","protected":false},"author":1,"featured_media":0,"parent":0,"menu_order":0,"comment_status":"closed","ping_status":"closed","template":"","meta":{"pgc_sgb_lightbox_settings":"","footnotes":""},"class_list":["post-691","page","type-page","status-publish","hentry"],"blocksy_meta":{"styles_descriptor":{"styles":{"desktop":"","tablet":"","mobile":""},"google_fonts":[],"version":5}},"featured_image_urls":{"full":"","thumbnail":"","medium":"","medium_large":"","large":"","1536x1536":"","2048x2048":"","trp-custom-language-flag":"","woocommerce_thumbnail":"","woocommerce_single":"","woocommerce_gallery_thumbnail":""},"post_excerpt_stackable":"<p>When you first start making homemade pasta, it may seem scary, but after a little practice, you will find that it is not complicated. Pasta cooked from scratch is absolutely worth the effort and time it takes to prepare it. Do you give rewards? The perfect dough will make your dishes tastier. It is delicate and tasty with a smooth texture with rich flavors. Millions of people around the world choose pasta as a comfort dish. The simplicity with which the first courses can be prepared is one of the key appeals. You can enroll in pasta making class in&hellip;<\/p>\n","category_list":"","author_info":{"name":"Satriano99","url":"https:\/\/chefantoniosatrianocasola.com\/it\/author\/satriano99\/"},"comments_num":"0 commenti","_links":{"self":[{"href":"https:\/\/chefantoniosatrianocasola.com\/it\/wp-json\/wp\/v2\/pages\/691","targetHints":{"allow":["GET"]}}],"collection":[{"href":"https:\/\/chefantoniosatrianocasola.com\/it\/wp-json\/wp\/v2\/pages"}],"about":[{"href":"https:\/\/chefantoniosatrianocasola.com\/it\/wp-json\/wp\/v2\/types\/page"}],"author":[{"embeddable":true,"href":"https:\/\/chefantoniosatrianocasola.com\/it\/wp-json\/wp\/v2\/users\/1"}],"replies":[{"embeddable":true,"href":"https:\/\/chefantoniosatrianocasola.com\/it\/wp-json\/wp\/v2\/comments?post=691"}],"version-history":[{"count":11,"href":"https:\/\/chefantoniosatrianocasola.com\/it\/wp-json\/wp\/v2\/pages\/691\/revisions"}],"predecessor-version":[{"id":911,"href":"https:\/\/chefantoniosatrianocasola.com\/it\/wp-json\/wp\/v2\/pages\/691\/revisions\/911"}],"wp:attachment":[{"href":"https:\/\/chefantoniosatrianocasola.com\/it\/wp-json\/wp\/v2\/media?parent=691"}],"curies":[{"name":"wp","href":"https:\/\/api.w.org\/{rel}","templated":true}]}}