{"id":652,"date":"2022-09-06T08:37:53","date_gmt":"2022-09-06T06:37:53","guid":{"rendered":"https:\/\/chefantoniosatrianocasola.com\/?page_id=652"},"modified":"2022-11-11T09:25:42","modified_gmt":"2022-11-11T08:25:42","slug":"amalfi-coast-cooking-classes","status":"publish","type":"page","link":"https:\/\/chefantoniosatrianocasola.com\/it\/amalfi-coast-cooking-classes\/","title":{"rendered":"Corsi di cucina in Costiera Amalfitana"},"content":{"rendered":"<div class=\"wp-block-stackable-columns stk-block-columns stk-block stk-12528df\" data-block-id=\"12528df\"><div class=\"stk-row stk-inner-blocks stk-block-content stk-content-align stk-12528df-column\">\n<div class=\"wp-block-stackable-column stk-block-column stk-block-column--v2 stk-column stk-block stk-412996a\" data-block-id=\"412996a\"><div class=\"stk-column-wrapper stk-block-column__content stk-container stk-412996a-container stk--no-background stk--no-padding\"><div class=\"stk-block-content stk-inner-blocks stk-412996a-inner-blocks\">\n<p style=\"font-size:16px\">\u00c8 un'ottima idea prendere lezioni di cucina, in particolare se vuoi aumentare le tue conoscenze e abilit\u00e0 culinarie. Le lezioni di cucina sono corsi dal ritmo veloce con l'obiettivo di fornire agli studenti conoscenze ed esperienze pratiche in aspetti particolari della preparazione, presentazione e apprezzamento del cibo.<\/p>\n\n\n\n<p style=\"font-size:16px\">Potremmo tutti iscriverci a <strong>corso di cucina in Costiera Amalfitana<\/strong> Per diverse ragioni. Alcuni individui vogliono sviluppare le loro abilit\u00e0 culinarie per la famiglia, altri amano acquisire conoscenze per un lavoro redditizio o un'attivit\u00e0 futura. Tuttavia, altri vogliono solo divertirsi. Qualunque sia la tua motivazione, non c'\u00e8 dubbio che alla fine otterrai qualcosa.<\/p>\n\n\n\n<h2 class=\"has-medium-font-size wp-block-heading\">Cooking Casses On Amalfi Coast<\/h2>\n\n\n\n<p style=\"font-size:16px\">You can learn more about your kitchen and all its appliances by attending <strong>private cooking classes on Amalfi Coast, Italy<\/strong>. Immagina di tagliare e cuocere correttamente il pollo per la prima volta, o addirittura di cuocere deliziosi pasticcini e torte.<\/p>\n<\/div><\/div><\/div>\n\n\n\n<div class=\"wp-block-stackable-column stk-block-column stk-block-column--v2 stk-column stk-block stk-c05b0a6\" data-block-id=\"c05b0a6\"><div class=\"stk-column-wrapper stk-block-column__content stk-container stk-c05b0a6-container stk--no-background stk--no-padding\"><div class=\"stk-block-content stk-inner-blocks stk-c05b0a6-inner-blocks\">\n<figure class=\"wp-block-image size-full\"><img loading=\"lazy\" decoding=\"async\" width=\"1024\" height=\"768\" src=\"https:\/\/chefantoniosatrianocasola.com\/wp-content\/uploads\/2022\/07\/WhatsApp-Image-2022-06-09-at-16.58.36-1.jpeg\" alt=\"Amalfi Coast Cooking Classes\" class=\"wp-image-454\" srcset=\"https:\/\/chefantoniosatrianocasola.com\/wp-content\/uploads\/2022\/07\/WhatsApp-Image-2022-06-09-at-16.58.36-1.jpeg 1024w, https:\/\/chefantoniosatrianocasola.com\/wp-content\/uploads\/2022\/07\/WhatsApp-Image-2022-06-09-at-16.58.36-1-600x450.jpeg 600w, https:\/\/chefantoniosatrianocasola.com\/wp-content\/uploads\/2022\/07\/WhatsApp-Image-2022-06-09-at-16.58.36-1-300x225.jpeg 300w, https:\/\/chefantoniosatrianocasola.com\/wp-content\/uploads\/2022\/07\/WhatsApp-Image-2022-06-09-at-16.58.36-1-768x576.jpeg 768w, https:\/\/chefantoniosatrianocasola.com\/wp-content\/uploads\/2022\/07\/WhatsApp-Image-2022-06-09-at-16.58.36-1-16x12.jpeg 16w\" sizes=\"auto, (max-width: 1024px) 100vw, 1024px\" \/><\/figure>\n<\/div><\/div><\/div>\n<\/div><\/div>\n\n\n\n<div class=\"wp-block-stackable-columns stk-block-columns stk-block stk-eeb0c12\" data-block-id=\"eeb0c12\"><div class=\"stk-row stk-inner-blocks stk-block-content stk-content-align stk-eeb0c12-column\">\n<div class=\"wp-block-stackable-column stk-block-column stk-block-column--v2 stk-column stk-block stk-c9d264b\" data-block-id=\"c9d264b\"><div class=\"stk-column-wrapper stk-block-column__content stk-container stk-c9d264b-container stk--no-background stk--no-padding\"><div class=\"stk-block-content stk-inner-blocks stk-c9d264b-inner-blocks\">\n<figure class=\"wp-block-image size-full\"><img loading=\"lazy\" decoding=\"async\" width=\"822\" height=\"1024\" src=\"https:\/\/chefantoniosatrianocasola.com\/wp-content\/uploads\/2022\/07\/WhatsApp-Image-2022-06-09-at-16.56.17-7.jpeg\" alt=\"Cooking Class Amalfi Coast\" class=\"wp-image-426\" srcset=\"https:\/\/chefantoniosatrianocasola.com\/wp-content\/uploads\/2022\/07\/WhatsApp-Image-2022-06-09-at-16.56.17-7.jpeg 822w, https:\/\/chefantoniosatrianocasola.com\/wp-content\/uploads\/2022\/07\/WhatsApp-Image-2022-06-09-at-16.56.17-7-600x747.jpeg 600w, https:\/\/chefantoniosatrianocasola.com\/wp-content\/uploads\/2022\/07\/WhatsApp-Image-2022-06-09-at-16.56.17-7-241x300.jpeg 241w, https:\/\/chefantoniosatrianocasola.com\/wp-content\/uploads\/2022\/07\/WhatsApp-Image-2022-06-09-at-16.56.17-7-768x957.jpeg 768w, https:\/\/chefantoniosatrianocasola.com\/wp-content\/uploads\/2022\/07\/WhatsApp-Image-2022-06-09-at-16.56.17-7-10x12.jpeg 10w\" sizes=\"auto, (max-width: 822px) 100vw, 822px\" \/><\/figure>\n<\/div><\/div><\/div>\n\n\n\n<div class=\"wp-block-stackable-column stk-block-column stk-block-column--v2 stk-column stk-block stk-0c1f42f\" data-block-id=\"0c1f42f\"><div class=\"stk-column-wrapper stk-block-column__content stk-container stk-0c1f42f-container stk--no-background stk--no-padding\"><div class=\"stk-block-content stk-inner-blocks stk-0c1f42f-inner-blocks\">\n<h2 class=\"has-medium-font-size wp-block-heading\">Migliora le tue abilit\u00e0 culinarie<\/h2>\n\n\n\n<p style=\"font-size:16px\">Anche coloro che sono cuochi esperti possono ancora migliorare. Cerca di considerare tutti i risultati positivi che potrebbero sorgere in termini di sviluppo dei tuoi talenti se non sei in grado di cucinare. Ci sono innumerevoli opzioni.<\/p>\n\n\n\n<p style=\"font-size:16px\">Imparerai a cucinare e senza dubbio diventerai un cuoco migliore se ti iscrivi a corsi di cucina. Non \u00e8 soddisfacente riuscire a preparare almeno 5-10 piatti in pi\u00f9 del solito?<\/p>\n\n\n\n<h2 class=\"has-medium-font-size wp-block-heading\">Incoraggiare l'autostima<\/h2>\n\n\n\n<p>Una delle caratteristiche essenziali delle persone di successo \u00e8 l\u2019elevata autostima. Una volta che inizi a credere in te stesso, praticamente tutto \u00e8 possibile.<\/p>\n\n\n\n<p style=\"font-size:16px\">Potresti dimenticare tutto il caos che hai creato prima in cucina prendendo un <strong>corso privato di cucina italiana classica ad Amalfi<\/strong>. Funziona come un GPS o una mappa per guidarti sul percorso corretto. Sapere dove sei diretto ti d\u00e0 completa sicurezza per eseguire le azioni o le procedure richieste.<\/p>\n\n\n\n<h2 class=\"has-medium-font-size wp-block-heading\">Promuovere la consapevolezza culturale<\/h2>\n\n\n\n<p style=\"font-size:16px\">Lavorare con cucine diverse \u00e8 un compito comune nelle scuole. Inoltre, il tuo compagno studente potrebbe occasionalmente avere un contesto culturale distinto. Puoi scoprire molto sulle altre culture parlando con i tuoi coetanei e assorbendo tutto il materiale che viene offerto.<\/p>\n<\/div><\/div><\/div>\n<\/div><\/div>\n\n\n\n<div class=\"wp-block-stackable-columns stk-block-columns stk-block stk-54e0cdd\" data-block-id=\"54e0cdd\"><style>.stk-54e0cdd{margin-bottom:0px !important}<\/style><div class=\"stk-row stk-inner-blocks stk-block-content stk-content-align stk-54e0cdd-column\">\n<div class=\"wp-block-stackable-column stk-block-column stk-block-column--v2 stk-column stk-block stk-fd62351\" data-block-id=\"fd62351\"><div class=\"stk-column-wrapper stk-block-column__content stk-container stk-fd62351-container stk--no-background stk--no-padding\"><div class=\"stk-block-content stk-inner-blocks stk-fd62351-inner-blocks\">\n<h2 class=\"wp-block-heading\" style=\"font-size:30px\">Inizia una carriera in cucina<\/h2>\n\n\n\n<p style=\"font-size:16px\">Sei tra le persone che volevano fare lo chef ma per qualche motivo hanno scelto di andare in una direzione diversa? La tua ambizione interiore di aprire un ristorante o diventare uno chef sta ancora bruciando?<\/p>\n\n\n\n<p style=\"font-size:16px\">Frequentare vari corsi di cucina \u00e8 l\u2019approccio pi\u00f9 semplice per esercitare una professione nelle arti culinarie. Questo amplier\u00e0 la tua prospettiva e ti aiuter\u00e0 a formare aspettative. Inoltre, questo ti aiuter\u00e0 a determinare se vuoi ancora iscriverti a una scuola di cucina formale in futuro.<\/p>\n<\/div><\/div><\/div>\n<\/div><\/div>\n\n\n\n<p>Le lezioni di cucina private possono essere molto divertenti. Chi non vorrebbe acquisire le capacit\u00e0 di un personal chef in cucina? La cosa pi\u00f9 bella da fare \u00e8 imparare alcuni dei segreti dallo chef Antonio Satriano Casola. \u00c8 una delle cose migliori da apprezzare. \u00c8 come avere sempre accesso al cibo preparato dallo chef! La cucina casalinga ti aiuter\u00e0 a sviluppare abilit\u00e0 che non sapevi di avere. Inizi imparando i modi corretti per misurare, pesare e stimare. Facendo lavorare insieme tutti i membri della famiglia attraverso i processi di cottura, si crea un'atmosfera divertente a casa. Di conseguenza si sentiranno come se avessero contribuito a creare una cena meravigliosa. Anche i bambini potrebbero diventare entusiasti della cucina di conseguenza. Con il <strong>migliori corsi di cucina in Costiera Amalfitana<\/strong>, molto probabilmente la tua cucina ti stupir\u00e0 per quanto sta diventando superiore. Inoltre, scoprirai di possedere un dono che \u00e8 stato dormiente e sta solo aspettando di scioccarti.<\/p>\n\n\n\n<div class=\"wp-block-stackable-columns stk-block-columns stk-block stk-ebb5572\" data-block-id=\"ebb5572\"><div class=\"stk-row stk-inner-blocks stk-block-content stk-content-align stk-ebb5572-column\">\n<div class=\"wp-block-stackable-column stk-block-column stk-block-column--v2 stk-column stk-block stk-408af44\" data-block-id=\"408af44\"><div class=\"stk-column-wrapper stk-block-column__content stk-container stk-408af44-container stk--no-background stk--no-padding\"><div class=\"stk-block-content stk-inner-blocks stk-408af44-inner-blocks\">\n<div class=\"wp-block-stackable-subtitle stk-block-subtitle stk-block stk-ead8605\" data-block-id=\"ead8605\"><style>.stk-ead8605{margin-bottom:20px !important}<\/style><p class=\"stk-block-subtitle__text stk-subtitle\">Vuoi sapere di pi\u00f9?<\/p><\/div>\n\n\n\n<div class=\"wp-block-stackable-heading stk-block-heading stk-block stk-122bdc2\" id=\"contact-me\" data-block-id=\"122bdc2\"><style>.stk-122bdc2{margin-bottom:16px !important}.stk-122bdc2 .stk-block-heading__text{font-size:35px !important;margin:0 !important}@media screen and (max-width:1023px){.stk-122bdc2 .stk-block-heading__text{font-size:35px !important}}<\/style><h2 class=\"stk-block-heading__text\">Contattami<\/h2><\/div>\n\n\n\n<div class=\"wp-block-stackable-text stk-block-text stk-block stk-23f2774\" data-block-id=\"23f2774\"><style>.stk-23f2774 .stk-block-text__text{font-size:18px !important}@media screen and (max-width:1023px){.stk-23f2774 .stk-block-text__text{font-size:18px !important}}<\/style><p class=\"stk-block-text__text\">Compilando il form potrai contattarmi e richiedere tutte le informazioni di cui necessiti! Io provveder\u00f2 a risponderti il prima possibile\u2026 Ti aspetto!<\/p><\/div>\n\n\n\n<p>Telefono:<a href=\"tel:39 3341711330\">39 3341711330<\/a><br>Email \u2013&nbsp;<a href=\"mailto:antoniosatriano94@gmail.com\">antoniosatriano94@gmail.com<\/a><br>Address \u2013 Positano, Amalfi Coast, Italy<\/p>\n<\/div><\/div><\/div>\n\n\n\n<div class=\"wp-block-stackable-column stk-block-column stk-block-column--v2 stk-column stk-block stk-eba5332\" data-block-id=\"eba5332\"><div class=\"stk-column-wrapper stk-block-column__content stk-container stk-eba5332-container stk--no-background stk--no-padding\"><div class=\"stk-block-content stk-inner-blocks stk-eba5332-inner-blocks\"><div class=\"wpforms-container wpforms-container-full\" id=\"wpforms-343\"><form id=\"wpforms-form-343\" class=\"wpforms-validate wpforms-form wpforms-ajax-form\" data-formid=\"343\" method=\"post\" enctype=\"multipart\/form-data\" action=\"\/it\/wp-json\/wp\/v2\/pages\/652\" data-token=\"b5188845e6b4a30a305a1e8a1ea4f162\" data-trp-original-action=\"\/it\/wp-json\/wp\/v2\/pages\/652\"><noscript class=\"wpforms-error-noscript\" data-no-translation=\"\" data-trp-gettext=\"\">Abilita JavaScript nel browser per completare questo modulo.<\/noscript><div class=\"wpforms-field-container\"><div id=\"wpforms-343-field_0-container\" class=\"wpforms-field wpforms-field-name\" data-field-id=\"0\"><label class=\"wpforms-field-label\" for=\"wpforms-343-field_0\">Nome <span class=\"wpforms-required-label\">*<\/span><\/label><div class=\"wpforms-field-row wpforms-field-medium\"><div class=\"wpforms-field-row-block wpforms-first wpforms-one-half\"><input type=\"text\" id=\"wpforms-343-field_0\" class=\"wpforms-field-name-first wpforms-field-required\" name=\"wpforms[fields][0][first]\" required><label for=\"wpforms-343-field_0\" class=\"wpforms-field-sublabel after\" data-no-translation=\"\" data-trp-gettext=\"\">Prima<\/label><\/div><div class=\"wpforms-field-row-block wpforms-one-half\"><input type=\"text\" id=\"wpforms-343-field_0-last\" class=\"wpforms-field-name-last wpforms-field-required\" name=\"wpforms[fields][0][last]\" required><label for=\"wpforms-343-field_0-last\" class=\"wpforms-field-sublabel after\" data-no-translation=\"\" data-trp-gettext=\"\">Scorsa<\/label><\/div><\/div><\/div><div id=\"wpforms-343-field_1-container\" class=\"wpforms-field wpforms-field-email\" data-field-id=\"1\"><label class=\"wpforms-field-label\" for=\"wpforms-343-field_1\">Email <span class=\"wpforms-required-label\">*<\/span><\/label><input type=\"email\" id=\"wpforms-343-field_1\" class=\"wpforms-field-medium wpforms-field-required\" name=\"wpforms[fields][1]\" required><\/div><div id=\"wpforms-343-field_4-container\" class=\"wpforms-field wpforms-field-text\" data-field-id=\"4\"><label class=\"wpforms-field-label\" for=\"wpforms-343-field_4\">Telefono<\/label><input type=\"text\" id=\"wpforms-343-field_4\" class=\"wpforms-field-medium\" name=\"wpforms[fields][4]\" ><\/div><div id=\"wpforms-343-field_5-container\" class=\"wpforms-field wpforms-field-select wpforms-field-select-style-classic\" data-field-id=\"5\"><label class=\"wpforms-field-label\" for=\"wpforms-343-field_5\">Cosa ti interessa? <span class=\"wpforms-required-label\">*<\/span><\/label><select id=\"wpforms-343-field_5\" class=\"wpforms-field-medium wpforms-field-required\" name=\"wpforms[fields][5]\" required=\"required\"><option value=\"Personal Chef\" >Cuoco personale<\/option><option value=\"Gift Card\" >Carta regalo<\/option><option value=\"Cooking Class\" >Corso di cucina<\/option><option value=\"Parties, Events and Ceremonies\" >Feste, Eventi e Cerimonie<\/option><\/select><\/div><div id=\"wpforms-343-field_2-container\" class=\"wpforms-field wpforms-field-textarea\" data-field-id=\"2\"><label class=\"wpforms-field-label\" for=\"wpforms-343-field_2\">Messaggio <span class=\"wpforms-required-label\">*<\/span><\/label><textarea id=\"wpforms-343-field_2\" class=\"wpforms-field-medium wpforms-field-required\" name=\"wpforms[fields][2]\" required><\/textarea><\/div><\/div><div class=\"wpforms-submit-container\"><input type=\"hidden\" name=\"wpforms[id]\" value=\"343\"><input type=\"hidden\" name=\"wpforms[author]\" value=\"1\"><button type=\"submit\" name=\"wpforms[submit]\" id=\"wpforms-submit-343\" class=\"wpforms-submit\" data-alt-text=\"Sending...\" data-submit-text=\"Submit\" aria-live=\"assertive\" value=\"wpforms-submit\">Invia<\/button><img loading=\"lazy\" decoding=\"async\" src=\"https:\/\/chefantoniosatrianocasola.com\/wp-content\/plugins\/wpforms-lite\/assets\/images\/submit-spin.svg\" class=\"wpforms-submit-spinner\" style=\"display: none;\" width=\"26\" height=\"26\" alt=\"Caricamento\" data-no-translation-alt=\"\"><\/div><input type=\"hidden\" name=\"trp-form-language\" value=\"it\"\/><\/form><\/div>  <!-- .wpforms-container --><\/div><\/div><\/div>\n<\/div><\/div>","protected":false},"excerpt":{"rendered":"<p>It&#8217;s a great idea to take cooking classes, particularly if you want to increase your cooking knowledge and skills. Cooking classes are fast-paced courses with the aim of providing students with knowledge and practical experience in particular aspects of food preparation, presentation, and appreciation. We might all sign up for a cooking class in Amalfi Coast for several reasons. Some individuals want to develop their cooking skills for the family, others like to gain knowledge for a lucrative job or future business. However, others just want to have fun. Whatever your motivation, there is no doubt that you will eventually\u2026<\/p>","protected":false},"author":1,"featured_media":0,"parent":0,"menu_order":0,"comment_status":"closed","ping_status":"closed","template":"","meta":{"pgc_sgb_lightbox_settings":"","footnotes":""},"class_list":["post-652","page","type-page","status-publish","hentry"],"blocksy_meta":{"styles_descriptor":{"styles":{"desktop":"","tablet":"","mobile":""},"google_fonts":[],"version":5}},"featured_image_urls":{"full":"","thumbnail":"","medium":"","medium_large":"","large":"","1536x1536":"","2048x2048":"","trp-custom-language-flag":"","woocommerce_thumbnail":"","woocommerce_single":"","woocommerce_gallery_thumbnail":""},"post_excerpt_stackable":"<p>It&#8217;s a great idea to take cooking classes, particularly if you want to increase your cooking knowledge and skills. Cooking classes are fast-paced courses with the aim of providing students with knowledge and practical experience in particular aspects of food preparation, presentation, and appreciation. We might all sign up for a cooking class in Amalfi Coast for several reasons. Some individuals want to develop their cooking skills for the family, others like to gain knowledge for a lucrative job or future business. However, others just want to have fun. Whatever your motivation, there is no doubt that you will eventually&hellip;<\/p>\n","category_list":"","author_info":{"name":"Satriano99","url":"https:\/\/chefantoniosatrianocasola.com\/it\/author\/satriano99\/"},"comments_num":"0 commenti","_links":{"self":[{"href":"https:\/\/chefantoniosatrianocasola.com\/it\/wp-json\/wp\/v2\/pages\/652","targetHints":{"allow":["GET"]}}],"collection":[{"href":"https:\/\/chefantoniosatrianocasola.com\/it\/wp-json\/wp\/v2\/pages"}],"about":[{"href":"https:\/\/chefantoniosatrianocasola.com\/it\/wp-json\/wp\/v2\/types\/page"}],"author":[{"embeddable":true,"href":"https:\/\/chefantoniosatrianocasola.com\/it\/wp-json\/wp\/v2\/users\/1"}],"replies":[{"embeddable":true,"href":"https:\/\/chefantoniosatrianocasola.com\/it\/wp-json\/wp\/v2\/comments?post=652"}],"version-history":[{"count":25,"href":"https:\/\/chefantoniosatrianocasola.com\/it\/wp-json\/wp\/v2\/pages\/652\/revisions"}],"predecessor-version":[{"id":955,"href":"https:\/\/chefantoniosatrianocasola.com\/it\/wp-json\/wp\/v2\/pages\/652\/revisions\/955"}],"wp:attachment":[{"href":"https:\/\/chefantoniosatrianocasola.com\/it\/wp-json\/wp\/v2\/media?parent=652"}],"curies":[{"name":"wp","href":"https:\/\/api.w.org\/{rel}","templated":true}]}}