{"id":646,"date":"2022-09-06T07:16:54","date_gmt":"2022-09-06T05:16:54","guid":{"rendered":"https:\/\/chefantoniosatrianocasola.com\/?page_id=646"},"modified":"2022-09-19T13:59:03","modified_gmt":"2022-09-19T11:59:03","slug":"cooking-classes-in-positano","status":"publish","type":"page","link":"https:\/\/chefantoniosatrianocasola.com\/it\/cooking-classes-in-positano\/","title":{"rendered":"Corsi di cucina a Positano"},"content":{"rendered":"<div class=\"wp-block-columns is-layout-flex wp-container-core-columns-is-layout-9d6595d7 wp-block-columns-is-layout-flex\">\n<div class=\"wp-block-column is-layout-flow wp-block-column-is-layout-flow\">\n<h2 class=\"has-text-color wp-block-heading\" style=\"color:#3a3a3a;font-size:28px\">Corsi di cucina a Positano, Italia<\/h2>\n\n\n\n<p>Qual \u00e8 il tipo di cibo pi\u00f9 popolare al mondo? Pizza, lasagne su un piatto fondo e spaghetti sono alcuni suggerimenti. Mmmm. \u00c8 corretto! La cucina italiana \u00e8 abbastanza buona. Chi potrebbe mai rifiutare deliziosi piatti a base di carboidrati e formaggio? La maggior parte delle persone sarebbe d'accordo sul fatto che il loro tour in Italia \u00e8 stato reso migliore dal cibo! Ora, questo tipo di deliziosa cucina italiana non ha bisogno di essere un lusso particolare solo per le vacanze; prova a prendere <strong><a href=\"https:\/\/chefantoniosatrianocasola.com\/it\/cooking-classes-in-italy\/\">corsi di cucina privati in Italia<\/a><\/strong> per imparare a preparare i pasti da vero esperto italiano!<\/p>\n\n\n\n<p>In Italia, oltre alla semplice \u201ccena\u201d, sono molto frequenti le cene a pi\u00f9 portate, tra cui, a titolo esemplificativo ma non esaustivo, antipasti, antipasti e dolci. Per ampliare il tuo repertorio da chef, puoi pensare di iscriverti <strong>Corsi di cucina positanese<\/strong>. Alla tua prossima cena, stupisci la tua famiglia e i tuoi ospiti preparando un intero pasto di quattro portate secondo la migliore tradizione italiana.<\/p>\n<\/div>\n\n\n\n<div class=\"wp-block-column is-layout-flow wp-block-column-is-layout-flow\">\n<figure class=\"wp-block-image size-full\"><img loading=\"lazy\" decoding=\"async\" width=\"1024\" height=\"768\" src=\"https:\/\/chefantoniosatrianocasola.com\/wp-content\/uploads\/2022\/07\/WhatsApp-Image-2022-06-09-at-16.56.17.jpeg\" alt=\"Cooking Classes In Positano Italy\" class=\"wp-image-429\" srcset=\"https:\/\/chefantoniosatrianocasola.com\/wp-content\/uploads\/2022\/07\/WhatsApp-Image-2022-06-09-at-16.56.17.jpeg 1024w, https:\/\/chefantoniosatrianocasola.com\/wp-content\/uploads\/2022\/07\/WhatsApp-Image-2022-06-09-at-16.56.17-600x450.jpeg 600w, https:\/\/chefantoniosatrianocasola.com\/wp-content\/uploads\/2022\/07\/WhatsApp-Image-2022-06-09-at-16.56.17-300x225.jpeg 300w, https:\/\/chefantoniosatrianocasola.com\/wp-content\/uploads\/2022\/07\/WhatsApp-Image-2022-06-09-at-16.56.17-768x576.jpeg 768w, https:\/\/chefantoniosatrianocasola.com\/wp-content\/uploads\/2022\/07\/WhatsApp-Image-2022-06-09-at-16.56.17-16x12.jpeg 16w\" sizes=\"auto, (max-width: 1024px) 100vw, 1024px\" \/><\/figure>\n<\/div>\n<\/div>\n\n\n\n<div class=\"wp-block-stackable-divider stk-block-divider has-text-align-center stk-block stk-d8b83de\" data-block-id=\"d8b83de\"><style>.stk-d8b83de{min-height:0px !important;padding-top:15px !important;padding-right:0px !important;padding-bottom:0px !important;padding-left:0px !important;margin-top:0px !important;margin-right:0px !important;margin-bottom:0px !important;margin-left:0px !important;display:flex !important}.stk-d8b83de{align-items:center !important}.stk-d8b83de hr.stk-block-divider__hr{height:1px !important;width:100% !important}<\/style><hr class=\"stk-block-divider__hr\"\/><\/div>\n\n\n\n<div class=\"wp-block-columns is-layout-flex wp-container-core-columns-is-layout-9d6595d7 wp-block-columns-is-layout-flex\">\n<div class=\"wp-block-column is-layout-flow wp-block-column-is-layout-flow\">\n<h2 class=\"has-text-color wp-block-heading\" style=\"color:#3a3a3a;font-size:28px\">Impara il modo tradizionale di fare la pasta<\/h2>\n\n\n\n<p>Impara come fare un'ottima pasta dalle persone che l'hanno inventata. Gli appassionati di tutti i livelli possono imparare il modo italiano di fare la pasta fresca nel <a href=\"https:\/\/chefantoniosatrianocasola.com\/it\/pasta-making-class-in-positano\/\">lezione di pasta in Costiera Amalfitana<\/a>. saper preparare ogni variet\u00e0 di pasta con la combinazione di ingredienti ideale per ogni piatto. Scopri come abbinare consistenze, ripieni e sughi di pasta, e anche la vera distinzione tra pici e penne. Non sprecare mai pi\u00f9 soldi in salse confezionate imparando a preparare la tua marinara e il pesto fatti in casa.<\/p>\n<\/div>\n<\/div>\n\n\n\n<div class=\"wp-block-stackable-divider stk-block-divider has-text-align-center stk-block stk-1762562\" data-block-id=\"1762562\"><style>.stk-1762562{min-height:0px !important;padding-top:15px !important;padding-right:0px !important;padding-bottom:15px !important;padding-left:0px !important;margin-top:0px !important;margin-right:0px !important;margin-bottom:0px !important;margin-left:0px !important;display:flex !important}.stk-1762562{align-items:center !important}.stk-1762562 hr.stk-block-divider__hr{height:1px !important;width:100% !important}<\/style><hr class=\"stk-block-divider__hr\"\/><\/div>\n\n\n\n<div class=\"wp-block-columns is-layout-flex wp-container-core-columns-is-layout-9d6595d7 wp-block-columns-is-layout-flex\">\n<div class=\"wp-block-column is-layout-flow wp-block-column-is-layout-flow\">\n<h2 class=\"has-text-color wp-block-heading\" style=\"color:#3a3a3a;font-size:28px\">Esplora e prospera<\/h2>\n\n\n\n<p>Dopo le lezioni, non dimenticare di prenderti il tempo per scoprire nuovi ristoranti da provare, prelibatezze di cui non hai sentito parlare e scoprire i tanti sapori in Italia. Puoi diventare un cuoco migliore solo allargando il tuo palato e sperimentando una nuova cucina. Per aggiungere un po' di pi\u00f9 ai tuoi sforzi culinari, prova ad assaggiare ciascuno dei tanti sapori.<\/p>\n\n\n\n<h2 class=\"has-text-color wp-block-heading\" style=\"color:#3a3a3a;font-size:28px\">Corso di cucina di un giorno a Positano<\/h2>\n\n\n\n<p>Vari pacchetti sono disponibili in tutta Italia. Puoi trovare programmi che vanno da a <strong>corso di cucina di un giorno a Positano<\/strong> a un mese intero per padroneggiare e comprendere veramente la cucina italiana. Per sfruttare al meglio il tuo viaggio in Italia, ci sono numerose possibilit\u00e0 di scegliere il luogo, la quantit\u00e0 di tempo e le prelibatezze che imparerai.<\/p>\n\n\n\n<h3 class=\"wp-block-heading\">Nota<\/h3>\n\n\n\n<p>Le persone in genere si riuniscono durante il cibo e i pasti. Poich\u00e9 i tuoi cari e i tuoi cari sono in giro per assisterti,<br>cucinare \u00e8 molto pi\u00f9 divertente. \u00c8 una meravigliosa opportunit\u00e0 di connessione. Quindi, unisciti al <strong>miglior corso di cucina a Positano Italia<\/strong>, e stupisci i tuoi cari preparando piatti genuini.<\/p>\n<\/div>\n\n\n\n<div class=\"wp-block-column is-layout-flow wp-block-column-is-layout-flow\">\n<figure class=\"wp-block-image size-full is-resized\"><img loading=\"lazy\" decoding=\"async\" src=\"https:\/\/chefantoniosatrianocasola.com\/wp-content\/uploads\/2022\/07\/WhatsApp-Image-2022-06-09-at-16.56.17-2.jpeg\" alt=\"One-Day Cooking Class In Positano\" class=\"wp-image-421\" width=\"619\" height=\"464\" srcset=\"https:\/\/chefantoniosatrianocasola.com\/wp-content\/uploads\/2022\/07\/WhatsApp-Image-2022-06-09-at-16.56.17-2.jpeg 1024w, https:\/\/chefantoniosatrianocasola.com\/wp-content\/uploads\/2022\/07\/WhatsApp-Image-2022-06-09-at-16.56.17-2-600x450.jpeg 600w, https:\/\/chefantoniosatrianocasola.com\/wp-content\/uploads\/2022\/07\/WhatsApp-Image-2022-06-09-at-16.56.17-2-300x225.jpeg 300w, https:\/\/chefantoniosatrianocasola.com\/wp-content\/uploads\/2022\/07\/WhatsApp-Image-2022-06-09-at-16.56.17-2-768x576.jpeg 768w, https:\/\/chefantoniosatrianocasola.com\/wp-content\/uploads\/2022\/07\/WhatsApp-Image-2022-06-09-at-16.56.17-2-16x12.jpeg 16w\" sizes=\"auto, (max-width: 619px) 100vw, 619px\" \/><\/figure>\n<\/div>\n<\/div>\n\n\n\n<div class=\"wp-block-stackable-columns stk-block-columns stk-block stk-36d6fbe\" data-block-id=\"36d6fbe\"><div class=\"stk-row stk-inner-blocks stk-block-content stk-content-align stk-36d6fbe-column\">\n<div class=\"wp-block-stackable-column stk-block-column stk-block-column--v2 stk-column stk-block stk-51eefca\" data-block-id=\"51eefca\"><div class=\"stk-column-wrapper stk-block-column__content stk-container stk-51eefca-container stk--no-background stk--no-padding\"><div class=\"stk-block-content stk-inner-blocks stk-51eefca-inner-blocks\">\n<div class=\"wp-block-stackable-subtitle stk-block-subtitle stk-block stk-08e6180\" data-block-id=\"08e6180\"><p class=\"stk-block-subtitle__text stk-subtitle\">Vuoi sapere di pi\u00f9?<\/p><\/div>\n\n\n\n<div class=\"wp-block-stackable-heading stk-block-heading stk-block stk-73050c0\" id=\"contact-me\" data-block-id=\"73050c0\"><style>.stk-73050c0{margin-bottom:16px !important}.stk-73050c0 .stk-block-heading__text{font-size:35px !important;margin:0 !important}@media screen and (max-width:1023px){.stk-73050c0 .stk-block-heading__text{font-size:35px !important}}<\/style><h2 class=\"stk-block-heading__text\">Contattami<\/h2><\/div>\n\n\n\n<div class=\"wp-block-stackable-text stk-block-text stk-block stk-26df321\" data-block-id=\"26df321\"><style>.stk-26df321 .stk-block-text__text{font-size:18px !important}@media screen and (max-width:1023px){.stk-26df321 .stk-block-text__text{font-size:18px !important}}<\/style><p class=\"stk-block-text__text\">Compilando il form potrai contattarmi e richiedere tutte le informazioni di cui necessiti! Io provveder\u00f2 a risponderti il prima possibile\u2026 Ti aspetto!<\/p><\/div>\n\n\n\n<p>Telefono:<a href=\"tel:39 3341711330\">39 3341711330<\/a><br>Email \u2013&nbsp;<a href=\"mailto:antoniosatriano94@gmail.com\">antoniosatriano94@gmail.com<\/a><br>Address \u2013 Positano, Amalfi Coast, Italy<\/p>\n<\/div><\/div><\/div>\n\n\n\n<div class=\"wp-block-stackable-column stk-block-column stk-block-column--v2 stk-column stk-block stk-94685d3\" data-block-id=\"94685d3\"><div class=\"stk-column-wrapper stk-block-column__content stk-container stk-94685d3-container stk--no-background stk--no-padding\"><div class=\"stk-block-content stk-inner-blocks stk-94685d3-inner-blocks\"><div class=\"wpforms-container wpforms-container-full\" id=\"wpforms-343\"><form id=\"wpforms-form-343\" class=\"wpforms-validate wpforms-form wpforms-ajax-form\" data-formid=\"343\" method=\"post\" enctype=\"multipart\/form-data\" action=\"\/it\/wp-json\/wp\/v2\/pages\/646\" data-token=\"b5188845e6b4a30a305a1e8a1ea4f162\" data-trp-original-action=\"\/it\/wp-json\/wp\/v2\/pages\/646\"><noscript class=\"wpforms-error-noscript\" data-no-translation=\"\" data-trp-gettext=\"\">Abilita JavaScript nel browser per completare questo modulo.<\/noscript><div class=\"wpforms-field-container\"><div id=\"wpforms-343-field_0-container\" class=\"wpforms-field wpforms-field-name\" data-field-id=\"0\"><label class=\"wpforms-field-label\" for=\"wpforms-343-field_0\">Nome <span class=\"wpforms-required-label\">*<\/span><\/label><div class=\"wpforms-field-row wpforms-field-medium\"><div class=\"wpforms-field-row-block wpforms-first wpforms-one-half\"><input type=\"text\" id=\"wpforms-343-field_0\" class=\"wpforms-field-name-first wpforms-field-required\" name=\"wpforms[fields][0][first]\" required><label for=\"wpforms-343-field_0\" class=\"wpforms-field-sublabel after\" data-no-translation=\"\" data-trp-gettext=\"\">Prima<\/label><\/div><div class=\"wpforms-field-row-block wpforms-one-half\"><input type=\"text\" id=\"wpforms-343-field_0-last\" class=\"wpforms-field-name-last wpforms-field-required\" name=\"wpforms[fields][0][last]\" required><label for=\"wpforms-343-field_0-last\" class=\"wpforms-field-sublabel after\" data-no-translation=\"\" data-trp-gettext=\"\">Scorsa<\/label><\/div><\/div><\/div><div id=\"wpforms-343-field_1-container\" class=\"wpforms-field wpforms-field-email\" data-field-id=\"1\"><label class=\"wpforms-field-label\" for=\"wpforms-343-field_1\">Email <span class=\"wpforms-required-label\">*<\/span><\/label><input type=\"email\" id=\"wpforms-343-field_1\" class=\"wpforms-field-medium wpforms-field-required\" name=\"wpforms[fields][1]\" required><\/div><div id=\"wpforms-343-field_4-container\" class=\"wpforms-field wpforms-field-text\" data-field-id=\"4\"><label class=\"wpforms-field-label\" for=\"wpforms-343-field_4\">Telefono<\/label><input type=\"text\" id=\"wpforms-343-field_4\" class=\"wpforms-field-medium\" name=\"wpforms[fields][4]\" ><\/div><div id=\"wpforms-343-field_5-container\" class=\"wpforms-field wpforms-field-select wpforms-field-select-style-classic\" data-field-id=\"5\"><label class=\"wpforms-field-label\" for=\"wpforms-343-field_5\">Cosa ti interessa? <span class=\"wpforms-required-label\">*<\/span><\/label><select id=\"wpforms-343-field_5\" class=\"wpforms-field-medium wpforms-field-required\" name=\"wpforms[fields][5]\" required=\"required\"><option value=\"Personal Chef\" >Cuoco personale<\/option><option value=\"Gift Card\" >Carta regalo<\/option><option value=\"Cooking Class\" >Corso di cucina<\/option><option value=\"Parties, Events and Ceremonies\" >Feste, Eventi e Cerimonie<\/option><\/select><\/div><div id=\"wpforms-343-field_2-container\" class=\"wpforms-field wpforms-field-textarea\" data-field-id=\"2\"><label class=\"wpforms-field-label\" for=\"wpforms-343-field_2\">Messaggio <span class=\"wpforms-required-label\">*<\/span><\/label><textarea id=\"wpforms-343-field_2\" class=\"wpforms-field-medium wpforms-field-required\" name=\"wpforms[fields][2]\" required><\/textarea><\/div><\/div><div class=\"wpforms-submit-container\"><input type=\"hidden\" name=\"wpforms[id]\" value=\"343\"><input type=\"hidden\" name=\"wpforms[author]\" value=\"1\"><button type=\"submit\" name=\"wpforms[submit]\" id=\"wpforms-submit-343\" class=\"wpforms-submit\" data-alt-text=\"Sending...\" data-submit-text=\"Submit\" aria-live=\"assertive\" value=\"wpforms-submit\">Invia<\/button><img loading=\"lazy\" decoding=\"async\" src=\"https:\/\/chefantoniosatrianocasola.com\/wp-content\/plugins\/wpforms-lite\/assets\/images\/submit-spin.svg\" class=\"wpforms-submit-spinner\" style=\"display: none;\" width=\"26\" height=\"26\" alt=\"Caricamento\" data-no-translation-alt=\"\"><\/div><input type=\"hidden\" name=\"trp-form-language\" value=\"it\"\/><\/form><\/div>  <!-- .wpforms-container --><\/div><\/div><\/div>\n<\/div><\/div>","protected":false},"excerpt":{"rendered":"<p>Cooking Classes In Positano, Italy What is the most popular type of food in the world? Pizza, lasagna on a deep plate, and spaghetti are some suggestions. Mmmm. It&#8217;s correct! Italian cuisine is quite good. Who could ever turn down delicious carb and cheese dishes? Most people would agree that their Italy tour was made better by the food! Now, this kind of delicious Italian cuisine doesn&#8217;t need to be a particular luxury just for the holidays; try taking private cooking classes in Italy to learn how to prepare meals like a real Italian expert! In Italy, in addition to\u2026<\/p>","protected":false},"author":1,"featured_media":0,"parent":0,"menu_order":0,"comment_status":"closed","ping_status":"closed","template":"","meta":{"pgc_sgb_lightbox_settings":"","footnotes":""},"class_list":["post-646","page","type-page","status-publish","hentry"],"blocksy_meta":{"styles_descriptor":{"styles":{"desktop":"","tablet":"","mobile":""},"google_fonts":[],"version":5}},"featured_image_urls":{"full":"","thumbnail":"","medium":"","medium_large":"","large":"","1536x1536":"","2048x2048":"","trp-custom-language-flag":"","woocommerce_thumbnail":"","woocommerce_single":"","woocommerce_gallery_thumbnail":""},"post_excerpt_stackable":"<p>Cooking Classes In Positano, Italy What is the most popular type of food in the world? Pizza, lasagna on a deep plate, and spaghetti are some suggestions. Mmmm. It&#8217;s correct! Italian cuisine is quite good. Who could ever turn down delicious carb and cheese dishes? Most people would agree that their Italy tour was made better by the food! Now, this kind of delicious Italian cuisine doesn&#8217;t need to be a particular luxury just for the holidays; try taking private cooking classes in Italy to learn how to prepare meals like a real Italian expert! In Italy, in addition to&hellip;<\/p>\n","category_list":"","author_info":{"name":"Satriano99","url":"https:\/\/chefantoniosatrianocasola.com\/it\/author\/satriano99\/"},"comments_num":"0 commenti","_links":{"self":[{"href":"https:\/\/chefantoniosatrianocasola.com\/it\/wp-json\/wp\/v2\/pages\/646","targetHints":{"allow":["GET"]}}],"collection":[{"href":"https:\/\/chefantoniosatrianocasola.com\/it\/wp-json\/wp\/v2\/pages"}],"about":[{"href":"https:\/\/chefantoniosatrianocasola.com\/it\/wp-json\/wp\/v2\/types\/page"}],"author":[{"embeddable":true,"href":"https:\/\/chefantoniosatrianocasola.com\/it\/wp-json\/wp\/v2\/users\/1"}],"replies":[{"embeddable":true,"href":"https:\/\/chefantoniosatrianocasola.com\/it\/wp-json\/wp\/v2\/comments?post=646"}],"version-history":[{"count":12,"href":"https:\/\/chefantoniosatrianocasola.com\/it\/wp-json\/wp\/v2\/pages\/646\/revisions"}],"predecessor-version":[{"id":925,"href":"https:\/\/chefantoniosatrianocasola.com\/it\/wp-json\/wp\/v2\/pages\/646\/revisions\/925"}],"wp:attachment":[{"href":"https:\/\/chefantoniosatrianocasola.com\/it\/wp-json\/wp\/v2\/media?parent=646"}],"curies":[{"name":"wp","href":"https:\/\/api.w.org\/{rel}","templated":true}]}}