{"id":632,"date":"2022-09-05T15:48:09","date_gmt":"2022-09-05T13:48:09","guid":{"rendered":"https:\/\/chefantoniosatrianocasola.com\/?page_id=632"},"modified":"2022-11-18T11:12:35","modified_gmt":"2022-11-18T10:12:35","slug":"cooking-classes-in-italy","status":"publish","type":"page","link":"https:\/\/chefantoniosatrianocasola.com\/it\/cooking-classes-in-italy\/","title":{"rendered":"Corsi di cucina in Italia"},"content":{"rendered":"<div class=\"wp-block-stackable-columns stk-block-columns stk-block stk-da9edc5\" data-block-id=\"da9edc5\"><div class=\"stk-row stk-inner-blocks stk-block-content stk-content-align stk-da9edc5-column\">\n<div class=\"wp-block-stackable-column stk-block-column stk-block-column--v2 stk-column stk-block stk-751b44e\" data-block-id=\"751b44e\"><div class=\"stk-column-wrapper stk-block-column__content stk-container stk-751b44e-container stk--no-background stk--no-padding\"><div class=\"stk-block-content stk-inner-blocks stk-751b44e-inner-blocks\">\n<h2 class=\"has-text-color wp-block-heading\" style=\"color:#3a3a3a;font-size:28px\">Corsi di cucina privati in Italia<\/h2>\n\n\n\n<p>Chef Antonio Saticano Casola\nSotto un cielo di limoni con lo chef Antonio Satriano Casola con un men\u00f9 di piatti dedicati alle eccellenze della gastronomia campana; spaziando tra tradizione e innovazione ma soprattutto con prodotti in base alle stagionalit\u00e0. Chi \u00e8 alla ricerca di una cena o cooking class en plen air non pu\u00f2 perdersi questa occasione!\n\u00c8 possibile prenotare il marted\u00ec e il gioved\u00ec. Per informazioni e prenotazioni: tel. +393341711330 (whatsapp) Antoniosatriano94@gmail.com <strong>corsi di cucina privati in Italia<\/strong>, indipendentemente dal fatto che possiedano un ristorante o semplicemente si divertano a cucinare.<\/p>\n\n\n\n<h2 class=\"has-medium-font-size wp-block-heading\">Migliora le tue abil<\/h2>\n\n\n\n<p>Che tu sia uno chef esperto o un principiante, prendendo <strong>lezioni private di cucina italiana<\/strong> pu\u00f2 migliorare le tue abilit\u00e0 culinarie. In qualit\u00e0 di chef esperto, l'iscrizione a corsi di cucina ti introdurr\u00e0 a una variet\u00e0 di varie tecniche e piatti di cucina. Non importa quanto tu sia esperto come chef, acquisirai davvero nuove conoscenze in un corso di cucina. Non c'\u00e8 posto migliore per un principiante per imparare e affinare le proprie abilit\u00e0 culinarie di un corso di cucina.<\/p>\n<\/div><\/div><\/div>\n\n\n\n<div class=\"wp-block-stackable-column stk-block-column stk-block-column--v2 stk-column stk-block stk-8c1ceed\" data-block-id=\"8c1ceed\"><div class=\"stk-column-wrapper stk-block-column__content stk-container stk-8c1ceed-container stk--no-background stk--no-padding\"><div class=\"stk-block-content stk-inner-blocks stk-8c1ceed-inner-blocks\">\n<figure class=\"wp-block-image size-full\"><img loading=\"lazy\" decoding=\"async\" width=\"1024\" height=\"768\" src=\"https:\/\/chefantoniosatrianocasola.com\/wp-content\/uploads\/2022\/09\/image-03.jpg\" alt=\"Private Cooking Classes In Italy\" class=\"wp-image-633\" srcset=\"https:\/\/chefantoniosatrianocasola.com\/wp-content\/uploads\/2022\/09\/image-03.jpg 1024w, https:\/\/chefantoniosatrianocasola.com\/wp-content\/uploads\/2022\/09\/image-03-600x450.jpg 600w, https:\/\/chefantoniosatrianocasola.com\/wp-content\/uploads\/2022\/09\/image-03-300x225.jpg 300w, https:\/\/chefantoniosatrianocasola.com\/wp-content\/uploads\/2022\/09\/image-03-768x576.jpg 768w, https:\/\/chefantoniosatrianocasola.com\/wp-content\/uploads\/2022\/09\/image-03-16x12.jpg 16w\" sizes=\"auto, (max-width: 1024px) 100vw, 1024px\" \/><\/figure>\n<\/div><\/div><\/div>\n<\/div><\/div>\n\n\n\n<div class=\"wp-block-stackable-divider stk-block-divider has-text-align-center stk-block stk-d8b83de\" data-block-id=\"d8b83de\"><style>.stk-d8b83de{min-height:0px !important;padding-top:15px !important;padding-right:0px !important;padding-bottom:0px !important;padding-left:0px !important;margin-top:0px !important;margin-right:0px !important;margin-bottom:0px !important;margin-left:0px !important;display:flex !important}.stk-d8b83de{align-items:center !important}.stk-d8b83de hr.stk-block-divider__hr{height:1px !important;width:100% !important}<\/style><hr class=\"stk-block-divider__hr\"\/><\/div>\n\n\n\n<div class=\"wp-block-columns is-layout-flex wp-container-core-columns-is-layout-9d6595d7 wp-block-columns-is-layout-flex\">\n<div class=\"wp-block-column is-layout-flow wp-block-column-is-layout-flow\">\n<h2 class=\"has-text-color wp-block-heading\" style=\"color:#3a3a3a;font-size:28px\"><strong>Corsi di cucina privati con uno chef privato<\/strong><\/h2>\n\n\n\n<p>Iscriversi a <strong>private cooking classes with a private chef on Amalfi Coast, Italy<\/strong>. Who emphasizes meals from many cultures, you can travel the world through food! Try the cuisine of different cultures; it is very funny and fascinating. Additionally, different civilizations may use distinct methodologies as well as have different cuisines. Consider the effects that increasing your toolbox could have on your culinary explorations at home.<\/p>\n<\/div>\n<\/div>\n\n\n\n<div class=\"wp-block-stackable-divider stk-block-divider has-text-align-center stk-block stk-1762562\" data-block-id=\"1762562\"><style>.stk-1762562{min-height:0px !important;padding-top:15px !important;padding-right:0px !important;padding-bottom:15px !important;padding-left:0px !important;margin-top:0px !important;margin-right:0px !important;margin-bottom:0px !important;margin-left:0px !important;display:flex !important}.stk-1762562{align-items:center !important}.stk-1762562 hr.stk-block-divider__hr{height:1px !important;width:100% !important}<\/style><hr class=\"stk-block-divider__hr\"\/><\/div>\n\n\n\n<div class=\"wp-block-columns is-layout-flex wp-container-core-columns-is-layout-9d6595d7 wp-block-columns-is-layout-flex\">\n<div class=\"wp-block-column is-layout-flow wp-block-column-is-layout-flow\">\n<h2 class=\"has-text-color wp-block-heading\" style=\"color:#3a3a3a;font-size:28px\">Goditi la tua esperienza al massimo<\/h2>\n\n\n\n<p>Un cuoco pi\u00f9 esperto troverebbe qualcosa di coinvolgente e richiederebbe molto diverso da quello che \u00e8 necessario per iniziare. Assicurati che il <strong>Corsi di italiano e corsi di cucina in Italia<\/strong> selezionati sono appropriati per il tuo livello di esperienza, in particolare se \u00e8 pratico, poich\u00e9 a volte potresti dover cucinare da solo in base alle dimensioni della classe. Non saltare le lezioni di cucina di base solo perch\u00e9 sei un cuoco esperto; potrebbero comunque valere i tuoi sforzi e i tuoi soldi.<\/p>\n\n\n\n<h2 class=\"has-text-color wp-block-heading\" style=\"color:#3a3a3a;font-size:28px\">Questo potrebbe essere l'inizio di un sogno culinario<\/h2>\n\n\n\n<p>L\u2019industria culinaria \u00e8 attualmente essenzialmente accessibile a tutti, il che offre un enorme potenziale personale. Iscrivendoti a una serie di corsi di cucina, puoi iniziare lungo il percorso per sviluppare il desiderio di cucinare in modo rapido e semplice. Se sei gi\u00e0 appassionato di cucina creativa, seguire corsi di cucina diversi pu\u00f2 ampliare i tuoi orizzonti culinari. Oltre a migliorare le tue preziose abilit\u00e0 culinarie e culinarie, i workshop potrebbero anche affrontare temi come la pianificazione dei pasti, la ricerca di un\u2019ampia gamma di cibi nuovi e insoliti e le basi dell\u2019intrattenimento domestico.<\/p>\n<\/div>\n\n\n\n<div class=\"wp-block-column is-layout-flow wp-block-column-is-layout-flow\">\n<figure class=\"wp-block-image size-full\"><img loading=\"lazy\" decoding=\"async\" width=\"1024\" height=\"768\" src=\"https:\/\/chefantoniosatrianocasola.com\/wp-content\/uploads\/2022\/09\/image-01-2.jpeg\" alt=\"Private Cooking Classes With A Private Chef\" class=\"wp-image-639\" srcset=\"https:\/\/chefantoniosatrianocasola.com\/wp-content\/uploads\/2022\/09\/image-01-2.jpeg 1024w, https:\/\/chefantoniosatrianocasola.com\/wp-content\/uploads\/2022\/09\/image-01-2-600x450.jpeg 600w, https:\/\/chefantoniosatrianocasola.com\/wp-content\/uploads\/2022\/09\/image-01-2-300x225.jpeg 300w, https:\/\/chefantoniosatrianocasola.com\/wp-content\/uploads\/2022\/09\/image-01-2-768x576.jpeg 768w, https:\/\/chefantoniosatrianocasola.com\/wp-content\/uploads\/2022\/09\/image-01-2-16x12.jpeg 16w\" sizes=\"auto, (max-width: 1024px) 100vw, 1024px\" \/><\/figure>\n<\/div>\n<\/div>\n\n\n\n<h2 class=\"wp-block-heading\"><strong>Perch\u00e9 dovresti iscriverti a corsi di cucina privati in Italia<\/strong><\/h2>\n\n\n\n<p><strong>Corsi privati di cucina italiana<\/strong> sono sempre utili. Uno chef privato pu\u00f2 fornire una grande quantit\u00e0 di informazioni. Un professionista pu\u00f2 mostrarti le tecniche e prepararti per cucinare a casa da solo se desideri diventare il miglior cuoco possibile.<\/p>\n\n\n\n<p><strong>Allenati al tuo ritmo<\/strong><\/p>\n\n\n\n<p>Il tuo chef privato si eserciter\u00e0 a cucinare insieme a te alla velocit\u00e0 con cui ti senti pi\u00f9 a tuo agio. Per <strong>Corsi di italiano e corsi di cucina in Italia<\/strong>, contattare lo Chef Antonio Satriano Casola.<\/p>\n\n\n\n<p><strong>Cosa vuoi preparare<\/strong><\/p>\n\n\n\n<p>Spesso devi preparare ci\u00f2 che ti viene richiesto in una lezione di cucina. Tuttavia, se hai uno chef privato che viene a casa tua, puoi scegliere cosa vuoi studiare.<\/p>\n\n\n\n<p><strong>Imparare con comodit\u00e0 e fiducia<\/strong><\/p>\n\n\n\n<p>Con uno chef privato ti senti pi\u00f9 a tuo agio e rilassato, dato che sei nel tuo spazio personale. Naturalmente, non esiterai a porre domande e chiarire i tuoi dubbi.<\/p>\n\n\n\n<p><strong>Linea di fondo<\/strong> <\/p>\n\n\n\n<p>Non tutti hanno talento naturale in cucina. Va bene se ritieni di dover migliorare le tue abilit\u00e0 culinarie poich\u00e9 sei stufo di preparare lo stesso cibo ma non sei sicuro di come preparare altre cose. Possono essere organizzati corsi individuali con uno chef professionista come Antonio Satriano Casola in modo che tu possa imparare facendo e discutere eventuali preoccupazioni che potresti avere sulla creazione di vari pasti. Presto svilupperai fiducia in cucina, che sar\u00e0 utile quando arriver\u00e0 il momento di preparare i pasti per i tuoi cari.<\/p>\n\n\n\n<div class=\"wp-block-stackable-columns stk-block-columns stk-block stk-58066e5\" data-block-id=\"58066e5\"><div class=\"stk-row stk-inner-blocks stk-block-content stk-content-align stk-58066e5-column\">\n<div class=\"wp-block-stackable-column stk-block-column stk-block-column--v2 stk-column stk-block stk-f8fa255\" data-block-id=\"f8fa255\"><style>@media screen and (min-width:768px){.stk-f8fa255{flex:1 1 25% !important}}<\/style><div class=\"stk-column-wrapper stk-block-column__content stk-container stk-f8fa255-container stk--no-background stk--no-padding\"><div class=\"stk-block-content stk-inner-blocks stk-f8fa255-inner-blocks\">\n<figure class=\"wp-block-image size-full\"><a href=\"https:\/\/chefantoniosatrianocasola.com\/it\/pizza-making-class-positano\/\" rel=\"https:\/\/chefantoniosatrianocasola.com\/pizza-making-class-positano\/\"><img loading=\"lazy\" decoding=\"async\" width=\"1024\" height=\"768\" src=\"https:\/\/chefantoniosatrianocasola.com\/wp-content\/uploads\/2022\/07\/WhatsApp-Image-2022-06-09-at-16.56.19-4.jpeg\" alt=\"\" class=\"wp-image-433\" srcset=\"https:\/\/chefantoniosatrianocasola.com\/wp-content\/uploads\/2022\/07\/WhatsApp-Image-2022-06-09-at-16.56.19-4.jpeg 1024w, https:\/\/chefantoniosatrianocasola.com\/wp-content\/uploads\/2022\/07\/WhatsApp-Image-2022-06-09-at-16.56.19-4-600x450.jpeg 600w, https:\/\/chefantoniosatrianocasola.com\/wp-content\/uploads\/2022\/07\/WhatsApp-Image-2022-06-09-at-16.56.19-4-300x225.jpeg 300w, https:\/\/chefantoniosatrianocasola.com\/wp-content\/uploads\/2022\/07\/WhatsApp-Image-2022-06-09-at-16.56.19-4-768x576.jpeg 768w, https:\/\/chefantoniosatrianocasola.com\/wp-content\/uploads\/2022\/07\/WhatsApp-Image-2022-06-09-at-16.56.19-4-16x12.jpeg 16w\" sizes=\"auto, (max-width: 1024px) 100vw, 1024px\" \/><\/a><\/figure>\n\n\n\n<h4 class=\"has-text-align-center has-text-color wp-block-heading\" style=\"color:#010101;font-size:18px\"><a href=\"https:\/\/chefantoniosatrianocasola.com\/it\/pizza-making-class-positano\/\">Corsi di Pizzaiolo a Positano<\/a><\/h4>\n<\/div><\/div><\/div>\n\n\n\n<div class=\"wp-block-stackable-column stk-block-column stk-block-column--v2 stk-column stk-block stk-f115c38\" data-block-id=\"f115c38\"><style>@media screen and (min-width:768px){.stk-f115c38{flex:1 1 25% !important}}<\/style><div class=\"stk-column-wrapper stk-block-column__content stk-container stk-f115c38-container stk--no-background stk--no-padding\"><div class=\"stk-block-content stk-inner-blocks stk-f115c38-inner-blocks\">\n<figure class=\"wp-block-image size-full\"><a href=\"https:\/\/chefantoniosatrianocasola.com\/it\/pasta-making-class-in-positano\/\"><img loading=\"lazy\" decoding=\"async\" width=\"1024\" height=\"768\" src=\"https:\/\/chefantoniosatrianocasola.com\/wp-content\/uploads\/2022\/07\/WhatsApp-Image-2022-06-09-at-16.58.36-3.jpeg\" alt=\"\" class=\"wp-image-456\" srcset=\"https:\/\/chefantoniosatrianocasola.com\/wp-content\/uploads\/2022\/07\/WhatsApp-Image-2022-06-09-at-16.58.36-3.jpeg 1024w, https:\/\/chefantoniosatrianocasola.com\/wp-content\/uploads\/2022\/07\/WhatsApp-Image-2022-06-09-at-16.58.36-3-600x450.jpeg 600w, https:\/\/chefantoniosatrianocasola.com\/wp-content\/uploads\/2022\/07\/WhatsApp-Image-2022-06-09-at-16.58.36-3-300x225.jpeg 300w, https:\/\/chefantoniosatrianocasola.com\/wp-content\/uploads\/2022\/07\/WhatsApp-Image-2022-06-09-at-16.58.36-3-768x576.jpeg 768w, https:\/\/chefantoniosatrianocasola.com\/wp-content\/uploads\/2022\/07\/WhatsApp-Image-2022-06-09-at-16.58.36-3-16x12.jpeg 16w\" sizes=\"auto, (max-width: 1024px) 100vw, 1024px\" \/><\/a><\/figure>\n\n\n\n<h4 class=\"has-text-align-center wp-block-heading\" style=\"font-size:18px\"><a href=\"https:\/\/chefantoniosatrianocasola.com\/it\/pasta-making-class-in-positano\/\">Corsi di pasta a Positano<\/a><\/h4>\n<\/div><\/div><\/div>\n\n\n\n<div class=\"wp-block-stackable-column stk-block-column stk-block-column--v2 stk-column stk-block stk-4c7b528\" data-block-id=\"4c7b528\"><style>@media screen and (min-width:768px){.stk-4c7b528{flex:1 1 25% !important}}<\/style><div class=\"stk-column-wrapper stk-block-column__content stk-container stk-4c7b528-container stk--no-background stk--no-padding\"><div class=\"stk-block-content stk-inner-blocks stk-4c7b528-inner-blocks\">\n<figure class=\"wp-block-image size-full\"><a href=\"https:\/\/chefantoniosatrianocasola.com\/it\/cooking-classes-in-positano\/\"><img loading=\"lazy\" decoding=\"async\" width=\"1024\" height=\"768\" src=\"https:\/\/chefantoniosatrianocasola.com\/wp-content\/uploads\/2022\/07\/WhatsApp-Image-2022-06-09-at-16.56.17.jpeg\" alt=\"\" class=\"wp-image-429\" srcset=\"https:\/\/chefantoniosatrianocasola.com\/wp-content\/uploads\/2022\/07\/WhatsApp-Image-2022-06-09-at-16.56.17.jpeg 1024w, https:\/\/chefantoniosatrianocasola.com\/wp-content\/uploads\/2022\/07\/WhatsApp-Image-2022-06-09-at-16.56.17-600x450.jpeg 600w, https:\/\/chefantoniosatrianocasola.com\/wp-content\/uploads\/2022\/07\/WhatsApp-Image-2022-06-09-at-16.56.17-300x225.jpeg 300w, https:\/\/chefantoniosatrianocasola.com\/wp-content\/uploads\/2022\/07\/WhatsApp-Image-2022-06-09-at-16.56.17-768x576.jpeg 768w, https:\/\/chefantoniosatrianocasola.com\/wp-content\/uploads\/2022\/07\/WhatsApp-Image-2022-06-09-at-16.56.17-16x12.jpeg 16w\" sizes=\"auto, (max-width: 1024px) 100vw, 1024px\" \/><\/a><\/figure>\n\n\n\n<h4 class=\"has-text-align-center wp-block-heading\" style=\"font-size:18px\"><a href=\"https:\/\/chefantoniosatrianocasola.com\/it\/cooking-classes-in-positano\/\">Corsi di cucina a Positano<\/a><\/h4>\n<\/div><\/div><\/div>\n\n\n\n<div class=\"wp-block-stackable-column stk-block-column stk-block-column--v2 stk-column stk-block stk-01b65f7\" data-block-id=\"01b65f7\"><style>@media screen and (min-width:768px){.stk-01b65f7{flex:1 1 25% !important}}<\/style><div class=\"stk-column-wrapper stk-block-column__content stk-container stk-01b65f7-container stk--no-background stk--no-padding\"><div class=\"stk-block-content stk-inner-blocks stk-01b65f7-inner-blocks\">\n<figure class=\"wp-block-image size-large\"><a href=\"https:\/\/chefantoniosatrianocasola.com\/it\/amalfi-coast-cooking-classes\/\"><img loading=\"lazy\" decoding=\"async\" width=\"1024\" height=\"768\" src=\"https:\/\/chefantoniosatrianocasola.com\/wp-content\/uploads\/2022\/07\/WhatsApp-Image-2022-06-09-at-16.53.27-1024x768.jpeg\" alt=\"\" class=\"wp-image-419\" srcset=\"https:\/\/chefantoniosatrianocasola.com\/wp-content\/uploads\/2022\/07\/WhatsApp-Image-2022-06-09-at-16.53.27-1024x768.jpeg 1024w, https:\/\/chefantoniosatrianocasola.com\/wp-content\/uploads\/2022\/07\/WhatsApp-Image-2022-06-09-at-16.53.27-600x450.jpeg 600w, https:\/\/chefantoniosatrianocasola.com\/wp-content\/uploads\/2022\/07\/WhatsApp-Image-2022-06-09-at-16.53.27-300x225.jpeg 300w, https:\/\/chefantoniosatrianocasola.com\/wp-content\/uploads\/2022\/07\/WhatsApp-Image-2022-06-09-at-16.53.27-768x576.jpeg 768w, https:\/\/chefantoniosatrianocasola.com\/wp-content\/uploads\/2022\/07\/WhatsApp-Image-2022-06-09-at-16.53.27-1536x1152.jpeg 1536w, https:\/\/chefantoniosatrianocasola.com\/wp-content\/uploads\/2022\/07\/WhatsApp-Image-2022-06-09-at-16.53.27-16x12.jpeg 16w, https:\/\/chefantoniosatrianocasola.com\/wp-content\/uploads\/2022\/07\/WhatsApp-Image-2022-06-09-at-16.53.27.jpeg 1600w\" sizes=\"auto, (max-width: 1024px) 100vw, 1024px\" \/><\/a><\/figure>\n\n\n\n<h4 class=\"has-text-align-center wp-block-heading\" style=\"font-size:18px\"><a href=\"https:\/\/chefantoniosatrianocasola.com\/it\/amalfi-coast-cooking-classes\/\">Corsi di cucina in Costiera Amalfitana<\/a><\/h4>\n<\/div><\/div><\/div>\n<\/div><\/div>\n\n\n\n<div class=\"wp-block-stackable-columns stk-block-columns stk-block stk-0ec8b32\" data-block-id=\"0ec8b32\"><div class=\"stk-row stk-inner-blocks stk-block-content stk-content-align stk-0ec8b32-column\">\n<div class=\"wp-block-stackable-column stk-block-column stk-block-column--v2 stk-column stk-block stk-c720e69\" data-block-id=\"c720e69\"><div class=\"stk-column-wrapper stk-block-column__content stk-container stk-c720e69-container stk--no-background stk--no-padding\"><div class=\"stk-block-content stk-inner-blocks stk-c720e69-inner-blocks\">\n<div class=\"wp-block-stackable-subtitle stk-block-subtitle stk-block stk-51c237a\" data-block-id=\"51c237a\"><style>.stk-51c237a{margin-bottom:16px !important}.stk-51c237a .stk-block-subtitle__text{font-size:18px !important}@media screen and (max-width:1023px){.stk-51c237a .stk-block-subtitle__text{font-size:18px !important}}<\/style><p class=\"stk-block-subtitle__text stk-subtitle\">Vuoi sapere di pi\u00f9?<\/p><\/div>\n\n\n\n<div class=\"wp-block-stackable-heading stk-block-heading stk-block stk-534acd1\" id=\"contact-me\" data-block-id=\"534acd1\"><style>.stk-534acd1 .stk-block-heading__text{font-size:35px !important;margin:0 !important}@media screen and (max-width:1023px){.stk-534acd1 .stk-block-heading__text{font-size:35px !important}}<\/style><h2 class=\"stk-block-heading__text\">Contattami<\/h2><\/div>\n\n\n\n<div class=\"wp-block-stackable-text stk-block-text stk-block stk-279e739\" data-block-id=\"279e739\"><p class=\"stk-block-text__text\">Compilando il form potrai contattarmi e richiedere tutte le informazioni di cui necessiti! Io provveder\u00f2 a risponderti il prima possibile\u2026 Ti aspetto!<\/p><\/div>\n\n\n\n<p>Telefono:<a href=\"tel:39 3341711330\">39 3341711330<\/a><br>Email \u2013&nbsp;<a href=\"mailto:antoniosatriano94@gmail.com\">antoniosatriano94@gmail.com<\/a><br>Address \u2013 Positano, Amalfi Coast, Italy<\/p>\n<\/div><\/div><\/div>\n\n\n\n<div class=\"wp-block-stackable-column stk-block-column stk-block-column--v2 stk-column stk-block stk-879b922\" data-block-id=\"879b922\"><div class=\"stk-column-wrapper stk-block-column__content stk-container stk-879b922-container stk--no-background stk--no-padding\"><div class=\"stk-block-content stk-inner-blocks stk-879b922-inner-blocks\"><div class=\"wpforms-container wpforms-container-full\" id=\"wpforms-343\"><form id=\"wpforms-form-343\" class=\"wpforms-validate wpforms-form wpforms-ajax-form\" data-formid=\"343\" method=\"post\" enctype=\"multipart\/form-data\" action=\"\/it\/wp-json\/wp\/v2\/pages\/632\" data-token=\"b5188845e6b4a30a305a1e8a1ea4f162\" data-trp-original-action=\"\/it\/wp-json\/wp\/v2\/pages\/632\"><noscript class=\"wpforms-error-noscript\" data-no-translation=\"\" data-trp-gettext=\"\">Abilita JavaScript nel browser per completare questo modulo.<\/noscript><div class=\"wpforms-field-container\"><div id=\"wpforms-343-field_0-container\" class=\"wpforms-field wpforms-field-name\" data-field-id=\"0\"><label class=\"wpforms-field-label\" for=\"wpforms-343-field_0\">Nome <span class=\"wpforms-required-label\">*<\/span><\/label><div class=\"wpforms-field-row wpforms-field-medium\"><div class=\"wpforms-field-row-block wpforms-first wpforms-one-half\"><input type=\"text\" id=\"wpforms-343-field_0\" class=\"wpforms-field-name-first wpforms-field-required\" name=\"wpforms[fields][0][first]\" required><label for=\"wpforms-343-field_0\" class=\"wpforms-field-sublabel after\" data-no-translation=\"\" data-trp-gettext=\"\">Prima<\/label><\/div><div class=\"wpforms-field-row-block wpforms-one-half\"><input type=\"text\" id=\"wpforms-343-field_0-last\" class=\"wpforms-field-name-last wpforms-field-required\" name=\"wpforms[fields][0][last]\" required><label for=\"wpforms-343-field_0-last\" class=\"wpforms-field-sublabel after\" data-no-translation=\"\" data-trp-gettext=\"\">Scorsa<\/label><\/div><\/div><\/div><div id=\"wpforms-343-field_1-container\" class=\"wpforms-field wpforms-field-email\" data-field-id=\"1\"><label class=\"wpforms-field-label\" for=\"wpforms-343-field_1\">Email <span class=\"wpforms-required-label\">*<\/span><\/label><input type=\"email\" id=\"wpforms-343-field_1\" class=\"wpforms-field-medium wpforms-field-required\" name=\"wpforms[fields][1]\" required><\/div><div id=\"wpforms-343-field_4-container\" class=\"wpforms-field wpforms-field-text\" data-field-id=\"4\"><label class=\"wpforms-field-label\" for=\"wpforms-343-field_4\">Telefono<\/label><input type=\"text\" id=\"wpforms-343-field_4\" class=\"wpforms-field-medium\" name=\"wpforms[fields][4]\" ><\/div><div id=\"wpforms-343-field_5-container\" class=\"wpforms-field wpforms-field-select wpforms-field-select-style-classic\" data-field-id=\"5\"><label class=\"wpforms-field-label\" for=\"wpforms-343-field_5\">Cosa ti interessa? <span class=\"wpforms-required-label\">*<\/span><\/label><select id=\"wpforms-343-field_5\" class=\"wpforms-field-medium wpforms-field-required\" name=\"wpforms[fields][5]\" required=\"required\"><option value=\"Personal Chef\" >Cuoco personale<\/option><option value=\"Gift Card\" >Carta regalo<\/option><option value=\"Cooking Class\" >Corso di cucina<\/option><option value=\"Parties, Events and Ceremonies\" >Feste, Eventi e Cerimonie<\/option><\/select><\/div><div id=\"wpforms-343-field_2-container\" class=\"wpforms-field wpforms-field-textarea\" data-field-id=\"2\"><label class=\"wpforms-field-label\" for=\"wpforms-343-field_2\">Messaggio <span class=\"wpforms-required-label\">*<\/span><\/label><textarea id=\"wpforms-343-field_2\" class=\"wpforms-field-medium wpforms-field-required\" name=\"wpforms[fields][2]\" required><\/textarea><\/div><\/div><div class=\"wpforms-submit-container\"><input type=\"hidden\" name=\"wpforms[id]\" value=\"343\"><input type=\"hidden\" name=\"wpforms[author]\" value=\"1\"><button type=\"submit\" name=\"wpforms[submit]\" id=\"wpforms-submit-343\" class=\"wpforms-submit\" data-alt-text=\"Sending...\" data-submit-text=\"Submit\" aria-live=\"assertive\" value=\"wpforms-submit\">Invia<\/button><img loading=\"lazy\" decoding=\"async\" src=\"https:\/\/chefantoniosatrianocasola.com\/wp-content\/plugins\/wpforms-lite\/assets\/images\/submit-spin.svg\" class=\"wpforms-submit-spinner\" style=\"display: none;\" width=\"26\" height=\"26\" alt=\"Caricamento\" data-no-translation-alt=\"\"><\/div><input type=\"hidden\" name=\"trp-form-language\" value=\"it\"\/><\/form><\/div>  <!-- .wpforms-container --><\/div><\/div><\/div>\n<\/div><\/div>","protected":false},"excerpt":{"rendered":"<p>Private Cooking Classes In Italy It cannot be overstated how important cooking skills are for anyone living alone. Among the few options for learning to cook is to take cooking classes at the same time. No matter what level of culinary experience you have, taking cooking classes will be a great way to improve your talents or learn how to cook from scratch. The ability to prepare any type of meal you enjoy can be gained through cooking classes, which can also help you reduce the costs associated with eating out. Anyone can benefit from private cooking classes in Italy,\u2026<\/p>","protected":false},"author":1,"featured_media":0,"parent":0,"menu_order":0,"comment_status":"closed","ping_status":"closed","template":"","meta":{"pgc_sgb_lightbox_settings":"","footnotes":""},"class_list":["post-632","page","type-page","status-publish","hentry"],"blocksy_meta":{"styles_descriptor":{"styles":{"desktop":"","tablet":"","mobile":""},"google_fonts":[],"version":5}},"featured_image_urls":{"full":"","thumbnail":"","medium":"","medium_large":"","large":"","1536x1536":"","2048x2048":"","trp-custom-language-flag":"","woocommerce_thumbnail":"","woocommerce_single":"","woocommerce_gallery_thumbnail":""},"post_excerpt_stackable":"<p>Private Cooking Classes In Italy It cannot be overstated how important cooking skills are for anyone living alone. Among the few options for learning to cook is to take cooking classes at the same time. No matter what level of culinary experience you have, taking cooking classes will be a great way to improve your talents or learn how to cook from scratch. The ability to prepare any type of meal you enjoy can be gained through cooking classes, which can also help you reduce the costs associated with eating out. Anyone can benefit from private cooking classes in Italy,&hellip;<\/p>\n","category_list":"","author_info":{"name":"Satriano99","url":"https:\/\/chefantoniosatrianocasola.com\/it\/author\/satriano99\/"},"comments_num":"0 commenti","_links":{"self":[{"href":"https:\/\/chefantoniosatrianocasola.com\/it\/wp-json\/wp\/v2\/pages\/632","targetHints":{"allow":["GET"]}}],"collection":[{"href":"https:\/\/chefantoniosatrianocasola.com\/it\/wp-json\/wp\/v2\/pages"}],"about":[{"href":"https:\/\/chefantoniosatrianocasola.com\/it\/wp-json\/wp\/v2\/types\/page"}],"author":[{"embeddable":true,"href":"https:\/\/chefantoniosatrianocasola.com\/it\/wp-json\/wp\/v2\/users\/1"}],"replies":[{"embeddable":true,"href":"https:\/\/chefantoniosatrianocasola.com\/it\/wp-json\/wp\/v2\/comments?post=632"}],"version-history":[{"count":31,"href":"https:\/\/chefantoniosatrianocasola.com\/it\/wp-json\/wp\/v2\/pages\/632\/revisions"}],"predecessor-version":[{"id":952,"href":"https:\/\/chefantoniosatrianocasola.com\/it\/wp-json\/wp\/v2\/pages\/632\/revisions\/952"}],"wp:attachment":[{"href":"https:\/\/chefantoniosatrianocasola.com\/it\/wp-json\/wp\/v2\/media?parent=632"}],"curies":[{"name":"wp","href":"https:\/\/api.w.org\/{rel}","templated":true}]}}