{"id":1393,"date":"2024-06-18T09:49:06","date_gmt":"2024-06-18T07:49:06","guid":{"rendered":"https:\/\/chefantoniosatrianocasola.com\/?page_id=1393"},"modified":"2024-06-21T13:30:59","modified_gmt":"2024-06-21T11:30:59","slug":"chefs-catering-menu","status":"publish","type":"page","link":"https:\/\/chefantoniosatrianocasola.com\/it\/chefs-catering-menu\/","title":{"rendered":"Men\u00f9 ristorazione dello chef"},"content":{"rendered":"<div class=\"wp-block-stackable-columns stk-block-columns stk-block stk-12528df\" data-block-id=\"12528df\">\r\n<div class=\"stk-row stk-inner-blocks stk-block-content stk-content-align stk-12528df-column\">\r\n<div class=\"wp-block-stackable-column stk-block-column stk-block-column--v2 stk-column stk-block stk-412996a\" data-block-id=\"412996a\">\r\n<div class=\"stk-column-wrapper stk-block-column__content stk-container stk-412996a-container stk--no-background stk--no-padding\">\r\n<div class=\"stk-block-content stk-inner-blocks stk-412996a-inner-blocks\">\r\n\r\n\r\n<h2 class=\"has-medium-font-size wp-block-heading\">Le Creazioni Culinarie dello Chef Antonio Satriano Casola - Menu Catering<\/h2>\r\n\r\n<p style=\"font-size: 16px;\">Benvenuti nelle Creazioni Culinarie dello Chef Antonio Satriano Casola, il posto migliore dove andare per ottimi servizi di catering che renderanno ogni evento indimenticabile. Nostro <strong>Men\u00f9 Catering dello Chef,<\/strong>preparato con cura dallo chef Antonio, offre una vasta gamma di piatti deliziosi che sicuramente soddisferanno le vostre esigenze. Abbiamo deliziose scelte per te, sia che tu stia organizzando una piccola cena per due, una grande festa o semplicemente desideri un pasto delizioso dal menu del camion di cibo per catering dello chef.<\/p>\r\n\r\n\r\n\r\n<p style=\"font-size: 16px;\">Nei nostri piatti puoi trovare deliziosi antipasti come mini tortini di granchio e funghi ripieni, insalate colorate come insalata Caesar e insalata di spinaci e fragole, e portate principali come salmone in crosta di erbe e filetto di manzo. Ci sono anche tante prelibatezze tra cui scegliere, come la mousse al cioccolato e il tiramis\u00f9. Noi dello Chef Antonio Satriano Casola promettiamo di utilizzare solo i migliori prodotti e i metodi di cucina pi\u00f9 creativi per rendere il vostro evento indimenticabile. Portiamo l'arte della buona tavola al tuo evento e il nostro cibo delizioso ti aiuter\u00e0 a creare ricordi che dureranno tutta la vita.<\/p>\r\n<\/div>\r\n<\/div>\r\n<\/div>\r\n\r\n\r\n\r\n<div class=\"wp-block-stackable-column stk-block-column stk-block-column--v2 stk-column stk-block stk-c05b0a6\" data-block-id=\"c05b0a6\">\r\n<div class=\"stk-column-wrapper stk-block-column__content stk-container stk-c05b0a6-container stk--no-background stk--no-padding\">\r\n<div class=\"stk-block-content stk-inner-blocks stk-c05b0a6-inner-blocks\">\r\n<figure class=\"wp-block-image size-full\"><img decoding=\"async\" class=\"wp-image-454\" src=\"https:\/\/chefantoniosatrianocasola.com\/wp-content\/uploads\/2024\/06\/chefs-catering-menu.jpg\" alt=\"Chefs Catering Food Truck\" \/><\/figure>\r\n<\/div>\r\n<\/div>\r\n<\/div>\r\n<\/div>\r\n<\/div>\r\n\r\n\r\n\r\n<div class=\"wp-block-stackable-columns stk-block-columns stk-block stk-eeb0c12\" data-block-id=\"eeb0c12\">\r\n<div class=\"stk-row stk-inner-blocks stk-block-content stk-content-align stk-eeb0c12-column\">\r\n<div class=\"wp-block-stackable-column stk-block-column stk-block-column--v2 stk-column stk-block stk-c9d264b\" data-block-id=\"c9d264b\">\r\n<div class=\"stk-column-wrapper stk-block-column__content stk-container stk-c9d264b-container stk--no-background stk--no-padding\">\r\n<div class=\"stk-block-content stk-inner-blocks stk-c9d264b-inner-blocks\">\r\n<figure class=\"wp-block-image size-full\"><img decoding=\"async\" src=\"https:\/\/chefantoniosatrianocasola.com\/wp-content\/uploads\/2024\/06\/chefs-catering-menu__.jpg\" \/><\/figure>\r\n<\/div>\r\n<\/div>\r\n<\/div>\r\n\r\n\r\n\r\n<div class=\"wp-block-stackable-column stk-block-column stk-block-column--v2 stk-column stk-block stk-0c1f42f\" data-block-id=\"0c1f42f\">\r\n<div class=\"stk-column-wrapper stk-block-column__content stk-container stk-0c1f42f-container stk--no-background stk--no-padding\">\r\n<div class=\"stk-block-content stk-inner-blocks stk-0c1f42f-inner-blocks\">\r\n<h2 class=\"has-medium-font-size wp-block-heading\">La nostra filosofia<\/h2>\r\n\r\n\r\n\r\n<p style=\"font-size: 16px;\">Lo chef Antonio Satriano Casola pensa che il cibo sia molto pi\u00f9 di qualcosa che devi mangiare; \u00e8 anche qualcosa che dovrebbe piacerti. Lo chef Antonio mette tutto il suo amore e la sua fantasia in ogni piatto, affinch\u00e9 ogni boccone sia un viaggio di sapori. Promettiamo che il tuo evento sar\u00e0 un successo culinario perch\u00e9 utilizziamo solo i migliori prodotti e i metodi di cucina pi\u00f9 creativi.<\/p>\r\n\r\n\r\n\r\n<p style=\"font-size: 16px;\">Sappiamo che ogni cibo che prepariamo per i tuoi eventi, siano esse piccole cene o grandi feste, sar\u00e0 ricordato a lungo. Lo chef Antonio si impegna a creare il miglior cibo possibile e ogni piatto \u00e8 preparato con cura per soddisfare i sensi. Vogliamo portare la tua esperienza culinaria a un livello completamente nuovo, trasformandola in qualcosa di pi\u00f9 di un semplice pasto.<\/p>\r\n\r\n<h2 style=\"margin-top: 0; margin-bottom: 15px; font-size: 22px;\">Esplora il menu del catering del nostro chef<\/h2>\r\n\r\n<p style=\"font-size: 16px;\">La <strong>Men\u00f9 Catering dello Chef<\/strong> \u00e8 fatto per soddisfare una vasta gamma di gusti e interessi. Il nostro menu offre una vasta gamma di sapori, dai cibi tradizionali di conforto ai piatti gourmet moderni, quindi tutti saranno felici. Con uno chef personale a tua disposizione potrai conoscere l'alta cucina o semplicemente gustare piatti prelibati nella tranquillit\u00e0 che preferisci.<\/p>\r\n\r\n\r\n\r\n<p style=\"font-size: 16px;\">Nostro <strong>Men\u00f9 del ristorante dello chef<\/strong> ha molte scelte diverse ideali per riunioni di lavoro, ricevimenti nuziali, cocktail party, balli studenteschi, baby shower e altro ancora. Le idee per i menu cambiano ogni mese, quindi quando chiami assicurati di chiedere quali sono le novit\u00e0. Il nostro men\u00f9 prevede un'ampia scelta di antipasti, primi piatti e scelte per il pranzo, tutti preparati con cura e precisione.<\/p>\r\n<\/div>\r\n<\/div>\r\n<\/div>\r\n<\/div>\r\n<\/div>\r\n\r\n\r\n\r\n<div class=\"wp-block-stackable-columns stk-block-columns stk-block stk-54e0cdd\" data-block-id=\"54e0cdd\"><style>.stk-54e0cdd{margin-bottom:0px !important}<\/style>\r\n<div class=\"stk-row stk-inner-blocks stk-block-content stk-content-align stk-54e0cdd-column\">\r\n<div class=\"wp-block-stackable-column stk-block-column stk-block-column--v2 stk-column stk-block stk-fd62351\" data-block-id=\"fd62351\">\r\n<div class=\"stk-column-wrapper stk-block-column__content stk-container stk-fd62351-container stk--no-background stk--no-padding\">\r\n<div class=\"stk-block-content stk-inner-blocks stk-fd62351-inner-blocks\">\r\n\r\n\r\n<p style=\"font-size: 16px;\">Disponiamo anche di un menu per la cena dello chef, ottimo per gli eventi che si svolgono di notte. Il nostro menu di catering dello chef garantisce un pasto meraviglioso in ogni evento, che si tratti di un gala, di una cena di matrimonio o di una riunione serale. Sotto le stelle potrete gustare una variet\u00e0 di piatti gourmet, realizzati con cura e maestria per accontentare e stupire i vostri ospiti. Dai secondi piatti sfiziosi ai contorni gustosi e ai ricchi dessert.<\/p>\r\n\r\n\r\n\r\n<p style=\"font-size: 16px;\">Il menu del nostro Food Truck per catering dello chef offre gli stessi piatti di alta qualit\u00e0 in un pratico formato mobile per eventi che devono essere organizzati in movimento. Il nostro food truck porta cibo gourmet ovunque, rendendolo perfetto per festival, eventi all'aperto e riunioni di lavoro.<\/p>\r\n\r\n\r\n\r\n<p style=\"font-size: 16px;\">Non importa se si tratta di un incontro informale o di una festa formale, il nostro menu di catering per chef fa s\u00ec che ogni pasto sia un'esperienza unica. Colazioni, brunch, pranzi, aperitivi e cene diventano momenti che le persone non dimenticheranno mai.<\/p>\r\n\r\n<h2 class=\"has-medium-font-size\">Personalizzazione e Richieste Speciali<\/h2>\r\n\r\n<p style=\"font-size: 16px;\">Non esiste un evento uguale per le Creazioni Culinarie dello Chef Antonio Satriano Casola. Loro (lo chef Antonio e il suo staff) sono felici di modificare il menu per adattarlo alle tue esigenze e alle tue restrizioni dietetiche. Siamo qui per soddisfare le tue esigenze con creativit\u00e0 e accuratezza, sia che tu abbia bisogno di scelte senza glutine, vegane o adatte agli allergici.<\/p>\r\n\r\n\r\n\r\n<p style=\"font-size: 16px;\">Questo \u00e8 il nostro obiettivo: garantire che ogni ospite del tuo evento abbia un ottimo pasto che soddisfi i suoi gusti. Cerchiamo di andare oltre le vostre aspettative offrendovi consigli personalizzati sui menu e soddisfacendo le vostre esigenze speciali. Il nostro team \u00e8 impegnato a creare un menu che si adatti alla tua visione e renda migliore l'atmosfera del tuo evento, sia che ci\u00f2 significhi cambiare sapori, ingredienti o stili di presentazione.<\/p>\r\n\r\n<h2 class=\"has-medium-font-size\">Mettiti in contatto con noi oggi stesso<\/h2>\r\n\r\n<p style=\"font-size: 16px;\">Sei pronto per il menu catering del nostro chef per portare il tuo evento al livello successivo? Contattaci subito per parlare delle tue esigenze di ristorazione e preparare un pasto personalizzato che i tuoi ospiti ricorderanno. Nelle creazioni culinarie dello chef Antonio Satriano Casola, ci impegniamo a offrirti il \u200b\u200bmiglior servizio e il miglior cibo possibile.<\/p>\r\n\r\n\r\n\r\n<p style=\"font-size: 16px;\">Il nostro team \u00e8 impegnato a garantire che la tua esperienza culinaria sia perfetta, sia che tu stia pianificando un matrimonio, un evento aziendale, una festa di compleanno o qualcos'altro di unico. Dalla personalizzazione del menu all'assicurazione che tutto sia perfetto, lavoriamo duramente per andare oltre le tue aspettative e rendere il tuo evento indimenticabile.<\/p>\r\n\r\n\r\n\r\n<p style=\"font-size: 16px;\">Contattaci subito per iniziare a pianificare il tuo evento unico con le creazioni culinarie dello chef Antonio Satriano Casola. Permettici di realizzare i tuoi sogni culinari e di offrire a te e ai tuoi amici un'esperienza culinaria indimenticabile.<\/p>\r\n<\/div>\r\n<\/div>\r\n<\/div>\r\n<\/div>\r\n<\/div>\r\n\r\n\r\n\r\n<div class=\"wp-block-stackable-columns stk-block-columns stk-block stk-ebb5572\" data-block-id=\"ebb5572\">\r\n<div class=\"stk-row stk-inner-blocks stk-block-content stk-content-align stk-ebb5572-column\">\r\n<div class=\"wp-block-stackable-column stk-block-column stk-block-column--v2 stk-column stk-block stk-408af44\" data-block-id=\"408af44\">\r\n<div class=\"stk-column-wrapper stk-block-column__content stk-container stk-408af44-container stk--no-background stk--no-padding\">\r\n<div class=\"stk-block-content stk-inner-blocks stk-408af44-inner-blocks\">\r\n<div class=\"wp-block-stackable-subtitle stk-block-subtitle stk-block stk-ead8605\" data-block-id=\"ead8605\"><style>.stk-ead8605{margin-bottom:20px !important}<\/style>\r\n<p class=\"stk-block-subtitle__text stk-subtitle\">Vuoi sapere di pi\u00f9?<\/p>\r\n<\/div>\r\n\r\n\r\n\r\n<div id=\"contact-me\" class=\"wp-block-stackable-heading stk-block-heading stk-block stk-122bdc2\" data-block-id=\"122bdc2\"><style>.stk-122bdc2{margin-bottom:16px !important}.stk-122bdc2 .stk-block-heading__text{font-size:35px !important;margin:0 !important}@media screen and (max-width:1023px){.stk-122bdc2 .stk-block-heading__text{font-size:35px !important}}<\/style>\r\n<h2 class=\"stk-block-heading__text\">Contattami<\/h2>\r\n<\/div>\r\n\r\n\r\n\r\n<div class=\"wp-block-stackable-text stk-block-text stk-block stk-23f2774\" data-block-id=\"23f2774\"><style>.stk-23f2774 .stk-block-text__text{font-size:18px !important}@media screen and (max-width:1023px){.stk-23f2774 .stk-block-text__text{font-size:18px !important}}<\/style>\r\n<p class=\"stk-block-text__text\">Compilando il form potrai contattarmi e richiedere tutte le informazioni di cui necessiti! Io provveder\u00f2 a risponderti il prima possibile\u2026 Ti aspetto!<\/p>\r\n<\/div>\r\n\r\n\r\n\r\n<p>Telefono:<a href=\"tel:39 3341711330\">39 3341711330<\/a><br \/>Email \u2013\u00a0<a href=\"mailto:antoniosatriano94@gmail.com\">antoniosatriano94@gmail.com<\/a><br \/>Address \u2013 Positano, Amalfi Coast, Italy<\/p>\r\n<\/div>\r\n<\/div>\r\n<\/div>\r\n\r\n<h2>\u00a0<\/h2>\r\n\r\n<div class=\"wp-block-stackable-column stk-block-column stk-block-column--v2 stk-column stk-block stk-eba5332\" data-block-id=\"eba5332\">\r\n<div class=\"stk-column-wrapper stk-block-column__content stk-container stk-eba5332-container stk--no-background stk--no-padding\">\r\n<div class=\"stk-block-content stk-inner-blocks stk-eba5332-inner-blocks\"><div class=\"wpforms-container wpforms-container-full\" id=\"wpforms-343\"><form id=\"wpforms-form-343\" class=\"wpforms-validate wpforms-form wpforms-ajax-form\" data-formid=\"343\" method=\"post\" enctype=\"multipart\/form-data\" action=\"\/it\/wp-json\/wp\/v2\/pages\/1393\" data-token=\"b5188845e6b4a30a305a1e8a1ea4f162\" data-trp-original-action=\"\/it\/wp-json\/wp\/v2\/pages\/1393\"><noscript class=\"wpforms-error-noscript\" data-no-translation=\"\" data-trp-gettext=\"\">Abilita JavaScript nel browser per completare questo modulo.<\/noscript><div class=\"wpforms-field-container\"><div id=\"wpforms-343-field_0-container\" class=\"wpforms-field wpforms-field-name\" data-field-id=\"0\"><label class=\"wpforms-field-label\" for=\"wpforms-343-field_0\">Nome <span class=\"wpforms-required-label\">*<\/span><\/label><div class=\"wpforms-field-row wpforms-field-medium\"><div class=\"wpforms-field-row-block wpforms-first wpforms-one-half\"><input type=\"text\" id=\"wpforms-343-field_0\" class=\"wpforms-field-name-first wpforms-field-required\" name=\"wpforms[fields][0][first]\" required><label for=\"wpforms-343-field_0\" class=\"wpforms-field-sublabel after\" data-no-translation=\"\" data-trp-gettext=\"\">Prima<\/label><\/div><div class=\"wpforms-field-row-block wpforms-one-half\"><input type=\"text\" id=\"wpforms-343-field_0-last\" class=\"wpforms-field-name-last wpforms-field-required\" name=\"wpforms[fields][0][last]\" required><label for=\"wpforms-343-field_0-last\" class=\"wpforms-field-sublabel after\" data-no-translation=\"\" data-trp-gettext=\"\">Scorsa<\/label><\/div><\/div><\/div><div id=\"wpforms-343-field_1-container\" class=\"wpforms-field wpforms-field-email\" data-field-id=\"1\"><label class=\"wpforms-field-label\" for=\"wpforms-343-field_1\">Email <span class=\"wpforms-required-label\">*<\/span><\/label><input type=\"email\" id=\"wpforms-343-field_1\" class=\"wpforms-field-medium wpforms-field-required\" name=\"wpforms[fields][1]\" required><\/div><div id=\"wpforms-343-field_4-container\" class=\"wpforms-field wpforms-field-text\" data-field-id=\"4\"><label class=\"wpforms-field-label\" for=\"wpforms-343-field_4\">Telefono<\/label><input type=\"text\" id=\"wpforms-343-field_4\" class=\"wpforms-field-medium\" name=\"wpforms[fields][4]\" ><\/div><div id=\"wpforms-343-field_5-container\" class=\"wpforms-field wpforms-field-select wpforms-field-select-style-classic\" data-field-id=\"5\"><label class=\"wpforms-field-label\" for=\"wpforms-343-field_5\">Cosa ti interessa? <span class=\"wpforms-required-label\">*<\/span><\/label><select id=\"wpforms-343-field_5\" class=\"wpforms-field-medium wpforms-field-required\" name=\"wpforms[fields][5]\" required=\"required\"><option value=\"Personal Chef\" >Cuoco personale<\/option><option value=\"Gift Card\" >Carta regalo<\/option><option value=\"Cooking Class\" >Corso di cucina<\/option><option value=\"Parties, Events and Ceremonies\" >Feste, Eventi e Cerimonie<\/option><\/select><\/div><div id=\"wpforms-343-field_2-container\" class=\"wpforms-field wpforms-field-textarea\" data-field-id=\"2\"><label class=\"wpforms-field-label\" for=\"wpforms-343-field_2\">Messaggio <span class=\"wpforms-required-label\">*<\/span><\/label><textarea id=\"wpforms-343-field_2\" class=\"wpforms-field-medium wpforms-field-required\" name=\"wpforms[fields][2]\" required><\/textarea><\/div><\/div><div class=\"wpforms-submit-container\"><input type=\"hidden\" name=\"wpforms[id]\" value=\"343\"><input type=\"hidden\" name=\"wpforms[author]\" value=\"1\"><button type=\"submit\" name=\"wpforms[submit]\" id=\"wpforms-submit-343\" class=\"wpforms-submit\" data-alt-text=\"Sending...\" data-submit-text=\"Submit\" aria-live=\"assertive\" value=\"wpforms-submit\">Invia<\/button><img loading=\"lazy\" decoding=\"async\" src=\"https:\/\/chefantoniosatrianocasola.com\/wp-content\/plugins\/wpforms-lite\/assets\/images\/submit-spin.svg\" class=\"wpforms-submit-spinner\" style=\"display: none;\" width=\"26\" height=\"26\" alt=\"Caricamento\" data-no-translation-alt=\"\"><\/div><input type=\"hidden\" name=\"trp-form-language\" value=\"it\"\/><\/form><\/div>  <!-- .wpforms-container --><\/div>\r\n<\/div>\r\n<\/div>\r\n<\/div>\r\n<\/div>","protected":false},"excerpt":{"rendered":"<p>Chef Antonio Satriano Casola&#8217;s Culinary Creations- Catering Menu Delicious appetizers like Mini Crab Cakes and Stuffed Mushrooms, colorful salads like Caesar Salad and Spinach and Strawberry Salad, and main courses like Herb-Crusted Salmon and Beef Tenderloin can all be found on our plates. There are also many rich treats to choose from, such as Chocolate Mousse and Tiramisu. We at Chef Antonio Satriano Casola promise to use only the best products and the most creative cooking methods to make your event one that everyone will remember. Let us bring the art of good dining to your event, and our delicious\u2026<\/p>","protected":false},"author":1,"featured_media":0,"parent":0,"menu_order":0,"comment_status":"closed","ping_status":"closed","template":"","meta":{"pgc_sgb_lightbox_settings":"","footnotes":""},"class_list":["post-1393","page","type-page","status-publish","hentry"],"blocksy_meta":{"styles_descriptor":{"styles":{"desktop":"","tablet":"","mobile":""},"google_fonts":[],"version":5}},"featured_image_urls":{"full":"","thumbnail":"","medium":"","medium_large":"","large":"","1536x1536":"","2048x2048":"","trp-custom-language-flag":"","woocommerce_thumbnail":"","woocommerce_single":"","woocommerce_gallery_thumbnail":""},"post_excerpt_stackable":"<p>Chef Antonio Satriano Casola&#8217;s Culinary Creations- Catering Menu Welcome to Chef Antonio Satriano Casola&#8217;s Culinary Creations, the best place to go for great catering services that will make any event unforgettable. Our Chef&#8217;s Catering Menu,which was carefully put together by Chef Antonio, has a wide range of delicious meals that are sure to meet your needs. We have delicious choices for you whether you&#8217;re having a small dinner for two, a big party, or just want a delicious meal from our Chef&#8217;s Catering Food Truck Menu. Delicious appetizers like Mini Crab Cakes and Stuffed Mushrooms, colorful salads like Caesar Salad&hellip;<\/p>\n","category_list":"","author_info":{"name":"Satriano99","url":"https:\/\/chefantoniosatrianocasola.com\/it\/author\/satriano99\/"},"comments_num":"0 commenti","_links":{"self":[{"href":"https:\/\/chefantoniosatrianocasola.com\/it\/wp-json\/wp\/v2\/pages\/1393","targetHints":{"allow":["GET"]}}],"collection":[{"href":"https:\/\/chefantoniosatrianocasola.com\/it\/wp-json\/wp\/v2\/pages"}],"about":[{"href":"https:\/\/chefantoniosatrianocasola.com\/it\/wp-json\/wp\/v2\/types\/page"}],"author":[{"embeddable":true,"href":"https:\/\/chefantoniosatrianocasola.com\/it\/wp-json\/wp\/v2\/users\/1"}],"replies":[{"embeddable":true,"href":"https:\/\/chefantoniosatrianocasola.com\/it\/wp-json\/wp\/v2\/comments?post=1393"}],"version-history":[{"count":6,"href":"https:\/\/chefantoniosatrianocasola.com\/it\/wp-json\/wp\/v2\/pages\/1393\/revisions"}],"predecessor-version":[{"id":1425,"href":"https:\/\/chefantoniosatrianocasola.com\/it\/wp-json\/wp\/v2\/pages\/1393\/revisions\/1425"}],"wp:attachment":[{"href":"https:\/\/chefantoniosatrianocasola.com\/it\/wp-json\/wp\/v2\/media?parent=1393"}],"curies":[{"name":"wp","href":"https:\/\/api.w.org\/{rel}","templated":true}]}}