{"id":1388,"date":"2024-06-18T09:39:39","date_gmt":"2024-06-18T07:39:39","guid":{"rendered":"https:\/\/chefantoniosatrianocasola.com\/?page_id=1388"},"modified":"2024-06-21T13:45:13","modified_gmt":"2024-06-21T11:45:13","slug":"private-chef-for-wedding","status":"publish","type":"page","link":"https:\/\/chefantoniosatrianocasola.com\/it\/private-chef-for-wedding\/","title":{"rendered":"Chef privato per matrimoni"},"content":{"rendered":"<div class=\"wp-block-stackable-columns stk-block-columns stk-block stk-12528df\" data-block-id=\"12528df\">\r\n<div class=\"stk-row stk-inner-blocks stk-block-content stk-content-align stk-12528df-column\">\r\n<div class=\"wp-block-stackable-column stk-block-column stk-block-column--v2 stk-column stk-block stk-412996a\" data-block-id=\"412996a\">\r\n<div class=\"stk-column-wrapper stk-block-column__content stk-container stk-412996a-container stk--no-background stk--no-padding\">\r\n<div class=\"stk-block-content stk-inner-blocks stk-412996a-inner-blocks\">\r\n\r\n\r\n<h2 class=\"has-medium-font-size wp-block-heading\">Vivi l'eleganza di uno chef privato per il tuo matrimonio<\/h2>\r\n\r\n<p style=\"font-size: 16px;\">Ogni piccola cosa conta quando pianifichi un matrimonio. Tutto deve essere perfetto, dai fiori alla musica. Il cibo \u00e8 una delle parti pi\u00f9 importanti di un matrimonio che le persone ricorderanno. Assumere a <strong>chef privato per la cerimonia nuziale<\/strong> \u00e8 un'ottima idea per le coppie che vogliono rendere la loro esperienza ancora migliore. Lo chef Antonio Satriano Casola si occupa di catering per matrimoni da molto tempo e aggiunge quel tocco di magia culinaria che trasforma i normali matrimoni in eventi speciali.<\/p>\r\n\r\n\r\n\r\n<p style=\"font-size: 16px;\">Quando assumi lo Chef Antonio, ottieni un menu creato appositamente per i tuoi gusti e preferenze. In questo modo puoi essere certo che ogni piatto piacer\u00e0 ai tuoi ospiti e lascer\u00e0 un ricordo indelebile. Poich\u00e9 presta molta attenzione ad ogni dettaglio e utilizza solo i migliori prodotti, puoi essere certo che il tuo pasto sar\u00e0 sofisticato e memorabile. Assumi lo Chef Antonio Satriano Casola per il tuo matrimonio per renderlo un giorno davvero speciale.<\/p>\r\n<\/div>\r\n<\/div>\r\n<\/div>\r\n\r\n\r\n\r\n<div class=\"wp-block-stackable-column stk-block-column stk-block-column--v2 stk-column stk-block stk-c05b0a6\" data-block-id=\"c05b0a6\">\r\n<div class=\"stk-column-wrapper stk-block-column__content stk-container stk-c05b0a6-container stk--no-background stk--no-padding\">\r\n<div class=\"stk-block-content stk-inner-blocks stk-c05b0a6-inner-blocks\">\r\n<figure class=\"wp-block-image size-full\"><img decoding=\"async\" class=\"wp-image-454\" src=\"https:\/\/chefantoniosatrianocasola.com\/wp-content\/uploads\/2024\/06\/private-chef-for-wedding-01.jpg\" alt=\"Chefs Catering Food Truck\" \/><\/figure>\r\n<\/div>\r\n<\/div>\r\n<\/div>\r\n<\/div>\r\n<\/div>\r\n\r\n\r\n\r\n<div class=\"wp-block-stackable-columns stk-block-columns stk-block stk-eeb0c12\" data-block-id=\"eeb0c12\">\r\n<div class=\"stk-row stk-inner-blocks stk-block-content stk-content-align stk-eeb0c12-column\">\r\n<div class=\"wp-block-stackable-column stk-block-column stk-block-column--v2 stk-column stk-block stk-c9d264b\" data-block-id=\"c9d264b\">\r\n<div class=\"stk-column-wrapper stk-block-column__content stk-container stk-c9d264b-container stk--no-background stk--no-padding\">\r\n<div class=\"stk-block-content stk-inner-blocks stk-c9d264b-inner-blocks\">\r\n<figure class=\"wp-block-image size-full\"><img decoding=\"async\" class=\"wp-image-426\" src=\"https:\/\/chefantoniosatrianocasola.com\/wp-content\/uploads\/2024\/06\/chefs_catering-food-truck__2.jpg\" alt=\"Cooking Class Amalfi Coast\" \/><\/figure>\r\n<\/div>\r\n<\/div>\r\n<\/div>\r\n\r\n\r\n\r\n<div class=\"wp-block-stackable-column stk-block-column stk-block-column--v2 stk-column stk-block stk-0c1f42f\" data-block-id=\"0c1f42f\">\r\n<div class=\"stk-column-wrapper stk-block-column__content stk-container stk-0c1f42f-container stk--no-background stk--no-padding\">\r\n<div class=\"stk-block-content stk-inner-blocks stk-0c1f42f-inner-blocks\">\r\n<h2 class=\"has-medium-font-size wp-block-heading\">Perch\u00e9 assumere uno chef privato per il tuo ricevimento di nozze?<\/h2>\r\n\r\n\r\n\r\n<p style=\"font-size: 16px;\"><strong>Noleggio di uno chef privato per il ricevimento di nozze,<\/strong> puoi essere sicuro che il cibo sar\u00e0 preparato secondo i tuoi gusti e preferenze. Lo chef Antonio Satriano Casola \u00e8 un esperto nel preparare pasti che siano esattamente ci\u00f2 che desideri. Lo chef Antonio pu\u00f2 creare un menu che renda felici i tuoi ospiti e aggiunga un tocco di classe al tuo giorno speciale, sia che tu voglia un pasto standard a pi\u00f9 portate o una nuova e moderna esperienza culinaria. Possiamo anche lavorare come <strong>chef privato per anniversario di matrimonio.<\/strong>Perch\u00e9 un anniversario di matrimonio \u00e8 un segno di amore e di impegno che dura tutta la vita. Un cuoco privato sarebbe un ottimo modo per celebrare questo importante evento. Quando si tratta di anniversari di matrimonio, lo chef Antonio Satriano Casola apporta lo stesso livello di qualit\u00e0 e attenzione ai dettagli che riserva alle feste di matrimonio. Immagina di avere uno chef di prim'ordine che organizza una cena romantica per due o una festa elegante per i tuoi amici e familiari. Con lo Chef Antonio, la cena del tuo anniversario sar\u00e0 un'opera d'arte e la festa sar\u00e0 indimenticabile.<\/p>\r\n\r\n<h2 class=\"has-medium-font-size\">Chef di catering per matrimoni con competenza senza eguali<\/h2>\r\n\r\n<p style=\"font-size: 16px;\">Lo chef Antonio Satriano Casola ha un'ottima reputazione per essere uno dei migliori <strong>chef di catering per matrimoni.<\/strong> Poich\u00e9 ama la perfezione e ha molta esperienza in cucina, si assicura che ogni piatto sia preparato secondo gli standard pi\u00f9 elevati. Ogni boccone mostra quanto lo chef Antonio sia dedito al suo lavoro, dalla ricerca dei cibi pi\u00f9 freschi all'assicurarsi che la presentazione sia perfetta. Se lo assumi per servire il tuo matrimonio, puoi essere certo che i tuoi ospiti consumeranno un pasto delizioso e memorabile.<\/p>\r\n<\/div>\r\n<\/div>\r\n<\/div>\r\n<\/div>\r\n<\/div>\r\n\r\n\r\n\r\n<div class=\"wp-block-stackable-columns stk-block-columns stk-block stk-54e0cdd\" data-block-id=\"54e0cdd\"><style>.stk-54e0cdd{margin-bottom:0px !important}<\/style>\r\n<div class=\"stk-row stk-inner-blocks stk-block-content stk-content-align stk-54e0cdd-column\">\r\n<div class=\"wp-block-stackable-column stk-block-column stk-block-column--v2 stk-column stk-block stk-fd62351\" data-block-id=\"fd62351\">\r\n<div class=\"stk-column-wrapper stk-block-column__content stk-container stk-fd62351-container stk--no-background stk--no-padding\">\r\n<div class=\"stk-block-content stk-inner-blocks stk-fd62351-inner-blocks\">\r\n<h2 class=\"has-medium-font-size\">Matrimoni con chef privati: un viaggio culinario personalizzato<\/h2>\r\n\r\n<p style=\"font-size: 16px;\">Una delle cose migliori di avere un <strong>matrimonio con chef privato<\/strong> \u00e8 che puoi cambiare tutto riguardo al cibo. Lo chef Antonio lavora a stretto contatto con le coppie per conoscere i loro gusti in fatto di cibo, le eventuali esigenze dietetiche e il tema generale del loro matrimonio. Questo modo di lavorare insieme crea un pasto che non solo soddisfa le esigenze ma impressiona anche. Lo chef Antonio pu\u00f2 realizzare il menu dei tuoi sogni, che si tratti di una festa tradizionale italiana, di un mix esotico di sapori o di un menu senza prodotti di origine animale.<\/p>\r\n\r\n<h2 class=\"has-medium-font-size\">Termina la tua ricerca di uno chef per matrimoni con lo chef Antonio Satriano Casola<\/h2>\r\n\r\n<p style=\"font-size: 16px;\">La ricerca di uno \u201cchef per matrimoni vicino a me\u201d pu\u00f2 essere difficile, ma la tua ricerca \u00e8 finita con il cuoco Antonio Satriano Casola. Mettiti subito in contatto con noi per assumere uno chef per il matrimonio e assicurarti che il cibo vada oltre i tuoi sogni pi\u00f9 sfrenati.<\/p>\r\n\r\n\r\n\r\n<p style=\"font-size: 16px;\">Potete essere certi che ogni parte del cibo per il vostro matrimonio sar\u00e0 attentamente pianificata e realizzata alla perfezione sotto la guida dello Chef Antonio. Lo Chef Antonio lavorer\u00e0 a stretto contatto con voi dal primo incontro allo spettacolo finale per realizzare un menu unico secondo i vostri gusti e preferenze.<\/p>\r\n\r\n\r\n\r\n<p style=\"font-size: 16px;\">Lo chef Antonio render\u00e0 le sue deliziose creazioni adatte alla tua visione, sia che tu voglia un grande evento con un fantasioso pasto a pi\u00f9 portate o un piccolo incontro con deliziosi piccoli piatti. Lo chef Antonio stupir\u00e0 i tuoi ospiti con piatti belli e deliziosi. Utilizzer\u00e0 solo i migliori ingredienti e le sue abilit\u00e0 culinarie sono perfette. Non accontentarti del cibo normale al tuo matrimonio. Goditi il \u200b\u200bcomfort di uno chef privato con i tuoi amici e crea ricordi che dureranno tutta la vita. Contattaci subito per prenotare lo Chef Antonio Satriano Casola per il tuo matrimonio e assicurarti un pasto memorabile.<\/p>\r\n<\/div>\r\n<\/div>\r\n<\/div>\r\n<\/div>\r\n<\/div>\r\n\r\n\r\n\r\n<div class=\"wp-block-stackable-columns stk-block-columns stk-block stk-ebb5572\" data-block-id=\"ebb5572\">\r\n<div class=\"stk-row stk-inner-blocks stk-block-content stk-content-align stk-ebb5572-column\">\r\n<div class=\"wp-block-stackable-column stk-block-column stk-block-column--v2 stk-column stk-block stk-408af44\" data-block-id=\"408af44\">\r\n<div class=\"stk-column-wrapper stk-block-column__content stk-container stk-408af44-container stk--no-background stk--no-padding\">\r\n<div class=\"stk-block-content stk-inner-blocks stk-408af44-inner-blocks\">\r\n<div class=\"wp-block-stackable-subtitle stk-block-subtitle stk-block stk-ead8605\" data-block-id=\"ead8605\"><style>.stk-ead8605{margin-bottom:20px !important}<\/style>\r\n<p class=\"stk-block-subtitle__text stk-subtitle\">Vuoi sapere di pi\u00f9?<\/p>\r\n<\/div>\r\n\r\n\r\n\r\n<div id=\"contact-me\" class=\"wp-block-stackable-heading stk-block-heading stk-block stk-122bdc2\" data-block-id=\"122bdc2\"><style>.stk-122bdc2{margin-bottom:16px !important}.stk-122bdc2 .stk-block-heading__text{font-size:35px !important;margin:0 !important}@media screen and (max-width:1023px){.stk-122bdc2 .stk-block-heading__text{font-size:35px !important}}<\/style>\r\n<h2 class=\"stk-block-heading__text\">Contattami<\/h2>\r\n<\/div>\r\n\r\n\r\n\r\n<div class=\"wp-block-stackable-text stk-block-text stk-block stk-23f2774\" data-block-id=\"23f2774\"><style>.stk-23f2774 .stk-block-text__text{font-size:18px !important}@media screen and (max-width:1023px){.stk-23f2774 .stk-block-text__text{font-size:18px !important}}<\/style>\r\n<p class=\"stk-block-text__text\">Compilando il form potrai contattarmi e richiedere tutte le informazioni di cui necessiti! Io provveder\u00f2 a risponderti il prima possibile\u2026 Ti aspetto!<\/p>\r\n<\/div>\r\n\r\n\r\n\r\n<p>Telefono:<a href=\"tel:39 3341711330\">39 3341711330<\/a><br \/>Email \u2013\u00a0<a href=\"mailto:antoniosatriano94@gmail.com\">antoniosatriano94@gmail.com<\/a><br \/>Address \u2013 Positano, Amalfi Coast, Italy<\/p>\r\n<\/div>\r\n<\/div>\r\n<\/div>\r\n\r\n<h2>\u00a0<\/h2>\r\n\r\n<div class=\"wp-block-stackable-column stk-block-column stk-block-column--v2 stk-column stk-block stk-eba5332\" data-block-id=\"eba5332\">\r\n<div class=\"stk-column-wrapper stk-block-column__content stk-container stk-eba5332-container stk--no-background stk--no-padding\">\r\n<div class=\"stk-block-content stk-inner-blocks stk-eba5332-inner-blocks\"><div class=\"wpforms-container wpforms-container-full\" id=\"wpforms-343\"><form id=\"wpforms-form-343\" class=\"wpforms-validate wpforms-form wpforms-ajax-form\" data-formid=\"343\" method=\"post\" enctype=\"multipart\/form-data\" action=\"\/it\/wp-json\/wp\/v2\/pages\/1388\" data-token=\"b5188845e6b4a30a305a1e8a1ea4f162\" data-trp-original-action=\"\/it\/wp-json\/wp\/v2\/pages\/1388\"><noscript class=\"wpforms-error-noscript\" data-no-translation=\"\" data-trp-gettext=\"\">Abilita JavaScript nel browser per completare questo modulo.<\/noscript><div class=\"wpforms-field-container\"><div id=\"wpforms-343-field_0-container\" class=\"wpforms-field wpforms-field-name\" data-field-id=\"0\"><label class=\"wpforms-field-label\" for=\"wpforms-343-field_0\">Nome <span class=\"wpforms-required-label\">*<\/span><\/label><div class=\"wpforms-field-row wpforms-field-medium\"><div class=\"wpforms-field-row-block wpforms-first wpforms-one-half\"><input type=\"text\" id=\"wpforms-343-field_0\" class=\"wpforms-field-name-first wpforms-field-required\" name=\"wpforms[fields][0][first]\" required><label for=\"wpforms-343-field_0\" class=\"wpforms-field-sublabel after\" data-no-translation=\"\" data-trp-gettext=\"\">Prima<\/label><\/div><div class=\"wpforms-field-row-block wpforms-one-half\"><input type=\"text\" id=\"wpforms-343-field_0-last\" class=\"wpforms-field-name-last wpforms-field-required\" name=\"wpforms[fields][0][last]\" required><label for=\"wpforms-343-field_0-last\" class=\"wpforms-field-sublabel after\" data-no-translation=\"\" data-trp-gettext=\"\">Scorsa<\/label><\/div><\/div><\/div><div id=\"wpforms-343-field_1-container\" class=\"wpforms-field wpforms-field-email\" data-field-id=\"1\"><label class=\"wpforms-field-label\" for=\"wpforms-343-field_1\">Email <span class=\"wpforms-required-label\">*<\/span><\/label><input type=\"email\" id=\"wpforms-343-field_1\" class=\"wpforms-field-medium wpforms-field-required\" name=\"wpforms[fields][1]\" required><\/div><div id=\"wpforms-343-field_4-container\" class=\"wpforms-field wpforms-field-text\" data-field-id=\"4\"><label class=\"wpforms-field-label\" for=\"wpforms-343-field_4\">Telefono<\/label><input type=\"text\" id=\"wpforms-343-field_4\" class=\"wpforms-field-medium\" name=\"wpforms[fields][4]\" ><\/div><div id=\"wpforms-343-field_5-container\" class=\"wpforms-field wpforms-field-select wpforms-field-select-style-classic\" data-field-id=\"5\"><label class=\"wpforms-field-label\" for=\"wpforms-343-field_5\">Cosa ti interessa? <span class=\"wpforms-required-label\">*<\/span><\/label><select id=\"wpforms-343-field_5\" class=\"wpforms-field-medium wpforms-field-required\" name=\"wpforms[fields][5]\" required=\"required\"><option value=\"Personal Chef\" >Cuoco personale<\/option><option value=\"Gift Card\" >Carta regalo<\/option><option value=\"Cooking Class\" >Corso di cucina<\/option><option value=\"Parties, Events and Ceremonies\" >Feste, Eventi e Cerimonie<\/option><\/select><\/div><div id=\"wpforms-343-field_2-container\" class=\"wpforms-field wpforms-field-textarea\" data-field-id=\"2\"><label class=\"wpforms-field-label\" for=\"wpforms-343-field_2\">Messaggio <span class=\"wpforms-required-label\">*<\/span><\/label><textarea id=\"wpforms-343-field_2\" class=\"wpforms-field-medium wpforms-field-required\" name=\"wpforms[fields][2]\" required><\/textarea><\/div><\/div><div class=\"wpforms-submit-container\"><input type=\"hidden\" name=\"wpforms[id]\" value=\"343\"><input type=\"hidden\" name=\"wpforms[author]\" value=\"1\"><button type=\"submit\" name=\"wpforms[submit]\" id=\"wpforms-submit-343\" class=\"wpforms-submit\" data-alt-text=\"Sending...\" data-submit-text=\"Submit\" aria-live=\"assertive\" value=\"wpforms-submit\">Invia<\/button><img loading=\"lazy\" decoding=\"async\" src=\"https:\/\/chefantoniosatrianocasola.com\/wp-content\/plugins\/wpforms-lite\/assets\/images\/submit-spin.svg\" class=\"wpforms-submit-spinner\" style=\"display: none;\" width=\"26\" height=\"26\" alt=\"Caricamento\" data-no-translation-alt=\"\"><\/div><input type=\"hidden\" name=\"trp-form-language\" value=\"it\"\/><\/form><\/div>  <!-- .wpforms-container --><\/div>\r\n<\/div>\r\n<\/div>\r\n<\/div>\r\n<\/div>","protected":false},"excerpt":{"rendered":"<p>Experience the Elegance of a Private Chef for Your Wedding When you hire Chef Antonio, you get a menu that is specially made for your tastes and preferences. This way, you can be sure that every dish will please your guests and leave a lasting impression. Because he pays close attention to every detail and only uses the best products, you can be sure that your meal will be both sophisticated and memorable. Hire Chef Antonio Satriano Casola for your wedding to make it a truly special day. Why Hire a Private Chef for Your Wedding Reception? A private chef\u2026<\/p>","protected":false},"author":1,"featured_media":0,"parent":0,"menu_order":0,"comment_status":"closed","ping_status":"closed","template":"","meta":{"pgc_sgb_lightbox_settings":"","footnotes":""},"class_list":["post-1388","page","type-page","status-publish","hentry"],"blocksy_meta":{"styles_descriptor":{"styles":{"desktop":"","tablet":"","mobile":""},"google_fonts":[],"version":5}},"featured_image_urls":{"full":"","thumbnail":"","medium":"","medium_large":"","large":"","1536x1536":"","2048x2048":"","trp-custom-language-flag":"","woocommerce_thumbnail":"","woocommerce_single":"","woocommerce_gallery_thumbnail":""},"post_excerpt_stackable":"<p>Experience the Elegance of a Private Chef for Your Wedding Every little thing counts when you&#8217;re planning a wedding. Everything has to be just right, from the flowers to the music. The food is one of the most important parts of a wedding that people will remember. Hiring a private chef for the wedding function is a great idea for couples who want to make their experience even better. Chef Antonio Satriano Casola has been catering weddings for a long time and adds a touch of culinary magic that makes regular weddings into special events. When you hire Chef Antonio,&hellip;<\/p>\n","category_list":"","author_info":{"name":"Satriano99","url":"https:\/\/chefantoniosatrianocasola.com\/it\/author\/satriano99\/"},"comments_num":"0 commenti","_links":{"self":[{"href":"https:\/\/chefantoniosatrianocasola.com\/it\/wp-json\/wp\/v2\/pages\/1388","targetHints":{"allow":["GET"]}}],"collection":[{"href":"https:\/\/chefantoniosatrianocasola.com\/it\/wp-json\/wp\/v2\/pages"}],"about":[{"href":"https:\/\/chefantoniosatrianocasola.com\/it\/wp-json\/wp\/v2\/types\/page"}],"author":[{"embeddable":true,"href":"https:\/\/chefantoniosatrianocasola.com\/it\/wp-json\/wp\/v2\/users\/1"}],"replies":[{"embeddable":true,"href":"https:\/\/chefantoniosatrianocasola.com\/it\/wp-json\/wp\/v2\/comments?post=1388"}],"version-history":[{"count":4,"href":"https:\/\/chefantoniosatrianocasola.com\/it\/wp-json\/wp\/v2\/pages\/1388\/revisions"}],"predecessor-version":[{"id":1422,"href":"https:\/\/chefantoniosatrianocasola.com\/it\/wp-json\/wp\/v2\/pages\/1388\/revisions\/1422"}],"wp:attachment":[{"href":"https:\/\/chefantoniosatrianocasola.com\/it\/wp-json\/wp\/v2\/media?parent=1388"}],"curies":[{"name":"wp","href":"https:\/\/api.w.org\/{rel}","templated":true}]}}