{"id":1367,"date":"2024-06-18T08:51:02","date_gmt":"2024-06-18T06:51:02","guid":{"rendered":"https:\/\/chefantoniosatrianocasola.com\/?page_id=1367"},"modified":"2024-06-21T13:29:44","modified_gmt":"2024-06-21T11:29:44","slug":"chefs-catering-food-truck","status":"publish","type":"page","link":"https:\/\/chefantoniosatrianocasola.com\/it\/chefs-catering-food-truck\/","title":{"rendered":"Chef Catering Food Truck"},"content":{"rendered":"<div class=\"wp-block-stackable-columns stk-block-columns stk-block stk-12528df\" data-block-id=\"12528df\">\r\n<div class=\"stk-row stk-inner-blocks stk-block-content stk-content-align stk-12528df-column\">\r\n<div class=\"wp-block-stackable-column stk-block-column stk-block-column--v2 stk-column stk-block stk-412996a\" data-block-id=\"412996a\">\r\n<div class=\"stk-column-wrapper stk-block-column__content stk-container stk-412996a-container stk--no-background stk--no-padding\">\r\n<div class=\"stk-block-content stk-inner-blocks stk-412996a-inner-blocks\">\r\n\r\n\r\n<h2 class=\"has-medium-font-size wp-block-heading\">Prova delizie culinarie eccezionali con il Food Truck dello chef<\/h2>\r\n\r\n<p style=\"font-size: 16px;\">Benvenuti al Food Truck dello Chef Antonio Satriano Casola, un luogo unico dove l'ottimo cibo e la comodit\u00e0 di un food truck si uniscono. Il nostro Food Truck porta piatti gourmet direttamente a te, sia che tu stia pianificando un evento aziendale, un ricevimento di nozze, una festa di compleanno o qualsiasi altro evento speciale. I piatti sono preparati da cuochi esperti che amano creare esperienze culinarie memorabili.<\/p>\r\n\r\n\r\n\r\n<p style=\"font-size: 16px;\">Nostro <strong>Food Truck per il catering dello chef<\/strong> non \u00e8 solo una cucina mobile; \u00e8 un raffinato ristorante su ruote che va da un posto all'altro servendo cibo di alta qualit\u00e0 con un tocco personale. I nostri chef usano le loro abilit\u00e0 in cucina insieme alla portabilit\u00e0 e alla libert\u00e0 di un camion di cibo per offrirti una vasta gamma di cibi che soddisferanno tutti. I nostri abili cuochi, che hanno lavorato in alcune delle migliori cucine, sono il cuore dello Chef Antonio Food Truck. Ogni chef ha il proprio stile e la propria area di competenza, quindi ogni pasto non \u00e8 solo gustoso ma anche un'opera d'arte. I nostri cuochi si impegnano a preparare pasti che vanno oltre le vostre aspettative, dai tradizionali cibi di conforto a piatti nuovi e creativi.<\/p>\r\n<\/div>\r\n<\/div>\r\n<\/div>\r\n\r\n\r\n\r\n<div class=\"wp-block-stackable-column stk-block-column stk-block-column--v2 stk-column stk-block stk-c05b0a6\" data-block-id=\"c05b0a6\">\r\n<div class=\"stk-column-wrapper stk-block-column__content stk-container stk-c05b0a6-container stk--no-background stk--no-padding\">\r\n<div class=\"stk-block-content stk-inner-blocks stk-c05b0a6-inner-blocks\">\r\n<figure class=\"wp-block-image size-full\"><img decoding=\"async\" class=\"wp-image-454\" src=\"https:\/\/chefantoniosatrianocasola.com\/wp-content\/uploads\/2024\/06\/chefs-catering-food-truck-img.jpg\" alt=\"Chefs Catering Food Truck\" \/><\/figure>\r\n<\/div>\r\n<\/div>\r\n<\/div>\r\n<\/div>\r\n<\/div>\r\n\r\n\r\n\r\n<div class=\"wp-block-stackable-columns stk-block-columns stk-block stk-eeb0c12\" data-block-id=\"eeb0c12\">\r\n<div class=\"stk-row stk-inner-blocks stk-block-content stk-content-align stk-eeb0c12-column\">\r\n<div class=\"wp-block-stackable-column stk-block-column stk-block-column--v2 stk-column stk-block stk-c9d264b\" data-block-id=\"c9d264b\">\r\n<div class=\"stk-column-wrapper stk-block-column__content stk-container stk-c9d264b-container stk--no-background stk--no-padding\">\r\n<div class=\"stk-block-content stk-inner-blocks stk-c9d264b-inner-blocks\">\r\n<figure class=\"wp-block-image size-full\"><img decoding=\"async\" class=\"wp-image-426\" src=\"https:\/\/chefantoniosatrianocasola.com\/wp-content\/uploads\/2024\/06\/chefs_catering-food-truck__2.jpg\" alt=\"Cooking Class Amalfi Coast\" \/><\/figure>\r\n<\/div>\r\n<\/div>\r\n<\/div>\r\n\r\n\r\n\r\n<div class=\"wp-block-stackable-column stk-block-column stk-block-column--v2 stk-column stk-block stk-0c1f42f\" data-block-id=\"0c1f42f\">\r\n<div class=\"stk-column-wrapper stk-block-column__content stk-container stk-0c1f42f-container stk--no-background stk--no-padding\">\r\n<div class=\"stk-block-content stk-inner-blocks stk-0c1f42f-inner-blocks\">\r\n<h2 class=\"has-medium-font-size wp-block-heading\">Catering per ogni occasione con il Food Truck dello Chef<\/h2>\r\n\r\n\r\n\r\n<p style=\"font-size: 16px;\">Il nostro camion di ristorazione per chef pu\u00f2 aiutarti con il catering per eventi di qualsiasi dimensione, dalle piccole riunioni alle grandi feste. La nostra cucina mobile pu\u00f2 essere installata in qualsiasi luogo tu scelga, cos\u00ec i tuoi ospiti potranno gustare i pasti appena preparati proprio l\u00ec. Ci concentriamo sugli eventi sul posto di lavoro e il nostro catering gourmet render\u00e0 i tuoi incontri di lavoro pi\u00f9 interessanti per i tuoi clienti e colleghi. Dagli antipasti per l'aperitivo agli spuntini a tarda notte, ci assicuriamo che tu possa vivere un'esperienza culinaria memorabile il giorno del tuo matrimonio. I nostri chef creano piatti deliziosi che aggiungono un tocco magico alla tua festa. Che si tratti di un compleanno, di un anniversario o di una laurea, abbiamo piatti gustosi che uniscono le persone per feste private. Tutti nel nostro menu potranno trovare qualcosa che gli piace, cos\u00ec il tuo evento sar\u00e0 un successo con persone di tutti i tipi. Unisciti alla mania dei camion di cibo alle fiere e agli eventi della comunit\u00e0 e rendi felici le persone con le nostre gustose prelibatezze. La nostra presenza rende ogni evento pubblico pi\u00f9 divertente e gustoso, rendendolo un'esperienza che tutti non dimenticheranno mai. Con il nostro aiuto, puoi trasformare ogni evento in una delizia culinaria, regalando a te e ai tuoi ospiti un momento unico e divertente.<\/p>\r\n\r\n<h2 class=\"has-medium-font-size\">Perch\u00e9 scegliere il Food Truck dello chef Antonio Satriano Casola?<\/h2>\r\n\r\n<p style=\"font-size: 16px;\">Se scegli il nostro Food Truck, puoi star certo che il cibo del tuo evento sar\u00e0 unico e delizioso. Siamo orgogliosi di utilizzare prodotti di alta qualit\u00e0 e di acquistare solo gli alimenti pi\u00f9 freschi di stagione, in modo che ogni piatto sia ricco di sapore. La nostra dedizione alla qualit\u00e0 significa che il cibo che mangeranno i tuoi ospiti non solo avr\u00e0 un sapore eccezionale, ma sar\u00e0 anche preparato con i migliori ingredienti disponibili.<\/p>\r\n<\/div>\r\n<\/div>\r\n<\/div>\r\n<\/div>\r\n<\/div>\r\n\r\n\r\n\r\n<div class=\"wp-block-stackable-columns stk-block-columns stk-block stk-54e0cdd\" data-block-id=\"54e0cdd\"><style>.stk-54e0cdd{margin-bottom:0px !important}<\/style>\r\n<div class=\"stk-row stk-inner-blocks stk-block-content stk-content-align stk-54e0cdd-column\">\r\n<div class=\"wp-block-stackable-column stk-block-column stk-block-column--v2 stk-column stk-block stk-fd62351\" data-block-id=\"fd62351\">\r\n<div class=\"stk-column-wrapper stk-block-column__content stk-container stk-fd62351-container stk--no-background stk--no-padding\">\r\n<div class=\"stk-block-content stk-inner-blocks stk-fd62351-inner-blocks\">\r\n\r\n\r\n<p style=\"font-size: 16px;\">Offriamo menu personalizzabili, o si potrebbe dire il menu del food truck del catering dello chef, in modo da poter modificare il cibo per adattarlo a particolari esigenze e desideri dietetici. In questo modo tutti potranno godersi il pasto. Abbiamo molte opzioni per te, sia che tu abbia bisogno di alimenti vegani, senza glutine o altri alimenti per esigenze particolari. Con questo metodo personalizzato puoi realizzare un menu che si adatti perfettamente ai gusti e alle esigenze dei tuoi ospiti.<\/p>\r\n\r\n\r\n\r\n<p style=\"font-size: 16px;\">Al centro di ci\u00f2 che facciamo c\u2019\u00e8 un servizio professionale. Il nostro staff si impegna a fornire un servizio cordiale e disponibile che assicuri che il vostro pasto si svolga senza intoppi dall'inizio alla fine. Penseremo noi a tutto, cos\u00ec potrai semplicemente goderti l'evento e parlare con i tuoi amici.<\/p>\r\n\r\n\r\n\r\n<p style=\"font-size: 16px;\">Non possiamo dire abbastanza cose positive su quanto sia conveniente il nostro camion di cibo. Invece di affrontare i problemi del catering standard, la nostra cucina mobile porta le abilit\u00e0 dello chef direttamente nel luogo che scegli. Che si tratti di un festival, un matrimonio, una festa in giardino o un evento aziendale, Chef Food Truck semplifica l'organizzazione di un grande evento con cibo gourmet che le persone adoreranno. Con il Catering Food Truck di Cook, ottieni pasti di alta qualit\u00e0 preparati da un cuoco e la facilit\u00e0 di ricevere un servizio al tuo evento, rendendolo davvero unico.<\/p>\r\n\r\n<h2 style=\"font-size: 30px;\">Prenota oggi stesso il nostro camion di cibo per catering<\/h2>\r\n\r\n<p style=\"font-size: 16px;\">Sei pronto a portare il tuo prossimo evento al livello successivo con il catering gourmet per camion di cibo? Contattaci subito per parlare dei dettagli del tuo evento, apportare modifiche al menu e fissare la data. Il nostro team \u00e8 qui per realizzare i tuoi sogni culinari, sia che tu stia pianificando un semplice incontro o un evento elegante.<\/p>\r\n\r\n\r\n\r\n<p style=\"font-size: 16px;\">Il nostro Food Truck \u00e8 diverso perch\u00e9 unisce il nostro amore per il cibo con la facilit\u00e0 del mangiare mobile. I nostri chef professionisti e il nostro personale si impegnano a fornirti il \u200b\u200bmiglior servizio e cibo delizioso che soddisfer\u00e0 i tuoi ospiti e render\u00e0 il tuo evento indimenticabile.<\/p>\r\n\r\n\r\n\r\n<p style=\"font-size: 16px;\">Non perdere l'occasione di regalare ai tuoi ospiti un'esperienza culinaria unica e divertente. Seguici sui social media per scoprire le novit\u00e0 nel nostro menu e gli eventi in programma. Seguici per scoprire dove saremo i prossimi e trovare idee per il tuo evento. Lascia che Chefs Food Truck renda il tuo prossimo evento una deliziosa avventura che non dimenticherai mai. Ora \u00e8 il momento di prenotare la tua data e iniziare a pianificare una festa che i tuoi ospiti adoreranno.<\/p>\r\n<\/div>\r\n<\/div>\r\n<\/div>\r\n<\/div>\r\n<\/div>\r\n\r\n\r\n\r\n<div class=\"wp-block-stackable-columns stk-block-columns stk-block stk-ebb5572\" data-block-id=\"ebb5572\">\r\n<div class=\"stk-row stk-inner-blocks stk-block-content stk-content-align stk-ebb5572-column\">\r\n<div class=\"wp-block-stackable-column stk-block-column stk-block-column--v2 stk-column stk-block stk-408af44\" data-block-id=\"408af44\">\r\n<div class=\"stk-column-wrapper stk-block-column__content stk-container stk-408af44-container stk--no-background stk--no-padding\">\r\n<div class=\"stk-block-content stk-inner-blocks stk-408af44-inner-blocks\">\r\n<div class=\"wp-block-stackable-subtitle stk-block-subtitle stk-block stk-ead8605\" data-block-id=\"ead8605\"><style>.stk-ead8605{margin-bottom:20px !important}<\/style>\r\n<p class=\"stk-block-subtitle__text stk-subtitle\">Vuoi sapere di pi\u00f9?<\/p>\r\n<\/div>\r\n\r\n\r\n\r\n<div id=\"contact-me\" class=\"wp-block-stackable-heading stk-block-heading stk-block stk-122bdc2\" data-block-id=\"122bdc2\"><style>.stk-122bdc2{margin-bottom:16px !important}.stk-122bdc2 .stk-block-heading__text{font-size:35px !important;margin:0 !important}@media screen and (max-width:1023px){.stk-122bdc2 .stk-block-heading__text{font-size:35px !important}}<\/style>\r\n<h2 class=\"stk-block-heading__text\">Contattami<\/h2>\r\n<\/div>\r\n\r\n\r\n\r\n<div class=\"wp-block-stackable-text stk-block-text stk-block stk-23f2774\" data-block-id=\"23f2774\"><style>.stk-23f2774 .stk-block-text__text{font-size:18px !important}@media screen and (max-width:1023px){.stk-23f2774 .stk-block-text__text{font-size:18px !important}}<\/style>\r\n<p class=\"stk-block-text__text\">Compilando il form potrai contattarmi e richiedere tutte le informazioni di cui necessiti! Io provveder\u00f2 a risponderti il prima possibile\u2026 Ti aspetto!<\/p>\r\n<\/div>\r\n\r\n\r\n\r\n<p>Telefono:<a href=\"tel:39 3341711330\">39 3341711330<\/a><br \/>Email \u2013\u00a0<a href=\"mailto:antoniosatriano94@gmail.com\">antoniosatriano94@gmail.com<\/a><br \/>Address \u2013 Positano, Amalfi Coast, Italy<\/p>\r\n<\/div>\r\n<\/div>\r\n<\/div>\r\n\r\n<h2>\u00a0<\/h2>\r\n\r\n<div class=\"wp-block-stackable-column stk-block-column stk-block-column--v2 stk-column stk-block stk-eba5332\" data-block-id=\"eba5332\">\r\n<div class=\"stk-column-wrapper stk-block-column__content stk-container stk-eba5332-container stk--no-background stk--no-padding\">\r\n<div class=\"stk-block-content stk-inner-blocks stk-eba5332-inner-blocks\"><div class=\"wpforms-container wpforms-container-full\" id=\"wpforms-343\"><form id=\"wpforms-form-343\" class=\"wpforms-validate wpforms-form wpforms-ajax-form\" data-formid=\"343\" method=\"post\" enctype=\"multipart\/form-data\" action=\"\/it\/wp-json\/wp\/v2\/pages\/1367\" data-token=\"b5188845e6b4a30a305a1e8a1ea4f162\" data-trp-original-action=\"\/it\/wp-json\/wp\/v2\/pages\/1367\"><noscript class=\"wpforms-error-noscript\" data-no-translation=\"\" data-trp-gettext=\"\">Abilita JavaScript nel browser per completare questo modulo.<\/noscript><div class=\"wpforms-field-container\"><div id=\"wpforms-343-field_0-container\" class=\"wpforms-field wpforms-field-name\" data-field-id=\"0\"><label class=\"wpforms-field-label\" for=\"wpforms-343-field_0\">Nome <span class=\"wpforms-required-label\">*<\/span><\/label><div class=\"wpforms-field-row wpforms-field-medium\"><div class=\"wpforms-field-row-block wpforms-first wpforms-one-half\"><input type=\"text\" id=\"wpforms-343-field_0\" class=\"wpforms-field-name-first wpforms-field-required\" name=\"wpforms[fields][0][first]\" required><label for=\"wpforms-343-field_0\" class=\"wpforms-field-sublabel after\" data-no-translation=\"\" data-trp-gettext=\"\">Prima<\/label><\/div><div class=\"wpforms-field-row-block wpforms-one-half\"><input type=\"text\" id=\"wpforms-343-field_0-last\" class=\"wpforms-field-name-last wpforms-field-required\" name=\"wpforms[fields][0][last]\" required><label for=\"wpforms-343-field_0-last\" class=\"wpforms-field-sublabel after\" data-no-translation=\"\" data-trp-gettext=\"\">Scorsa<\/label><\/div><\/div><\/div><div id=\"wpforms-343-field_1-container\" class=\"wpforms-field wpforms-field-email\" data-field-id=\"1\"><label class=\"wpforms-field-label\" for=\"wpforms-343-field_1\">Email <span class=\"wpforms-required-label\">*<\/span><\/label><input type=\"email\" id=\"wpforms-343-field_1\" class=\"wpforms-field-medium wpforms-field-required\" name=\"wpforms[fields][1]\" required><\/div><div id=\"wpforms-343-field_4-container\" class=\"wpforms-field wpforms-field-text\" data-field-id=\"4\"><label class=\"wpforms-field-label\" for=\"wpforms-343-field_4\">Telefono<\/label><input type=\"text\" id=\"wpforms-343-field_4\" class=\"wpforms-field-medium\" name=\"wpforms[fields][4]\" ><\/div><div id=\"wpforms-343-field_5-container\" class=\"wpforms-field wpforms-field-select wpforms-field-select-style-classic\" data-field-id=\"5\"><label class=\"wpforms-field-label\" for=\"wpforms-343-field_5\">Cosa ti interessa? <span class=\"wpforms-required-label\">*<\/span><\/label><select id=\"wpforms-343-field_5\" class=\"wpforms-field-medium wpforms-field-required\" name=\"wpforms[fields][5]\" required=\"required\"><option value=\"Personal Chef\" >Cuoco personale<\/option><option value=\"Gift Card\" >Carta regalo<\/option><option value=\"Cooking Class\" >Corso di cucina<\/option><option value=\"Parties, Events and Ceremonies\" >Feste, Eventi e Cerimonie<\/option><\/select><\/div><div id=\"wpforms-343-field_2-container\" class=\"wpforms-field wpforms-field-textarea\" data-field-id=\"2\"><label class=\"wpforms-field-label\" for=\"wpforms-343-field_2\">Messaggio <span class=\"wpforms-required-label\">*<\/span><\/label><textarea id=\"wpforms-343-field_2\" class=\"wpforms-field-medium wpforms-field-required\" name=\"wpforms[fields][2]\" required><\/textarea><\/div><\/div><div class=\"wpforms-submit-container\"><input type=\"hidden\" name=\"wpforms[id]\" value=\"343\"><input type=\"hidden\" name=\"wpforms[author]\" value=\"1\"><button type=\"submit\" name=\"wpforms[submit]\" id=\"wpforms-submit-343\" class=\"wpforms-submit\" data-alt-text=\"Sending...\" data-submit-text=\"Submit\" aria-live=\"assertive\" value=\"wpforms-submit\">Invia<\/button><img loading=\"lazy\" decoding=\"async\" src=\"https:\/\/chefantoniosatrianocasola.com\/wp-content\/plugins\/wpforms-lite\/assets\/images\/submit-spin.svg\" class=\"wpforms-submit-spinner\" style=\"display: none;\" width=\"26\" height=\"26\" alt=\"Caricamento\" data-no-translation-alt=\"\"><\/div><input type=\"hidden\" name=\"trp-form-language\" value=\"it\"\/><\/form><\/div>  <!-- .wpforms-container --><\/div>\r\n<\/div>\r\n<\/div>\r\n<\/div>\r\n<\/div>","protected":false},"excerpt":{"rendered":"<p>Experience Exceptional Culinary Delights with Chef&#8217;s Food Truck Our Chef&#8217;s Catering Food Truck isn&#8217;t just a mobile kitchen; it&#8217;s a fine restaurant on wheels that goes from place to place serving high-quality food with a personal touch. Our chefs use their skills in the kitchen along with the portability and freedom of a food truck to bring you a wide range of foods that will please everyone. Our skilled cooks, who have worked in some of the best kitchens, are the heart of Chef Antonio Food Truck. Each chef has their own style and area of expertise, so every meal\u2026<\/p>","protected":false},"author":1,"featured_media":0,"parent":0,"menu_order":0,"comment_status":"closed","ping_status":"closed","template":"","meta":{"pgc_sgb_lightbox_settings":"","footnotes":""},"class_list":["post-1367","page","type-page","status-publish","hentry"],"blocksy_meta":{"styles_descriptor":{"styles":{"desktop":"","tablet":"","mobile":""},"google_fonts":[],"version":5}},"featured_image_urls":{"full":"","thumbnail":"","medium":"","medium_large":"","large":"","1536x1536":"","2048x2048":"","trp-custom-language-flag":"","woocommerce_thumbnail":"","woocommerce_single":"","woocommerce_gallery_thumbnail":""},"post_excerpt_stackable":"<p>Experience Exceptional Culinary Delights with Chef&#8217;s Food Truck Welcome to Chef Antonio Satriano Casola Food Truck, a unique place where great food and the ease of a food truck come together. Our Food Truck brings gourmet dishes right to you, whether you&#8217;re planning a business event, a wedding reception, a birthday party, or any other special event. The dishes are made by experienced cooks who love making memorable dining experiences. Our Chef&#8217;s Catering Food Truck isn&#8217;t just a mobile kitchen; it&#8217;s a fine restaurant on wheels that goes from place to place serving high-quality food with a personal touch. Our&hellip;<\/p>\n","category_list":"","author_info":{"name":"Satriano99","url":"https:\/\/chefantoniosatrianocasola.com\/it\/author\/satriano99\/"},"comments_num":"0 commenti","_links":{"self":[{"href":"https:\/\/chefantoniosatrianocasola.com\/it\/wp-json\/wp\/v2\/pages\/1367","targetHints":{"allow":["GET"]}}],"collection":[{"href":"https:\/\/chefantoniosatrianocasola.com\/it\/wp-json\/wp\/v2\/pages"}],"about":[{"href":"https:\/\/chefantoniosatrianocasola.com\/it\/wp-json\/wp\/v2\/types\/page"}],"author":[{"embeddable":true,"href":"https:\/\/chefantoniosatrianocasola.com\/it\/wp-json\/wp\/v2\/users\/1"}],"replies":[{"embeddable":true,"href":"https:\/\/chefantoniosatrianocasola.com\/it\/wp-json\/wp\/v2\/comments?post=1367"}],"version-history":[{"count":17,"href":"https:\/\/chefantoniosatrianocasola.com\/it\/wp-json\/wp\/v2\/pages\/1367\/revisions"}],"predecessor-version":[{"id":1426,"href":"https:\/\/chefantoniosatrianocasola.com\/it\/wp-json\/wp\/v2\/pages\/1367\/revisions\/1426"}],"wp:attachment":[{"href":"https:\/\/chefantoniosatrianocasola.com\/it\/wp-json\/wp\/v2\/media?parent=1367"}],"curies":[{"name":"wp","href":"https:\/\/api.w.org\/{rel}","templated":true}]}}