{"id":1356,"date":"2024-06-18T08:23:51","date_gmt":"2024-06-18T06:23:51","guid":{"rendered":"https:\/\/chefantoniosatrianocasola.com\/?page_id=1356"},"modified":"2024-10-25T09:29:28","modified_gmt":"2024-10-25T07:29:28","slug":"chefs-catering-and-events","status":"publish","type":"page","link":"https:\/\/chefantoniosatrianocasola.com\/it\/chefs-catering-and-events\/","title":{"rendered":"Catering ed eventi degli chef"},"content":{"rendered":"<div class=\"wp-block-stackable-columns stk-block-columns stk-block stk-12528df\" data-block-id=\"12528df\">\r\n<div class=\"stk-row stk-inner-blocks stk-block-content stk-content-align stk-12528df-column\">\r\n<div class=\"wp-block-stackable-column stk-block-column stk-block-column--v2 stk-column stk-block stk-412996a\" data-block-id=\"412996a\">\r\n<div class=\"stk-column-wrapper stk-block-column__content stk-container stk-412996a-container stk--no-background stk--no-padding\">\r\n<div class=\"stk-block-content stk-inner-blocks stk-412996a-inner-blocks\">\r\n\r\n\r\n<h2 class=\"has-medium-font-size wp-block-heading\">Catering ed eventi degli chef<\/h2>\r\n\r\n<p style=\"font-size: 16px;\">La vasta esperienza del maestro culinario Chef Antonio Satriano Casola eleva ogni occasione che serve, rendendolo l'incarnazione della perfezione culinaria. La passione dello chef Antonio \u00e8 evidente nelle sue creazioni culinarie personalizzate, tutte realizzate a mano per superare le aspettative e lasciare ricordi indelebili, sia che si tratti di un piccolo incontro o di una grande festa. Con un background nella cucina raffinata e una passione per l'uso di ingredienti freschi e prodotti localmente, lo chef Antonio si assicura che ogni piatto incarni la sua dedizione al sapore e alla qualit\u00e0. Il suo approccio personalizzato garantisce che ogni aspetto del vostro evento, dalla preparazione del menu all'esecuzione perfetta, riceva un'attenta attenzione ai dettagli. Con la sua esperienza impareggiabile e il tocco distintivo che stuzzica i sensi e crea un'impressione duratura sui tuoi ospiti, puoi fare affidamento sullo chef Antonio Satriano Casola per elevare il tuo prossimo evento.<\/p>\r\n<\/div>\r\n<\/div>\r\n<\/div>\r\n\r\n\r\n\r\n<div class=\"wp-block-stackable-column stk-block-column stk-block-column--v2 stk-column stk-block stk-c05b0a6\" data-block-id=\"c05b0a6\">\r\n<div class=\"stk-column-wrapper stk-block-column__content stk-container stk-c05b0a6-container stk--no-background stk--no-padding\">\r\n<div class=\"stk-block-content stk-inner-blocks stk-c05b0a6-inner-blocks\">\r\n<figure class=\"wp-block-image size-full\"><img decoding=\"async\" class=\"wp-image-454\" src=\"https:\/\/chefantoniosatrianocasola.com\/wp-content\/uploads\/2024\/06\/chefs-catering-and-events-img.jpg\" alt=\"Chefs Catering Food Truck\" \/><\/figure>\r\n<\/div>\r\n<\/div>\r\n<\/div>\r\n<\/div>\r\n<\/div>\r\n\r\n\r\n\r\n<div class=\"wp-block-stackable-columns stk-block-columns stk-block stk-eeb0c12\" data-block-id=\"eeb0c12\">\r\n<div class=\"stk-row stk-inner-blocks stk-block-content stk-content-align stk-eeb0c12-column\">\r\n<div class=\"wp-block-stackable-column stk-block-column stk-block-column--v2 stk-column stk-block stk-c9d264b\" data-block-id=\"c9d264b\">\r\n<div class=\"stk-column-wrapper stk-block-column__content stk-container stk-c9d264b-container stk--no-background stk--no-padding\">\r\n<div class=\"stk-block-content stk-inner-blocks stk-c9d264b-inner-blocks\">\r\n<figure class=\"wp-block-image size-full\"><img decoding=\"async\" class=\"wp-image-426\" src=\"https:\/\/chefantoniosatrianocasola.com\/wp-content\/uploads\/2024\/06\/chefs_catering_and_events.jpg\" alt=\"Cooking Class Amalfi Coast\" \/><\/figure>\r\n<\/div>\r\n<\/div>\r\n<\/div>\r\n\r\n\r\n\r\n<div class=\"wp-block-stackable-column stk-block-column stk-block-column--v2 stk-column stk-block stk-0c1f42f\" data-block-id=\"0c1f42f\">\r\n<div class=\"stk-column-wrapper stk-block-column__content stk-container stk-0c1f42f-container stk--no-background stk--no-padding\">\r\n<div class=\"stk-block-content stk-inner-blocks stk-0c1f42f-inner-blocks\">\r\n<h2 class=\"wp-block-heading\"><b>Discover Our Comprehensive Range of Services<\/b><\/h2>\r\n\r\n\r\n\r\n<p style=\"font-size: 16px;\">I nostri servizi presso lo Chef Antonio Satriano Casola hanno lo scopo di migliorare la vostra occasione con un pizzico di genialit\u00e0 culinaria e cura personalizzata. Ogni piatto di Chef for Catering \u00e8 preparato minuziosamente dallo Chef Antonio, garantendo che ogni boccone sia un capolavoro di tecnica e fantasia. Con i piatti unici dello Chef Antonio, selezionati con cura per mostrare i migliori sapori e ingredienti, il nostro Chefs Choice Catering garantisce un'esperienza culinaria indimenticabile. Lo chef Antonio \u00e8 noto per offrire il miglior catering e la sua dedizione all'eccellenza \u00e8 evidente in tutto ci\u00f2 che offre Chefs Best Catering: una maestria culinaria abbinata a ingredienti eccezionali.<\/p>\r\n\r\n\r\n\r\n<p style=\"font-size: 16px;\">Il tuo esperto culinario di riferimento, lo chef Antonio Satriano Casola, fornisce servizi di catering eccezionali nel tuo quartiere. Siamo molto soddisfatti nel fornire scelte di personalizzazione che soddisfino i vostri gusti specifici, le vostre esigenze dietetiche e i temi dell'evento. Che tu stia organizzando un grande evento aziendale o una piccola cena privata, ci assicuriamo che la tua visione culinaria sia eseguita secondo gli standard pi\u00f9 elevati. Puoi contare su di noi per trasformare il tuo evento in un'avventura gastronomica straordinaria che stupir\u00e0 i tuoi visitatori e torner\u00e0 per averne di pi\u00f9.<\/p>\r\n<\/div>\r\n<\/div>\r\n<\/div>\r\n<\/div>\r\n<\/div>\r\n\r\n\r\n\r\n<div class=\"wp-block-stackable-columns stk-block-columns stk-block stk-54e0cdd\" data-block-id=\"54e0cdd\"><style>.stk-54e0cdd{margin-bottom:0px !important}<\/style>\r\n<div class=\"stk-row stk-inner-blocks stk-block-content stk-content-align stk-54e0cdd-column\">\r\n<div class=\"wp-block-stackable-column stk-block-column stk-block-column--v2 stk-column stk-block stk-fd62351\" data-block-id=\"fd62351\">\r\n<div class=\"stk-column-wrapper stk-block-column__content stk-container stk-fd62351-container stk--no-background stk--no-padding\">\r\n<div class=\"stk-block-content stk-inner-blocks stk-fd62351-inner-blocks\">\r\n<h2 class=\"has-medium-font-size\">Chef Antonio Satriano Casola: perch\u00e9 sceglierlo?<\/h2>\r\n\r\n<p style=\"font-size: 16px;\"><strong>Esperienza culinaria superiore<\/strong> Grazie alla sua formazione nel campo della cucina raffinata e della cucina straniera, lo chef Antonio Satriano Casola offre al tuo evento un'esperienza culinaria di prim'ordine. La ricerca della perfezione dello chef Antonio si manifesta in ogni pasto che prepara, utilizzando solo i migliori ingredienti e sapori. La sua dedizione all'utilizzo di ingredienti freschi e coltivati \u200b\u200blocalmente garantisce che tu e i tuoi ospiti proverete sapori appetitosi.<\/p>\r\n\r\n\r\n\r\n<p style=\"font-size: 16px;\"><strong>Supporto su misura<\/strong> Per lo Chef Antonio Satriano Casola instaurare un rapporto con i nostri clienti \u00e8 la nostra prima priorit\u00e0. Lo chef Antonio lavora direttamente con te per comprendere l'atmosfera distintiva e il concetto del tuo evento. Lo chef Antonio crea un menu personalizzato in base ai tuoi gusti, sia che tu stia cercando una cena di nozze di classe, un'esperienza culinaria aziendale all'avanguardia o un piccolo evento privato. Dal primo incontro alla realizzazione vera e propria dell'evento, garantisce un'esperienza di catering fluida e piacevole in cui ogni piccolo aspetto rappresenta le vostre preferenze.<\/p>\r\n\r\n\r\n\r\n<p style=\"font-size: 16px;\"><strong>Affidabilit\u00e0 e Professionalit\u00e0<\/strong> Lo chef Antonio, noto per la sua professionalit\u00e0 e la meticolosa attenzione ai dettagli, promette che il cibo per il tuo evento sar\u00e0 al di sopra e al di sopra. Lo Chef Antonio Satriano Casola arricchisce il mood del vostro evento e delizia i vostri ospiti con un'esperienza culinaria impeccabile che inizia con una presentazione impeccabile e termina con un servizio veloce e cortese.<\/p>\r\n\r\n<h2 class=\"has-medium-font-size\">Migliora il tuo evento assumendo uno chef personalizzato per il catering<\/h2>\r\n\r\n<p style=\"font-size: 16px;\">Mettiti subito in contatto con lo chef Antonio Satriano Casola per aggiungere abilit\u00e0 culinarie senza eguali al tuo prossimo evento. Lo chef Antonio \u00e8 specializzato nella produzione di un'esperienza culinaria unica che si adatta ai tuoi gusti, sia che tu stia organizzando un evento aziendale, un matrimonio o un piccolo incontro.<\/p>\r\n\r\n\r\n\r\n<p style=\"font-size: 16px;\">Fissa un appuntamento per una consulenza per esaminare le tue esigenze di catering e consentire allo Chef Antonio di creare un menu che catturi il tuo stile distintivo. Lo chef Antonio Satriano Casola utilizza gli ingredienti pi\u00f9 freschi ottenuti localmente per creare capolavori di sapori e presentazione in ogni piatto. Appassionato di cucina e dedito alla qualit\u00e0.<\/p>\r\n\r\n\r\n\r\n<p style=\"font-size: 16px;\">Fissa un appuntamento per una consulenza per esaminare le tue esigenze di catering e consentire allo Chef Antonio di creare un menu che catturi il tuo stile distintivo. Lo chef Antonio Satriano Casola utilizza gli ingredienti pi\u00f9 freschi ottenuti localmente per creare capolavori di sapori e presentazione in ogni piatto. Appassionato di cucina e dedito alla qualit\u00e0.<\/p>\r\n\r\n\r\n\r\n<p style=\"font-size: 16px;\">Le lezioni private di cucina possono essere molto divertenti. Chi non vorrebbe acquisire le competenze di uno chef personale in cucina? La cosa pi\u00f9 bella da fare \u00e8 imparare alcuni segreti dallo chef Antonio Satriano Casola. \u00c8 una delle cose migliori che ci sia da apprezzare. \u00c8 come avere sempre accesso al cibo preparato dallo chef! La cucina casalinga ti aiuter\u00e0 a sviluppare abilit\u00e0 che non sapevi di avere. Inizi imparando i modi corretti per misurare, pesare e stimare. Facendo s\u00ec che tutti i membri della famiglia lavorino insieme durante i processi di cottura, si crea un'atmosfera divertente a casa. Di conseguenza si sentiranno come se avessero contribuito a creare una cena meravigliosa. Di conseguenza, anche i bambini potrebbero appassionarsi alla cucina. Con il <strong>best cooking classes in Amalfi Coast,<\/strong> your cooking will most likely astound you with how much superior it is becoming. Additionally, you\u2019ll find out that you possess a gift that has been dormant and is just waiting to shock you.<\/p>\r\n<\/div>\r\n<\/div>\r\n<\/div>\r\n<\/div>\r\n<\/div>\r\n\r\n\r\n\r\n<div class=\"wp-block-stackable-columns stk-block-columns stk-block stk-ebb5572\" data-block-id=\"ebb5572\">\r\n<div class=\"stk-row stk-inner-blocks stk-block-content stk-content-align stk-ebb5572-column\">\r\n<div class=\"wp-block-stackable-column stk-block-column stk-block-column--v2 stk-column stk-block stk-408af44\" data-block-id=\"408af44\">\r\n<div class=\"stk-column-wrapper stk-block-column__content stk-container stk-408af44-container stk--no-background stk--no-padding\">\r\n<div class=\"stk-block-content stk-inner-blocks stk-408af44-inner-blocks\">\r\n<div class=\"wp-block-stackable-subtitle stk-block-subtitle stk-block stk-ead8605\" data-block-id=\"ead8605\"><style>.stk-ead8605{margin-bottom:20px !important}<\/style>\r\n<p class=\"stk-block-subtitle__text stk-subtitle\">Vuoi sapere di pi\u00f9?<\/p>\r\n<\/div>\r\n\r\n\r\n\r\n<div id=\"contact-me\" class=\"wp-block-stackable-heading stk-block-heading stk-block stk-122bdc2\" data-block-id=\"122bdc2\"><style>.stk-122bdc2{margin-bottom:16px !important}.stk-122bdc2 .stk-block-heading__text{font-size:35px !important;margin:0 !important}@media screen and (max-width:1023px){.stk-122bdc2 .stk-block-heading__text{font-size:35px !important}}<\/style>\r\n<h2 class=\"stk-block-heading__text\">Contattami<\/h2>\r\n<\/div>\r\n\r\n\r\n\r\n<div class=\"wp-block-stackable-text stk-block-text stk-block stk-23f2774\" data-block-id=\"23f2774\"><style>.stk-23f2774 .stk-block-text__text{font-size:18px !important}@media screen and (max-width:1023px){.stk-23f2774 .stk-block-text__text{font-size:18px !important}}<\/style>\r\n<p class=\"stk-block-text__text\">Compilando il form potrai contattarmi e richiedere tutte le informazioni di cui necessiti! Io provveder\u00f2 a risponderti il prima possibile\u2026 Ti aspetto!<\/p>\r\n<\/div>\r\n\r\n\r\n\r\n<p>Telefono:<a href=\"tel:39 3341711330\">39 3341711330<\/a><br \/>Email \u2013\u00a0<a href=\"mailto:antoniosatriano94@gmail.com\">antoniosatriano94@gmail.com<\/a><br \/>Address \u2013 Positano, Amalfi Coast, Italy<\/p>\r\n<\/div>\r\n<\/div>\r\n<\/div>\r\n\r\n<h2>\u00a0<\/h2>\r\n\r\n<div class=\"wp-block-stackable-column stk-block-column stk-block-column--v2 stk-column stk-block stk-eba5332\" data-block-id=\"eba5332\">\r\n<div class=\"stk-column-wrapper stk-block-column__content stk-container stk-eba5332-container stk--no-background stk--no-padding\">\r\n<div class=\"stk-block-content stk-inner-blocks stk-eba5332-inner-blocks\"><div class=\"wpforms-container wpforms-container-full\" id=\"wpforms-343\"><form id=\"wpforms-form-343\" class=\"wpforms-validate wpforms-form wpforms-ajax-form\" data-formid=\"343\" method=\"post\" enctype=\"multipart\/form-data\" action=\"\/it\/wp-json\/wp\/v2\/pages\/1356\" data-token=\"b5188845e6b4a30a305a1e8a1ea4f162\" data-trp-original-action=\"\/it\/wp-json\/wp\/v2\/pages\/1356\"><noscript class=\"wpforms-error-noscript\" data-no-translation=\"\" data-trp-gettext=\"\">Abilita JavaScript nel browser per completare questo modulo.<\/noscript><div class=\"wpforms-field-container\"><div id=\"wpforms-343-field_0-container\" class=\"wpforms-field wpforms-field-name\" data-field-id=\"0\"><label class=\"wpforms-field-label\" for=\"wpforms-343-field_0\">Nome <span class=\"wpforms-required-label\">*<\/span><\/label><div class=\"wpforms-field-row wpforms-field-medium\"><div class=\"wpforms-field-row-block wpforms-first wpforms-one-half\"><input type=\"text\" id=\"wpforms-343-field_0\" class=\"wpforms-field-name-first wpforms-field-required\" name=\"wpforms[fields][0][first]\" required><label for=\"wpforms-343-field_0\" class=\"wpforms-field-sublabel after\" data-no-translation=\"\" data-trp-gettext=\"\">Prima<\/label><\/div><div class=\"wpforms-field-row-block wpforms-one-half\"><input type=\"text\" id=\"wpforms-343-field_0-last\" class=\"wpforms-field-name-last wpforms-field-required\" name=\"wpforms[fields][0][last]\" required><label for=\"wpforms-343-field_0-last\" class=\"wpforms-field-sublabel after\" data-no-translation=\"\" data-trp-gettext=\"\">Scorsa<\/label><\/div><\/div><\/div><div id=\"wpforms-343-field_1-container\" class=\"wpforms-field wpforms-field-email\" data-field-id=\"1\"><label class=\"wpforms-field-label\" for=\"wpforms-343-field_1\">Email <span class=\"wpforms-required-label\">*<\/span><\/label><input type=\"email\" id=\"wpforms-343-field_1\" class=\"wpforms-field-medium wpforms-field-required\" name=\"wpforms[fields][1]\" required><\/div><div id=\"wpforms-343-field_4-container\" class=\"wpforms-field wpforms-field-text\" data-field-id=\"4\"><label class=\"wpforms-field-label\" for=\"wpforms-343-field_4\">Telefono<\/label><input type=\"text\" id=\"wpforms-343-field_4\" class=\"wpforms-field-medium\" name=\"wpforms[fields][4]\" ><\/div><div id=\"wpforms-343-field_5-container\" class=\"wpforms-field wpforms-field-select wpforms-field-select-style-classic\" data-field-id=\"5\"><label class=\"wpforms-field-label\" for=\"wpforms-343-field_5\">Cosa ti interessa? <span class=\"wpforms-required-label\">*<\/span><\/label><select id=\"wpforms-343-field_5\" class=\"wpforms-field-medium wpforms-field-required\" name=\"wpforms[fields][5]\" required=\"required\"><option value=\"Personal Chef\" >Cuoco personale<\/option><option value=\"Gift Card\" >Carta regalo<\/option><option value=\"Cooking Class\" >Corso di cucina<\/option><option value=\"Parties, Events and Ceremonies\" >Feste, Eventi e Cerimonie<\/option><\/select><\/div><div id=\"wpforms-343-field_2-container\" class=\"wpforms-field wpforms-field-textarea\" data-field-id=\"2\"><label class=\"wpforms-field-label\" for=\"wpforms-343-field_2\">Messaggio <span class=\"wpforms-required-label\">*<\/span><\/label><textarea id=\"wpforms-343-field_2\" class=\"wpforms-field-medium wpforms-field-required\" name=\"wpforms[fields][2]\" required><\/textarea><\/div><\/div><div class=\"wpforms-submit-container\"><input type=\"hidden\" name=\"wpforms[id]\" value=\"343\"><input type=\"hidden\" name=\"wpforms[author]\" value=\"1\"><button type=\"submit\" name=\"wpforms[submit]\" id=\"wpforms-submit-343\" class=\"wpforms-submit\" data-alt-text=\"Sending...\" data-submit-text=\"Submit\" aria-live=\"assertive\" value=\"wpforms-submit\">Invia<\/button><img loading=\"lazy\" decoding=\"async\" src=\"https:\/\/chefantoniosatrianocasola.com\/wp-content\/plugins\/wpforms-lite\/assets\/images\/submit-spin.svg\" class=\"wpforms-submit-spinner\" style=\"display: none;\" width=\"26\" height=\"26\" alt=\"Caricamento\" data-no-translation-alt=\"\"><\/div><input type=\"hidden\" name=\"trp-form-language\" value=\"it\"\/><\/form><\/div>  <!-- .wpforms-container --><\/div>\r\n<\/div>\r\n<\/div>\r\n<\/div>\r\n<\/div>","protected":false},"excerpt":{"rendered":"<p>Chefs Catering And Events Discover Our Comprehensive Range of Services Our services at Chef Antonio Satriano Casola are intended to enhance your occasion with a dash of culinary brilliance and individualized care. Every dish at Chef for Catering is painstakingly prepared by Chef Antonio, guaranteeing that every mouthful is a masterwork of technique and imagination. With Chef Antonio\u2019s unique dishes, which are hand-picked to showcase the best flavours and ingredients, our Chefs Choice Catering ensures an unforgettable dining experience. Chef Antonio is well-known for offering the greatest catering, and his dedication to excellence is evident in all that Chefs Best\u2026<\/p>","protected":false},"author":1,"featured_media":0,"parent":0,"menu_order":0,"comment_status":"closed","ping_status":"closed","template":"","meta":{"pgc_sgb_lightbox_settings":"","footnotes":""},"class_list":["post-1356","page","type-page","status-publish","hentry"],"blocksy_meta":{"styles_descriptor":{"styles":{"desktop":"","tablet":"","mobile":""},"google_fonts":[],"version":5}},"featured_image_urls":{"full":"","thumbnail":"","medium":"","medium_large":"","large":"","1536x1536":"","2048x2048":"","trp-custom-language-flag":"","woocommerce_thumbnail":"","woocommerce_single":"","woocommerce_gallery_thumbnail":""},"post_excerpt_stackable":"<p>Chefs Catering And Events Culinary master Chef Antonio Satriano Casola\u2019s vast experience elevates every occasion he serves, making him the embodiment of culinary perfection. Chef Antonio\u2019s passion is evident in his custom culinary creations, which are all handmade to surpass expectations and leave enduring memories\u2014whether it\u2019s a small gathering or a large celebration. With a background in fine dining and a love of using ingredients that are fresh and locally produced, Chef Antonio makes sure that every dish embodies his dedication to flavour and quality. His customized approach ensures that every aspect of your event, from menu preparation to perfect&hellip;<\/p>\n","category_list":"","author_info":{"name":"Satriano99","url":"https:\/\/chefantoniosatrianocasola.com\/it\/author\/satriano99\/"},"comments_num":"0 commenti","_links":{"self":[{"href":"https:\/\/chefantoniosatrianocasola.com\/it\/wp-json\/wp\/v2\/pages\/1356","targetHints":{"allow":["GET"]}}],"collection":[{"href":"https:\/\/chefantoniosatrianocasola.com\/it\/wp-json\/wp\/v2\/pages"}],"about":[{"href":"https:\/\/chefantoniosatrianocasola.com\/it\/wp-json\/wp\/v2\/types\/page"}],"author":[{"embeddable":true,"href":"https:\/\/chefantoniosatrianocasola.com\/it\/wp-json\/wp\/v2\/users\/1"}],"replies":[{"embeddable":true,"href":"https:\/\/chefantoniosatrianocasola.com\/it\/wp-json\/wp\/v2\/comments?post=1356"}],"version-history":[{"count":17,"href":"https:\/\/chefantoniosatrianocasola.com\/it\/wp-json\/wp\/v2\/pages\/1356\/revisions"}],"predecessor-version":[{"id":1543,"href":"https:\/\/chefantoniosatrianocasola.com\/it\/wp-json\/wp\/v2\/pages\/1356\/revisions\/1543"}],"wp:attachment":[{"href":"https:\/\/chefantoniosatrianocasola.com\/it\/wp-json\/wp\/v2\/media?parent=1356"}],"curies":[{"name":"wp","href":"https:\/\/api.w.org\/{rel}","templated":true}]}}