{"id":1344,"date":"2024-06-18T07:52:19","date_gmt":"2024-06-18T05:52:19","guid":{"rendered":"https:\/\/chefantoniosatrianocasola.com\/?page_id=1344"},"modified":"2024-06-21T13:33:44","modified_gmt":"2024-06-21T11:33:44","slug":"wedding-catering","status":"publish","type":"page","link":"https:\/\/chefantoniosatrianocasola.com\/it\/wedding-catering\/","title":{"rendered":"Wedding Catering"},"content":{"rendered":"<div class=\"wp-block-stackable-columns stk-block-columns stk-block stk-12528df\" data-block-id=\"12528df\">\r\n<div class=\"stk-row stk-inner-blocks stk-block-content stk-content-align stk-12528df-column\">\r\n<div class=\"wp-block-stackable-column stk-block-column stk-block-column--v2 stk-column stk-block stk-412996a\" data-block-id=\"412996a\">\r\n<div class=\"stk-column-wrapper stk-block-column__content stk-container stk-412996a-container stk--no-background stk--no-padding\">\r\n<div class=\"stk-block-content stk-inner-blocks stk-412996a-inner-blocks\">\r\n\r\n\r\n<h2 class=\"has-medium-font-size wp-block-heading\">Perfeziona il tuo giorno speciale con eccezionali servizi di catering per matrimoni<\/h2>\r\n\r\n<p style=\"font-size: 16px;\">Dovresti mostrare il tuo stile e gusto in ogni parte del giorno del tuo matrimonio. Noi dello Chef Antonio Satriano Casola Wedding Catering Service sappiamo quanto sia importante avere cibo delizioso e un ottimo servizio. Essendo uno dei migliori catering per matrimoni, creiamo esperienze culinarie indimenticabili che soddisfano le papille gustative e lasciano un impatto duraturo. Il nostro team lavora duramente per preparare piatti deliziosi e belli da vedere. In questo modo i tuoi ospiti vivranno un'esperienza culinaria indimenticabile.<\/p>\r\n\r\n\r\n\r\n<p style=\"font-size: 16px;\">Tutto il cibo, dagli antipasti fantasiosi ai ricchi secondi piatti e ai dolci, \u00e8 preparato con i migliori ingredienti e un po' di arte culinaria. Poich\u00e9 riteniamo che il menu del tuo matrimonio debba davvero mettere in risalto la tua storia d'amore, offriamo opzioni che possono essere modificate per adattarsi ai tuoi gusti e alle tue esigenze dietetiche. Il nostro staff professionale \u00e8 dedicato a fornire a te e ai tuoi amici un servizio impeccabile in modo che possiate godervi la festa senza preoccupazioni. Lo Chef Antonio Satriano Casola Wedding Catering Service pu\u00f2 trasformare il vostro giorno speciale in un'avventura culinaria che voi e i vostri ospiti ricorderete a lungo.<\/p>\r\n<\/div>\r\n<\/div>\r\n<\/div>\r\n\r\n\r\n\r\n<div class=\"wp-block-stackable-column stk-block-column stk-block-column--v2 stk-column stk-block stk-c05b0a6\" data-block-id=\"c05b0a6\">\r\n<div class=\"stk-column-wrapper stk-block-column__content stk-container stk-c05b0a6-container stk--no-background stk--no-padding\">\r\n<div class=\"stk-block-content stk-inner-blocks stk-c05b0a6-inner-blocks\">\r\n<figure class=\"wp-block-image size-full\"><img decoding=\"async\" class=\"wp-image-454\" src=\"https:\/\/chefantoniosatrianocasola.com\/wp-content\/uploads\/2024\/06\/wedding-catering-01.jpg\" alt=\"Amalfi Coast Cooking Classes\" \/><\/figure>\r\n<\/div>\r\n<\/div>\r\n<\/div>\r\n<\/div>\r\n<\/div>\r\n\r\n\r\n\r\n<div class=\"wp-block-stackable-columns stk-block-columns stk-block stk-eeb0c12\" data-block-id=\"eeb0c12\">\r\n<div class=\"stk-row stk-inner-blocks stk-block-content stk-content-align stk-eeb0c12-column\">\r\n<div class=\"wp-block-stackable-column stk-block-column stk-block-column--v2 stk-column stk-block stk-c9d264b\" data-block-id=\"c9d264b\">\r\n<div class=\"stk-column-wrapper stk-block-column__content stk-container stk-c9d264b-container stk--no-background stk--no-padding\">\r\n<div class=\"stk-block-content stk-inner-blocks stk-c9d264b-inner-blocks\">\r\n<figure class=\"wp-block-image size-full\"><img decoding=\"async\" class=\"wp-image-426\" src=\"https:\/\/chefantoniosatrianocasola.com\/wp-content\/uploads\/2024\/06\/chefs_wedding_catering_service.jpg\" alt=\"Cooking Class Amalfi Coast\" \/><\/figure>\r\n<\/div>\r\n<\/div>\r\n<\/div>\r\n\r\n\r\n\r\n<div class=\"wp-block-stackable-column stk-block-column stk-block-column--v2 stk-column stk-block stk-0c1f42f\" data-block-id=\"0c1f42f\">\r\n<div class=\"stk-column-wrapper stk-block-column__content stk-container stk-0c1f42f-container stk--no-background stk--no-padding\">\r\n<div class=\"stk-block-content stk-inner-blocks stk-0c1f42f-inner-blocks\">\r\n<h2 class=\"has-medium-font-size wp-block-heading\">Perch\u00e9 scegliere il servizio di catering per matrimoni del nostro chef?<\/h2>\r\n\r\n\r\n\r\n<p style=\"font-size: 16px;\">Piatti deliziosi e belli: il nostro team di chef esperti ama creare piatti che siano allo stesso tempo gustosi e belli. Ogni boccone del cibo del tuo ricevimento di nozze, dagli eleganti antipasti ai ricchi piatti principali e ai deliziosi dessert, \u00e8 un'opera d'arte pensata per stupire.<\/p>\r\n\r\n\r\n\r\n<p style=\"font-size: 16px;\">Pasti su misura: sappiamo che ogni matrimonio \u00e8 diverso, ecco perch\u00e9 offriamo pasti che possono essere modificati per adattarsi ai vostri gusti e alle vostre esigenze dietetiche. Possiamo realizzare con creativit\u00e0 e abilit\u00e0 la tua idea, che si tratti di un buffet sofisticato, di una cena formale con piatti o di fantastiche postazioni di cibo.<\/p>\r\n\r\n\r\n\r\n<p>Servizio straordinario: la nostra dedizione al servizio straordinario \u00e8 ci\u00f2 che ci distingue, non solo il cibo. Il nostro staff professionale lavora duramente per assicurarsi che ogni ospite si senta benvenuto e curato, cos\u00ec potrai goderti il \u200b\u200btuo giorno speciale senza stress.<\/p>\r\n\r\n\r\n\r\n<p style=\"font-size: 16px;\">Attenzione ai dettagli: prestiamo molta attenzione ad ogni dettaglio, dal primo incontro alla pulizia finale, per assicurarci che il processo si svolga senza intoppi e senza stress. Il nostro obiettivo \u00e8 andare oltre ci\u00f2 che ti aspetti e creare momenti magici che tu e i tuoi amici ricorderete per sempre.<\/p>\r\n<\/div>\r\n<\/div>\r\n<\/div>\r\n<\/div>\r\n<\/div>\r\n\r\n\r\n\r\n<div class=\"wp-block-stackable-columns stk-block-columns stk-block stk-54e0cdd\" data-block-id=\"54e0cdd\"><style>.stk-54e0cdd{margin-bottom:0px !important}<\/style>\r\n<div class=\"stk-row stk-inner-blocks stk-block-content stk-content-align stk-54e0cdd-column\">\r\n<div class=\"wp-block-stackable-column stk-block-column stk-block-column--v2 stk-column stk-block stk-fd62351\" data-block-id=\"fd62351\">\r\n<div class=\"stk-column-wrapper stk-block-column__content stk-container stk-fd62351-container stk--no-background stk--no-padding\">\r\n<div class=\"stk-block-content stk-inner-blocks stk-fd62351-inner-blocks\">\r\n<h2 class=\"wp-block-heading\" style=\"font-size: 30px;\">Il nostro approccio al catering per matrimoni<\/h2>\r\n\r\n\r\n\r\n<p style=\"font-size: 16px;\">Lo chef Antonio Satriano Casola \u00e8 orgoglioso del modo in cui lavoriamo insieme per garantire che il catering per il vostro matrimonio vada ben oltre i vostri standard. Il processo inizia con un primo incontro approfondito in cui parliamo dei tuoi obiettivi, gusti ed eventuali esigenze dietetiche. Ci\u00f2 ci consente di garantire che i nostri servizi siano esattamente ci\u00f2 di cui hai bisogno, semplificando il processo di pianificazione.<\/p>\r\n\r\n\r\n\r\n<p style=\"font-size: 16px;\">La degustazione del men\u00f9 \u00e8 una delle parti migliori del nostro servizio. \u00c8 qui che puoi provare un gruppo di piatti scelti con cura e realizzati dai nostri chef. Dopo questa esperienza sarai in grado di fare scelte intelligenti e apportare modifiche al menu finch\u00e9 non si adatter\u00e0 perfettamente ai tuoi gusti e preferenze.<\/p>\r\n\r\n\r\n\r\n<p style=\"font-size: 16px;\">I nostri esperti event manager lavorano duramente dietro le quinte il giorno del vostro matrimonio per assicurarsi che il servizio di catering funzioni senza intoppi. Il nostro team \u00e8 qualificato e presta sempre molta attenzione alle piccole cose, dall'allestimento e presentazione dell'evento con cura al servizio agli ospiti durante l'intero evento. Al termine dei festeggiamenti, il nostro laborioso team si assicura che il luogo sia immacolato durante la pulizia. Puoi essere certo che il tuo servizio di ristorazione si \u00e8 preso cura di tutto alla perfezione, cos\u00ec potrai goderti i ricordi del tuo giorno speciale senza stress.<\/p>\r\n\r\n\r\n\r\n<p style=\"font-size: 16px;\">I nostri catering per matrimoni si impegnano a fornirvi un pasto delizioso e un servizio eccellente, rendendo il giorno del vostro matrimonio davvero memorabile.<\/p>\r\n\r\n<h2 style=\"font-size: 30px;\">Il nostro impegno per l'eccellenza<\/h2>\r\n\r\n<p style=\"font-size: 16px;\">In tutto ci\u00f2 che fa, lo chef Antonio Satriano Casola si impegna a fare il meglio che pu\u00f2. Pensiamo che avere dell'ottimo cibo al tuo matrimonio possa renderlo un'esperienza culinaria indimenticabile. Ci dedichiamo alla qualit\u00e0, che inizia con la ricerca degli ingredienti migliori e continua attraverso l'attenta preparazione e presentazione di ogni cibo.<\/p>\r\n\r\n\r\n\r\n<p style=\"font-size: 16px;\">Al centro di ci\u00f2 che facciamo c'\u00e8 la creativit\u00e0, che ci consente di preparare pasti che soddisfino i tuoi gusti specifici. Ci assicuriamo che il nostro cibo vada ben oltre i vostri standard, sia che desideriate un banchetto tradizionale o una moderna cucina fusion.<\/p>\r\n\r\n\r\n\r\n<p style=\"font-size: 16px;\">Il servizio perfetto \u00e8 una delle cose pi\u00f9 importanti per noi. Dal primo incontro alla pulizia finale, il nostro team si assicura che l'intero processo proceda senza intoppi e che tu e i tuoi ospiti vi divertiate. Adoriamo creare ricordi che dureranno tutta la vita attraverso cibo delizioso e un ottimo servizio, che renderanno il giorno del tuo matrimonio davvero unico.<\/p>\r\n\r\n<h2>Mettiti in contatto oggi<\/h2>\r\n\r\n<p style=\"font-size: 16px;\">Sei pronto per iniziare a pianificare il matrimonio dei tuoi sogni? Se cerchi catering vicino a me per un matrimonio, contattaci subito per fissare un incontro. Lascia che ti aiutiamo a pianificare un pasto che racconti la tua storia d'amore e che la ricordi a lungo ai tuoi ospiti. Possiamo aiutarti a realizzare il tuo obiettivo, sia che tu abbia le idee chiare o che tu abbia bisogno di aiuto.<\/p>\r\n\r\n\r\n\r\n<p style=\"font-size: 16px;\">Don\u2019t forget that your wedding day should be as unique as the love you share. When you hire Chef\u2019s Wedding Catering Service, you can be sure that every detail will be carefully thought out and carried out with love and skill. Find out why we are the best choice for couples who want the best wedding food.<\/p>\r\n\r\n\r\n\r\n<p style=\"font-size: 16px;\">Please call us at +39 3341711330 or email us at<a href=\"mailto:antoniosatriano94@gmail.com\">antoniosatriano94@gmail.com<\/a> to begin. We can&#8217;t wait to be a part of your big day!<\/p>\r\n<\/div>\r\n<\/div>\r\n<\/div>\r\n<\/div>\r\n<\/div>\r\n\r\n\r\n\r\n<div class=\"wp-block-stackable-columns stk-block-columns stk-block stk-ebb5572\" data-block-id=\"ebb5572\">\r\n<div class=\"stk-row stk-inner-blocks stk-block-content stk-content-align stk-ebb5572-column\">\r\n<div class=\"wp-block-stackable-column stk-block-column stk-block-column--v2 stk-column stk-block stk-408af44\" data-block-id=\"408af44\">\r\n<div class=\"stk-column-wrapper stk-block-column__content stk-container stk-408af44-container stk--no-background stk--no-padding\">\r\n<div class=\"stk-block-content stk-inner-blocks stk-408af44-inner-blocks\">\r\n<div class=\"wp-block-stackable-subtitle stk-block-subtitle stk-block stk-ead8605\" data-block-id=\"ead8605\"><style>.stk-ead8605{margin-bottom:20px !important}<\/style>\r\n<p class=\"stk-block-subtitle__text stk-subtitle\">Vuoi sapere di pi\u00f9?<\/p>\r\n<\/div>\r\n\r\n\r\n\r\n<div id=\"contact-me\" class=\"wp-block-stackable-heading stk-block-heading stk-block stk-122bdc2\" data-block-id=\"122bdc2\"><style>.stk-122bdc2{margin-bottom:16px !important}.stk-122bdc2 .stk-block-heading__text{font-size:35px !important;margin:0 !important}@media screen and (max-width:1023px){.stk-122bdc2 .stk-block-heading__text{font-size:35px !important}}<\/style>\r\n<h2 class=\"stk-block-heading__text\">Contattami<\/h2>\r\n<\/div>\r\n\r\n\r\n\r\n<div class=\"wp-block-stackable-text stk-block-text stk-block stk-23f2774\" data-block-id=\"23f2774\"><style>.stk-23f2774 .stk-block-text__text{font-size:18px !important}@media screen and (max-width:1023px){.stk-23f2774 .stk-block-text__text{font-size:18px !important}}<\/style>\r\n<p class=\"stk-block-text__text\">Compilando il form potrai contattarmi e richiedere tutte le informazioni di cui necessiti! Io provveder\u00f2 a risponderti il prima possibile\u2026 Ti aspetto!<\/p>\r\n<\/div>\r\n\r\n\r\n\r\n<p>Telefono:<a href=\"tel:39 3341711330\">39 3341711330<\/a><br \/>Email \u2013\u00a0<a href=\"mailto:antoniosatriano94@gmail.com\">antoniosatriano94@gmail.com<\/a><br \/>Address \u2013 Positano, Amalfi Coast, Italy<\/p>\r\n<\/div>\r\n<\/div>\r\n<\/div>\r\n\r\n<h2>\u00a0<\/h2>\r\n\r\n<div class=\"wp-block-stackable-column stk-block-column stk-block-column--v2 stk-column stk-block stk-eba5332\" data-block-id=\"eba5332\">\r\n<div class=\"stk-column-wrapper stk-block-column__content stk-container stk-eba5332-container stk--no-background stk--no-padding\">\r\n<div class=\"stk-block-content stk-inner-blocks stk-eba5332-inner-blocks\"><div class=\"wpforms-container wpforms-container-full\" id=\"wpforms-343\"><form id=\"wpforms-form-343\" class=\"wpforms-validate wpforms-form wpforms-ajax-form\" data-formid=\"343\" method=\"post\" enctype=\"multipart\/form-data\" action=\"\/it\/wp-json\/wp\/v2\/pages\/1344\" data-token=\"b5188845e6b4a30a305a1e8a1ea4f162\" data-trp-original-action=\"\/it\/wp-json\/wp\/v2\/pages\/1344\"><noscript class=\"wpforms-error-noscript\" data-no-translation=\"\" data-trp-gettext=\"\">Abilita JavaScript nel browser per completare questo modulo.<\/noscript><div class=\"wpforms-field-container\"><div id=\"wpforms-343-field_0-container\" class=\"wpforms-field wpforms-field-name\" data-field-id=\"0\"><label class=\"wpforms-field-label\" for=\"wpforms-343-field_0\">Nome <span class=\"wpforms-required-label\">*<\/span><\/label><div class=\"wpforms-field-row wpforms-field-medium\"><div class=\"wpforms-field-row-block wpforms-first wpforms-one-half\"><input type=\"text\" id=\"wpforms-343-field_0\" class=\"wpforms-field-name-first wpforms-field-required\" name=\"wpforms[fields][0][first]\" required><label for=\"wpforms-343-field_0\" class=\"wpforms-field-sublabel after\" data-no-translation=\"\" data-trp-gettext=\"\">Prima<\/label><\/div><div class=\"wpforms-field-row-block wpforms-one-half\"><input type=\"text\" id=\"wpforms-343-field_0-last\" class=\"wpforms-field-name-last wpforms-field-required\" name=\"wpforms[fields][0][last]\" required><label for=\"wpforms-343-field_0-last\" class=\"wpforms-field-sublabel after\" data-no-translation=\"\" data-trp-gettext=\"\">Scorsa<\/label><\/div><\/div><\/div><div id=\"wpforms-343-field_1-container\" class=\"wpforms-field wpforms-field-email\" data-field-id=\"1\"><label class=\"wpforms-field-label\" for=\"wpforms-343-field_1\">Email <span class=\"wpforms-required-label\">*<\/span><\/label><input type=\"email\" id=\"wpforms-343-field_1\" class=\"wpforms-field-medium wpforms-field-required\" name=\"wpforms[fields][1]\" required><\/div><div id=\"wpforms-343-field_4-container\" class=\"wpforms-field wpforms-field-text\" data-field-id=\"4\"><label class=\"wpforms-field-label\" for=\"wpforms-343-field_4\">Telefono<\/label><input type=\"text\" id=\"wpforms-343-field_4\" class=\"wpforms-field-medium\" name=\"wpforms[fields][4]\" ><\/div><div id=\"wpforms-343-field_5-container\" class=\"wpforms-field wpforms-field-select wpforms-field-select-style-classic\" data-field-id=\"5\"><label class=\"wpforms-field-label\" for=\"wpforms-343-field_5\">Cosa ti interessa? <span class=\"wpforms-required-label\">*<\/span><\/label><select id=\"wpforms-343-field_5\" class=\"wpforms-field-medium wpforms-field-required\" name=\"wpforms[fields][5]\" required=\"required\"><option value=\"Personal Chef\" >Cuoco personale<\/option><option value=\"Gift Card\" >Carta regalo<\/option><option value=\"Cooking Class\" >Corso di cucina<\/option><option value=\"Parties, Events and Ceremonies\" >Feste, Eventi e Cerimonie<\/option><\/select><\/div><div id=\"wpforms-343-field_2-container\" class=\"wpforms-field wpforms-field-textarea\" data-field-id=\"2\"><label class=\"wpforms-field-label\" for=\"wpforms-343-field_2\">Messaggio <span class=\"wpforms-required-label\">*<\/span><\/label><textarea id=\"wpforms-343-field_2\" class=\"wpforms-field-medium wpforms-field-required\" name=\"wpforms[fields][2]\" required><\/textarea><\/div><\/div><div class=\"wpforms-submit-container\"><input type=\"hidden\" name=\"wpforms[id]\" value=\"343\"><input type=\"hidden\" name=\"wpforms[author]\" value=\"1\"><button type=\"submit\" name=\"wpforms[submit]\" id=\"wpforms-submit-343\" class=\"wpforms-submit\" data-alt-text=\"Sending...\" data-submit-text=\"Submit\" aria-live=\"assertive\" value=\"wpforms-submit\">Invia<\/button><img loading=\"lazy\" decoding=\"async\" src=\"https:\/\/chefantoniosatrianocasola.com\/wp-content\/plugins\/wpforms-lite\/assets\/images\/submit-spin.svg\" class=\"wpforms-submit-spinner\" style=\"display: none;\" width=\"26\" height=\"26\" alt=\"Caricamento\" data-no-translation-alt=\"\"><\/div><input type=\"hidden\" name=\"trp-form-language\" value=\"it\"\/><\/form><\/div>  <!-- .wpforms-container --><\/div>\r\n<\/div>\r\n<\/div>\r\n<\/div>\r\n<\/div>","protected":false},"excerpt":{"rendered":"<p>Perfecting Your Special Day with Exceptional Wedding Catering Services All of the food, from the fancy starters to the rich main courses and sweet treats, is made with the best ingredients and a little cooking art. Because we think your wedding menu should really show off your love story, we offer options that can be changed to fit your likes and dietary needs. Our professional staff is dedicated to giving you and your friends smooth service so you can enjoy the party without any worries. Chef Antonio Satriano Casola Wedding Catering Service can turn your special day into a culinary\u2026<\/p>","protected":false},"author":1,"featured_media":0,"parent":0,"menu_order":0,"comment_status":"closed","ping_status":"closed","template":"","meta":{"pgc_sgb_lightbox_settings":"","footnotes":""},"class_list":["post-1344","page","type-page","status-publish","hentry"],"blocksy_meta":{"styles_descriptor":{"styles":{"desktop":"","tablet":"","mobile":""},"google_fonts":[],"version":5}},"featured_image_urls":{"full":"","thumbnail":"","medium":"","medium_large":"","large":"","1536x1536":"","2048x2048":"","trp-custom-language-flag":"","woocommerce_thumbnail":"","woocommerce_single":"","woocommerce_gallery_thumbnail":""},"post_excerpt_stackable":"<p>Perfecting Your Special Day with Exceptional Wedding Catering Services You should show off your own style and taste in every part of your wedding day. We at Chef Antonio Satriano Casola Wedding Catering Service know how important it is to have delicious food and great service. As one of the best wedding caterers, we create unforgettable culinary experiences that please the taste buds and leave a lasting impact. Our team works hard to make meals that are both delicious and beautiful to look at. This will make sure that your guests have an unforgettable dining experience. All of the food,&hellip;<\/p>\n","category_list":"","author_info":{"name":"Satriano99","url":"https:\/\/chefantoniosatrianocasola.com\/it\/author\/satriano99\/"},"comments_num":"0 commenti","_links":{"self":[{"href":"https:\/\/chefantoniosatrianocasola.com\/it\/wp-json\/wp\/v2\/pages\/1344","targetHints":{"allow":["GET"]}}],"collection":[{"href":"https:\/\/chefantoniosatrianocasola.com\/it\/wp-json\/wp\/v2\/pages"}],"about":[{"href":"https:\/\/chefantoniosatrianocasola.com\/it\/wp-json\/wp\/v2\/types\/page"}],"author":[{"embeddable":true,"href":"https:\/\/chefantoniosatrianocasola.com\/it\/wp-json\/wp\/v2\/users\/1"}],"replies":[{"embeddable":true,"href":"https:\/\/chefantoniosatrianocasola.com\/it\/wp-json\/wp\/v2\/comments?post=1344"}],"version-history":[{"count":9,"href":"https:\/\/chefantoniosatrianocasola.com\/it\/wp-json\/wp\/v2\/pages\/1344\/revisions"}],"predecessor-version":[{"id":1423,"href":"https:\/\/chefantoniosatrianocasola.com\/it\/wp-json\/wp\/v2\/pages\/1344\/revisions\/1423"}],"wp:attachment":[{"href":"https:\/\/chefantoniosatrianocasola.com\/it\/wp-json\/wp\/v2\/media?parent=1344"}],"curies":[{"name":"wp","href":"https:\/\/api.w.org\/{rel}","templated":true}]}}